{"id":103,"date":"2020-09-28T09:15:47","date_gmt":"2020-09-28T09:15:47","guid":{"rendered":"https:\/\/wordpress.glaserei-jonny-mueller.de\/?page_id=103"},"modified":"2021-03-01T13:07:54","modified_gmt":"2021-03-01T13:07:54","slug":"fliesenarbeiten","status":"publish","type":"page","link":"https:\/\/glaserei-jonny-mueller.de\/?page_id=103","title":{"rendered":"Balkonverglasungen"},"content":{"rendered":"<div class=\"n2_ss_slider_publish__option_code\" dir=\"ltr\" data-mode=\"id\">\n<h1 dir=\"ltr\" data-mode=\"id\"><span style=\"color: #ff0000;\">Balkonverglasungen<\/span><\/h1>\n<\/div>\n<div dir=\"ltr\" data-mode=\"id\">\n<div id=\"textHG\">\n<div id=\"text\">\n<div class=\"text\">\n<p>Von schlicht bis exklusiv oder ausgefallen&#8230;.Balkone m\u00fcssen nicht langweilig sein. Mit unserer Verglasung erh\u00e4lt jeder Balkon ein individuelles und sch\u00f6nes Aussehen.<\/p>\n<p>Lassen Sie sich von uns beraten. Es stehen Ihnen zur Verglasung Ihres Balkons eine Vielzahl an M\u00f6glichkeiten zur Verf\u00fcgung.<\/p>\n<p>Hier ein kleiner Auszug unseres Repertoires&#8230;<\/p>\n<style type=\"text\/css\" scoped>.rbs_gallery_69f1e12baf185Spinner{\r\n\t\t\t\tmargin: 50px auto;\r\n\t\t\t\twidth: 50px;\r\n\t\t\t\theight: 40px;\r\n\t\t\t\ttext-align: center;\r\n\t\t\t\tfont-size: 10px;\r\n\t\t\t}\r\n\t\t\t.rbs_gallery_69f1e12baf185Spinner > div{\r\n\t\t\t  background-color: #333;\r\n\t\t\t  height: 100%;\r\n\t\t\t  width: 6px;\r\n\t\t\t  display: inline-block;\r\n\t\t\t  -webkit-animation: rbs_gallery_69f1e12baf185-stretchdelay 1.2s infinite ease-in-out;\r\n\t\t\t  animation: rbs_gallery_69f1e12baf185-stretchdelay 1.2s infinite ease-in-out;\r\n\t\t\t}\r\n\t\t\t.rbs_gallery_69f1e12baf185Spinner .rbs_gallery_69f1e12baf185Rect2 {\r\n\t\t\t  -webkit-animation-delay: -1.1s;\r\n\t\t\t  animation-delay: -1.1s;\r\n\t\t\t}\r\n\t\t\t.rbs_gallery_69f1e12baf185Spinner .rbs_gallery_69f1e12baf185Rect3 {\r\n\t\t\t  -webkit-animation-delay: -1.0s;\r\n\t\t\t  animation-delay: -1.0s;\r\n\t\t\t}\r\n\t\t\t.rbs_gallery_69f1e12baf185Spinner .rbs_gallery_69f1e12baf185Rect4 {\r\n\t\t\t  -webkit-animation-delay: -0.9s;\r\n\t\t\t  animation-delay: -0.9s;\r\n\t\t\t}\r\n\t\t\t.rbs_gallery_69f1e12baf185Spinner .rbs_gallery_69f1e12baf185Rect5 {\r\n\t\t\t  -webkit-animation-delay: -0.8s;\r\n\t\t\t  animation-delay: -0.8s;\r\n\t\t\t}\r\n\t\t\t@-webkit-keyframes rbs_gallery_69f1e12baf185-stretchdelay {\r\n\t\t\t  0%, 40%, 100% { -webkit-transform: scaleY(0.4) }  \r\n\t\t\t  20% { -webkit-transform: scaleY(1.0) }\r\n\t\t\t}\r\n\t\t\t@keyframes rbs_gallery_69f1e12baf185-stretchdelay {\r\n\t\t\t  0%, 40%, 100% { \r\n\t\t\t    transform: scaleY(0.4);\r\n\t\t\t    -webkit-transform: scaleY(0.4);\r\n\t\t\t  }  20% { \r\n\t\t\t    transform: scaleY(1.0);\r\n\t\t\t    -webkit-transform: scaleY(1.0);\r\n\t\t\t  }\r\n\t\t\t}\r\n\t\t<\/style><div class=\"robo-gallery-wrap robo-gallery-wrap-id502 robo-gallery-grid\"><div id=\"rbs_gallery_69f1e12baf185-block-loader\" class=\"rbs_gallery_69f1e12baf185Spinner\"><div class=\"rbs_gallery_69f1e12baf185Rect1\"><\/div> <div class=\"rbs_gallery_69f1e12baf185Rect2\"><\/div> <div class=\"rbs_gallery_69f1e12baf185Rect3\"><\/div> <div class=\"rbs_gallery_69f1e12baf185Rect4\"><\/div> <div class=\"rbs_gallery_69f1e12baf185Rect5\"><\/div><\/div><div id=\"robo_gallery_main_block_rbs_gallery_69f1e12baf185\" class=\"robogallery-gallery-502\" style=\"width:100%;  display: none;\"><div id=\"rbs_gallery_69f1e12baf185\" data-options=\"rbs_gallery_69f1e12baf185\" style=\"width:100%;\" class=\"robo_gallery  \"><div class=\"rbs-img  category502 \" ><div class=\"rbs-img-image   rbs-lightbox \" ><div class=\"rbs-img-thumbs\"  data-thumbnail=\"https:\/\/glaserei-jonny-mueller.de\/wp-content\/uploads\/2021\/03\/3-3.jpg\"  title=\"3\"  data-width=\"600\"  data-height=\"450\" ><\/div><div class=\"rbs-img-data-popup\"  data-popup=\"https:\/\/glaserei-jonny-mueller.de\/wp-content\/uploads\/2021\/03\/3-3.jpg\"  title=\"3\" ><\/div><div class=\"thumbnail-overlay\"><div class=\"rbsTitle \">3<\/div><div class=\"rbsIcons\"><i class=\"fa fa-search-plus rbsZoomIcon \" ><\/i><\/div><\/div><\/div><\/div><div class=\"rbs-img  category502 \" ><div class=\"rbs-img-image   rbs-lightbox \" ><div class=\"rbs-img-thumbs\"  data-thumbnail=\"https:\/\/glaserei-jonny-mueller.de\/wp-content\/uploads\/2021\/03\/4-1.jpg\"  title=\"4\"  data-width=\"600\"  data-height=\"450\" ><\/div><div class=\"rbs-img-data-popup\"  data-popup=\"https:\/\/glaserei-jonny-mueller.de\/wp-content\/uploads\/2021\/03\/4-1.jpg\"  title=\"4\" ><\/div><div class=\"thumbnail-overlay\"><div class=\"rbsTitle \">4<\/div><div class=\"rbsIcons\"><i class=\"fa fa-search-plus rbsZoomIcon \" ><\/i><\/div><\/div><\/div><\/div><div class=\"rbs-img  category502 \" ><div class=\"rbs-img-image   rbs-lightbox \" ><div class=\"rbs-img-thumbs\"  data-thumbnail=\"https:\/\/glaserei-jonny-mueller.de\/wp-content\/uploads\/2021\/03\/5-2.jpg\"  title=\"5\"  data-width=\"600\"  data-height=\"450\" ><\/div><div class=\"rbs-img-data-popup\"  data-popup=\"https:\/\/glaserei-jonny-mueller.de\/wp-content\/uploads\/2021\/03\/5-2.jpg\"  title=\"5\" ><\/div><div class=\"thumbnail-overlay\"><div class=\"rbsTitle \">5<\/div><div class=\"rbsIcons\"><i class=\"fa fa-search-plus rbsZoomIcon \" ><\/i><\/div><\/div><\/div><\/div><div class=\"rbs-img  category502 \" ><div class=\"rbs-img-image   rbs-lightbox \" ><div class=\"rbs-img-thumbs\"  data-thumbnail=\"https:\/\/glaserei-jonny-mueller.de\/wp-content\/uploads\/2021\/03\/6-1.jpg\"  title=\"6\"  data-width=\"425\"  data-height=\"282\" ><\/div><div class=\"rbs-img-data-popup\"  data-popup=\"https:\/\/glaserei-jonny-mueller.de\/wp-content\/uploads\/2021\/03\/6-1.jpg\"  title=\"6\" ><\/div><div class=\"thumbnail-overlay\"><div class=\"rbsTitle \">6<\/div><div class=\"rbsIcons\"><i class=\"fa fa-search-plus rbsZoomIcon \" ><\/i><\/div><\/div><\/div><\/div><div class=\"rbs-img  category502 \" ><div class=\"rbs-img-image   rbs-lightbox \" ><div class=\"rbs-img-thumbs\"  data-thumbnail=\"https:\/\/glaserei-jonny-mueller.de\/wp-content\/uploads\/2021\/03\/1-3.jpg\"  title=\"1\"  data-width=\"600\"  data-height=\"450\" ><\/div><div class=\"rbs-img-data-popup\"  data-popup=\"https:\/\/glaserei-jonny-mueller.de\/wp-content\/uploads\/2021\/03\/1-3.jpg\"  title=\"1\" ><\/div><div class=\"thumbnail-overlay\"><div class=\"rbsTitle \">1<\/div><div class=\"rbsIcons\"><i class=\"fa fa-search-plus rbsZoomIcon \" ><\/i><\/div><\/div><\/div><\/div><div class=\"rbs-img  category502 \" ><div class=\"rbs-img-image   rbs-lightbox \" ><div class=\"rbs-img-thumbs\"  data-thumbnail=\"https:\/\/glaserei-jonny-mueller.de\/wp-content\/uploads\/2021\/03\/2-2.jpg\"  title=\"2\"  data-width=\"600\"  data-height=\"447\" ><\/div><div class=\"rbs-img-data-popup\"  data-popup=\"https:\/\/glaserei-jonny-mueller.de\/wp-content\/uploads\/2021\/03\/2-2.jpg\"  title=\"2\" ><\/div><div class=\"thumbnail-overlay\"><div class=\"rbsTitle \">2<\/div><div class=\"rbsIcons\"><i class=\"fa fa-search-plus rbsZoomIcon \" ><\/i><\/div><\/div><\/div><\/div><\/div><\/div><\/div><script>var rbs_gallery_69f1e12baf185 = {\"version\":\"3.0.5\",\"id\":502,\"class\":\"id502\",\"roboGalleryDelay\":1000,\"mainContainer\":\"#robo_gallery_main_block_rbs_gallery_69f1e12baf185\",\"columnWidth\":\"auto\",\"columns\":3,\"resolutions\":[{\"columnWidth\":\"auto\",\"columns\":3,\"maxWidth\":960},{\"columnWidth\":\"auto\",\"columns\":2,\"maxWidth\":650},{\"columnWidth\":\"auto\",\"columns\":1,\"maxWidth\":450}],\"loadingContainer\":\"#rbs_gallery_69f1e12baf185-block-loader\",\"deepLinking\":null,\"lightboxOptions\":{\"gallery\":{\"enabled\":true,\"tCounter\":\"%curr% of %total%\"}},\"overlayEffect\":\"direction-aware-fade\",\"boxesToLoadStart\":12,\"boxesToLoad\":8,\"lazyLoad\":1,\"waitUntilThumbLoads\":1,\"waitForAllThumbsNoMatterWhat\":null,\"LoadingWord\":\"Loading...\",\"loadMoreWord\":\"Load More\",\"noMoreEntriesWord\":\"No More Entries\",\"horizontalSpaceBetweenBoxes\":15,\"verticalSpaceBetweenBoxes\":15,\"wrapContainer\":\"#robo-gallery-wrap-rbs_gallery_69f1e12baf185\"};<\/script>\n<\/div>\n<\/div>\n<\/div>\n<div id=\"footer\"><\/div>\n<p><span class=\"_5yl5\"><strong>\u00a0<\/strong><\/span><\/p>\n<\/div>\n<div dir=\"ltr\" data-mode=\"id\"><span class=\"_5yl5\"><strong>\u00a0<\/strong><\/span><\/div>\n","protected":false},"excerpt":{"rendered":"<p>Balkonverglasungen Von schlicht bis exklusiv oder ausgefallen&#8230;.Balkone m\u00fcssen nicht langweilig sein. Mit unserer Verglasung erh\u00e4lt jeder Balkon ein individuelles und sch\u00f6nes Aussehen. Lassen Sie sich von uns beraten. Es stehen Ihnen zur Verglasung Ihres Balkons eine Vielzahl an M\u00f6glichkeiten zur Verf\u00fcgung. Hier ein kleiner Auszug unseres Repertoires&#8230; \u00a0 \u00a0<\/p>\n","protected":false},"author":1,"featured_media":0,"parent":0,"menu_order":0,"comment_status":"closed","ping_status":"closed","template":"","meta":{"footnotes":""},"class_list":["post-103","page","type-page","status-publish"],"yoast_head":"<!-- This site is optimized with the Yoast SEO plugin v26.8 - https:\/\/yoast.com\/product\/yoast-seo-wordpress\/ -->\n<title>Balkonverglasungen - Glaserei Jonny W. M\u00fcller GmbH<\/title>\n<meta name=\"robots\" content=\"index, follow, max-snippet:-1, max-image-preview:large, max-video-preview:-1\" \/>\n<link rel=\"canonical\" href=\"https:\/\/glaserei-jonny-mueller.de\/?page_id=103\" \/>\n<meta property=\"og:locale\" content=\"de_DE\" \/>\n<meta property=\"og:type\" content=\"article\" \/>\n<meta property=\"og:title\" content=\"Balkonverglasungen - Glaserei Jonny W. M\u00fcller GmbH\" \/>\n<meta property=\"og:description\" content=\"Balkonverglasungen Von schlicht bis exklusiv oder ausgefallen&#8230;.Balkone m\u00fcssen nicht langweilig sein. Mit unserer Verglasung erh\u00e4lt jeder Balkon ein individuelles und sch\u00f6nes Aussehen. Lassen Sie sich von uns beraten. Es stehen Ihnen zur Verglasung Ihres Balkons eine Vielzahl an M\u00f6glichkeiten zur Verf\u00fcgung. Hier ein kleiner Auszug unseres Repertoires&#8230; \u00a0 \u00a0\" \/>\n<meta property=\"og:url\" content=\"https:\/\/glaserei-jonny-mueller.de\/?page_id=103\" \/>\n<meta property=\"og:site_name\" content=\"Glaserei Jonny W. M\u00fcller GmbH\" \/>\n<meta property=\"article:modified_time\" content=\"2021-03-01T13:07:54+00:00\" \/>\n<meta name=\"twitter:card\" content=\"summary_large_image\" \/>\n<meta name=\"twitter:label1\" content=\"Gesch\u00e4tzte Lesezeit\" \/>\n\t<meta name=\"twitter:data1\" content=\"1\u00a0Minute\" \/>\n<script type=\"application\/ld+json\" class=\"yoast-schema-graph\">{\"@context\":\"https:\/\/schema.org\",\"@graph\":[{\"@type\":\"WebPage\",\"@id\":\"https:\/\/glaserei-jonny-mueller.de\/?page_id=103\",\"url\":\"https:\/\/glaserei-jonny-mueller.de\/?page_id=103\",\"name\":\"Balkonverglasungen - Glaserei Jonny W. M\u00fcller GmbH\",\"isPartOf\":{\"@id\":\"https:\/\/glaserei-jonny-mueller.de\/#website\"},\"datePublished\":\"2020-09-28T09:15:47+00:00\",\"dateModified\":\"2021-03-01T13:07:54+00:00\",\"breadcrumb\":{\"@id\":\"https:\/\/glaserei-jonny-mueller.de\/?page_id=103#breadcrumb\"},\"inLanguage\":\"de\",\"potentialAction\":[{\"@type\":\"ReadAction\",\"target\":[\"https:\/\/glaserei-jonny-mueller.de\/?page_id=103\"]}]},{\"@type\":\"BreadcrumbList\",\"@id\":\"https:\/\/glaserei-jonny-mueller.de\/?page_id=103#breadcrumb\",\"itemListElement\":[{\"@type\":\"ListItem\",\"position\":1,\"name\":\"Startseite\",\"item\":\"https:\/\/glaserei-jonny-mueller.de\/\"},{\"@type\":\"ListItem\",\"position\":2,\"name\":\"Balkonverglasungen\"}]},{\"@type\":\"WebSite\",\"@id\":\"https:\/\/glaserei-jonny-mueller.de\/#website\",\"url\":\"https:\/\/glaserei-jonny-mueller.de\/\",\"name\":\"Glaserei Jonny W. M\u00fcller GmbH\",\"description\":\"Ein Fall f\u00fcr Jonny\",\"publisher\":{\"@id\":\"https:\/\/glaserei-jonny-mueller.de\/#organization\"},\"potentialAction\":[{\"@type\":\"SearchAction\",\"target\":{\"@type\":\"EntryPoint\",\"urlTemplate\":\"https:\/\/glaserei-jonny-mueller.de\/?s={search_term_string}\"},\"query-input\":{\"@type\":\"PropertyValueSpecification\",\"valueRequired\":true,\"valueName\":\"search_term_string\"}}],\"inLanguage\":\"de\"},{\"@type\":\"Organization\",\"@id\":\"https:\/\/glaserei-jonny-mueller.de\/#organization\",\"name\":\"hanseatische baudienstleistungs GmbH\",\"url\":\"https:\/\/glaserei-jonny-mueller.de\/\",\"logo\":{\"@type\":\"ImageObject\",\"inLanguage\":\"de\",\"@id\":\"https:\/\/glaserei-jonny-mueller.de\/#\/schema\/logo\/image\/\",\"url\":\"\",\"contentUrl\":\"\",\"caption\":\"hanseatische baudienstleistungs GmbH\"},\"image\":{\"@id\":\"https:\/\/glaserei-jonny-mueller.de\/#\/schema\/logo\/image\/\"}}]}<\/script>\n<!-- \/ Yoast SEO plugin. -->","yoast_head_json":{"title":"Balkonverglasungen - Glaserei Jonny W. M\u00fcller GmbH","robots":{"index":"index","follow":"follow","max-snippet":"max-snippet:-1","max-image-preview":"max-image-preview:large","max-video-preview":"max-video-preview:-1"},"canonical":"https:\/\/glaserei-jonny-mueller.de\/?page_id=103","og_locale":"de_DE","og_type":"article","og_title":"Balkonverglasungen - Glaserei Jonny W. M\u00fcller GmbH","og_description":"Balkonverglasungen Von schlicht bis exklusiv oder ausgefallen&#8230;.Balkone m\u00fcssen nicht langweilig sein. Mit unserer Verglasung erh\u00e4lt jeder Balkon ein individuelles und sch\u00f6nes Aussehen. Lassen Sie sich von uns beraten. Es stehen Ihnen zur Verglasung Ihres Balkons eine Vielzahl an M\u00f6glichkeiten zur Verf\u00fcgung. Hier ein kleiner Auszug unseres Repertoires&#8230; \u00a0 \u00a0","og_url":"https:\/\/glaserei-jonny-mueller.de\/?page_id=103","og_site_name":"Glaserei Jonny W. M\u00fcller GmbH","article_modified_time":"2021-03-01T13:07:54+00:00","twitter_card":"summary_large_image","twitter_misc":{"Gesch\u00e4tzte Lesezeit":"1\u00a0Minute"},"schema":{"@context":"https:\/\/schema.org","@graph":[{"@type":"WebPage","@id":"https:\/\/glaserei-jonny-mueller.de\/?page_id=103","url":"https:\/\/glaserei-jonny-mueller.de\/?page_id=103","name":"Balkonverglasungen - Glaserei Jonny W. M\u00fcller GmbH","isPartOf":{"@id":"https:\/\/glaserei-jonny-mueller.de\/#website"},"datePublished":"2020-09-28T09:15:47+00:00","dateModified":"2021-03-01T13:07:54+00:00","breadcrumb":{"@id":"https:\/\/glaserei-jonny-mueller.de\/?page_id=103#breadcrumb"},"inLanguage":"de","potentialAction":[{"@type":"ReadAction","target":["https:\/\/glaserei-jonny-mueller.de\/?page_id=103"]}]},{"@type":"BreadcrumbList","@id":"https:\/\/glaserei-jonny-mueller.de\/?page_id=103#breadcrumb","itemListElement":[{"@type":"ListItem","position":1,"name":"Startseite","item":"https:\/\/glaserei-jonny-mueller.de\/"},{"@type":"ListItem","position":2,"name":"Balkonverglasungen"}]},{"@type":"WebSite","@id":"https:\/\/glaserei-jonny-mueller.de\/#website","url":"https:\/\/glaserei-jonny-mueller.de\/","name":"Glaserei Jonny W. M\u00fcller GmbH","description":"Ein Fall f\u00fcr Jonny","publisher":{"@id":"https:\/\/glaserei-jonny-mueller.de\/#organization"},"potentialAction":[{"@type":"SearchAction","target":{"@type":"EntryPoint","urlTemplate":"https:\/\/glaserei-jonny-mueller.de\/?s={search_term_string}"},"query-input":{"@type":"PropertyValueSpecification","valueRequired":true,"valueName":"search_term_string"}}],"inLanguage":"de"},{"@type":"Organization","@id":"https:\/\/glaserei-jonny-mueller.de\/#organization","name":"hanseatische baudienstleistungs GmbH","url":"https:\/\/glaserei-jonny-mueller.de\/","logo":{"@type":"ImageObject","inLanguage":"de","@id":"https:\/\/glaserei-jonny-mueller.de\/#\/schema\/logo\/image\/","url":"","contentUrl":"","caption":"hanseatische baudienstleistungs GmbH"},"image":{"@id":"https:\/\/glaserei-jonny-mueller.de\/#\/schema\/logo\/image\/"}}]}},"_links":{"self":[{"href":"https:\/\/glaserei-jonny-mueller.de\/index.php?rest_route=\/wp\/v2\/pages\/103","targetHints":{"allow":["GET"]}}],"collection":[{"href":"https:\/\/glaserei-jonny-mueller.de\/index.php?rest_route=\/wp\/v2\/pages"}],"about":[{"href":"https:\/\/glaserei-jonny-mueller.de\/index.php?rest_route=\/wp\/v2\/types\/page"}],"author":[{"embeddable":true,"href":"https:\/\/glaserei-jonny-mueller.de\/index.php?rest_route=\/wp\/v2\/users\/1"}],"replies":[{"embeddable":true,"href":"https:\/\/glaserei-jonny-mueller.de\/index.php?rest_route=%2Fwp%2Fv2%2Fcomments&post=103"}],"version-history":[{"count":10,"href":"https:\/\/glaserei-jonny-mueller.de\/index.php?rest_route=\/wp\/v2\/pages\/103\/revisions"}],"predecessor-version":[{"id":509,"href":"https:\/\/glaserei-jonny-mueller.de\/index.php?rest_route=\/wp\/v2\/pages\/103\/revisions\/509"}],"wp:attachment":[{"href":"https:\/\/glaserei-jonny-mueller.de\/index.php?rest_route=%2Fwp%2Fv2%2Fmedia&parent=103"}],"curies":[{"name":"wp","href":"https:\/\/api.w.org\/{rel}","templated":true}]}}