{"id":38,"date":"2020-09-24T09:13:07","date_gmt":"2020-09-24T09:13:07","guid":{"rendered":"https:\/\/wordpress.glaserei-jonny-mueller.de\/?page_id=38"},"modified":"2022-04-28T09:18:16","modified_gmt":"2022-04-28T09:18:16","slug":"impressum-kontakt","status":"publish","type":"page","link":"https:\/\/glaserei-jonny-mueller.de\/?page_id=38","title":{"rendered":"Impressum\/Kontakt"},"content":{"rendered":"<div class=\"entry-content\">\n<div id=\"textHG\">\n<div id=\"text\">\n<div class=\"text\">\n<h1><span style=\"color: #ff0000;\">Glaserei Jonny W. M\u00fcller GmbH<\/span><\/h1>\n<p>Kirchweg 98<br \/>\n24558 Henstedt &#8211; Ulzburg<br \/>\nTel.: 04193 &#8211; 4821<br \/>\nFax: 04193 &#8211; 93221<\/p>\n<p>Neum\u00fcnster<br \/>\nTel.: 04321-9818669<\/p>\n<p>E-Mail: <a href=\"mailto:info@glaserei-jonny-mueller.de\">info@glaserei-jonny-mueller.de<\/a><\/p>\n<h2><span style=\"color: #ff0000;\">Unsere \u00d6ffnungszeiten:<\/span><\/h2>\n<\/div>\n<div class=\"text\">\n<p>Montag &#8211; Donnerstag: 8.00 &#8211; 13.00 und 14.00 &#8211; 16.30 Uhr<\/p>\n<p>Freitag:\u00a0\u00a0\u00a0\u00a0\u00a0\u00a0\u00a0\u00a0\u00a0\u00a0\u00a0\u00a0\u00a0\u00a0\u00a0 \u00a0 \u00a0\u00a0\u00a0\u00a0\u00a08.00 &#8211; 13.00 Uhr<\/p>\n<p>Vertretungsberechtigter Gesch\u00e4ftsf\u00fchrer:<br \/>\n<strong>Sven Zarpe<\/strong><\/p>\n<p>Registergericht: Amtsgericht Norderstedt<br \/>\nRegisternummer: HRB 3167\/BB<br \/>\nUmsatzsteuer- Identifikationsnummer: DE-275460042<\/p>\n<p class=\"no-margin\"><strong>Bildnachweis<\/strong><span class=\"blue bleu-de-france-text\" data-t=\"detail-panel-content-author-name\"><br \/>\n<a class=\"blue bleu-de-france-text\" href=\"https:\/\/stock.adobe.com\/de\/contributor\/54940\/jro-grafik?load_type=author&amp;prev_url=detail\">jro-grafik <\/a><\/span> stock.adobe.com<br \/>\n<span class=\"blue bleu-de-france-text\" data-t=\"detail-panel-content-author-name\"> <a class=\"blue bleu-de-france-text\" href=\"https:\/\/stock.adobe.com\/de\/contributor\/207872258\/anselm?load_type=author&amp;prev_url=detail\"> Anselm <\/a>stock.adobe.com<br \/>\n<\/span><span class=\"blue bleu-de-france-text\" data-t=\"detail-panel-content-author-name\"><a class=\"blue bleu-de-france-text\" href=\"https:\/\/stock.adobe.com\/de\/contributor\/201727788\/magdalena-fischer?load_type=author&amp;prev_url=detail\">Magdalena Fischer<\/a><\/span> stock.adobe.com<\/p>\n<p>Techn. Realisation: <a href=\"http:\/\/www.seitenbox.de\" target=\"_blank\" rel=\"noopener\">SeitenBox<\/a><\/p>\n<\/div>\n<\/div>\n<\/div>\n<\/div>\n<p>&nbsp;<\/p>\n<p><iframe loading=\"lazy\" style=\"border: 0;\" src=\"https:\/\/www.google.com\/maps\/embed?pb=!1m18!1m12!1m3!1d2356.1396463786873!2d9.976069915855778!3d53.80479878007767!2m3!1f0!2f0!3f0!3m2!1i1024!2i768!4f13.1!3m3!1m2!1s0x47b22fabeb6bd80b%3A0xd3d1d79d7d4e0c39!2sKirchweg%2098%2C%2024558%20Henstedt-Ulzburg!5e0!3m2!1sde!2sde!4v1614506459731!5m2!1sde!2sde\" width=\"1000\" height=\"450\" allowfullscreen=\"allowfullscreen\"><\/iframe><\/p>\n<p>&nbsp;<\/p>\n<h2><span style=\"color: #ff0000;\">Haftungsausschluss<\/span><\/h2>\n<p>Wir freuen uns \u00fcber Ihr Interesse an unserer Homepage und unserem Unternehmen. F\u00fcr externe Links zu fremden Inhalten k\u00f6nnen wir dabei trotz sorgf\u00e4ltiger inhaltlicher Kontrolle keine Haftung \u00fcbernehmen. Diese Feststellung gilt f\u00fcr alle innerhalb unseres Internetangebotes gesetzten Links und Verweise. Bitte informieren Sie uns, falls Sie der Ansicht sind, eine von uns verlinkte Internetseite enthalte illegale, anst\u00f6\u00dfige oder wettbewerbswidrige Inhalte, damit wir den Sachverhalt pr\u00fcfen und den Link gegebenenfalls entfernen k\u00f6nnen.<\/p>\n","protected":false},"excerpt":{"rendered":"<p>Glaserei Jonny W. M\u00fcller GmbH Kirchweg 98 24558 Henstedt &#8211; Ulzburg Tel.: 04193 &#8211; 4821 Fax: 04193 &#8211; 93221 Neum\u00fcnster Tel.: 04321-9818669 E-Mail: info@glaserei-jonny-mueller.de Unsere \u00d6ffnungszeiten: Montag &#8211; Donnerstag: 8.00 &#8211; 13.00 und 14.00 &#8211; 16.30 Uhr Freitag:\u00a0\u00a0\u00a0\u00a0\u00a0\u00a0\u00a0\u00a0\u00a0\u00a0\u00a0\u00a0\u00a0\u00a0\u00a0 \u00a0 \u00a0\u00a0\u00a0\u00a0\u00a08.00 &#8211; 13.00 Uhr Vertretungsberechtigter Gesch\u00e4ftsf\u00fchrer: Sven Zarpe Registergericht: Amtsgericht Norderstedt Registernummer: HRB 3167\/BB Umsatzsteuer- Identifikationsnummer: &#8230; <a title=\"Impressum\/Kontakt\" class=\"read-more\" href=\"https:\/\/glaserei-jonny-mueller.de\/?page_id=38\">Weiterlesen &#8230;<\/a><\/p>\n","protected":false},"author":1,"featured_media":0,"parent":0,"menu_order":0,"comment_status":"closed","ping_status":"closed","template":"","meta":{"footnotes":""},"class_list":["post-38","page","type-page","status-publish"],"yoast_head":"<!-- This site is optimized with the Yoast SEO plugin v26.8 - https:\/\/yoast.com\/product\/yoast-seo-wordpress\/ -->\n<title>Impressum\/Kontakt - Glaserei Jonny W. M\u00fcller GmbH<\/title>\n<meta name=\"robots\" content=\"index, follow, max-snippet:-1, max-image-preview:large, max-video-preview:-1\" \/>\n<link rel=\"canonical\" href=\"https:\/\/glaserei-jonny-mueller.de\/?page_id=38\" \/>\n<meta property=\"og:locale\" content=\"de_DE\" \/>\n<meta property=\"og:type\" content=\"article\" \/>\n<meta property=\"og:title\" content=\"Impressum\/Kontakt - Glaserei Jonny W. M\u00fcller GmbH\" \/>\n<meta property=\"og:description\" content=\"Glaserei Jonny W. M\u00fcller GmbH Kirchweg 98 24558 Henstedt &#8211; Ulzburg Tel.: 04193 &#8211; 4821 Fax: 04193 &#8211; 93221 Neum\u00fcnster Tel.: 04321-9818669 E-Mail: info@glaserei-jonny-mueller.de Unsere \u00d6ffnungszeiten: Montag &#8211; Donnerstag: 8.00 &#8211; 13.00 und 14.00 &#8211; 16.30 Uhr Freitag:\u00a0\u00a0\u00a0\u00a0\u00a0\u00a0\u00a0\u00a0\u00a0\u00a0\u00a0\u00a0\u00a0\u00a0\u00a0 \u00a0 \u00a0\u00a0\u00a0\u00a0\u00a08.00 &#8211; 13.00 Uhr Vertretungsberechtigter Gesch\u00e4ftsf\u00fchrer: Sven Zarpe Registergericht: Amtsgericht Norderstedt Registernummer: HRB 3167\/BB Umsatzsteuer- Identifikationsnummer: ... Weiterlesen ...\" \/>\n<meta property=\"og:url\" content=\"https:\/\/glaserei-jonny-mueller.de\/?page_id=38\" \/>\n<meta property=\"og:site_name\" content=\"Glaserei Jonny W. M\u00fcller GmbH\" \/>\n<meta property=\"article:modified_time\" content=\"2022-04-28T09:18:16+00:00\" \/>\n<meta name=\"twitter:card\" content=\"summary_large_image\" \/>\n<meta name=\"twitter:label1\" content=\"Gesch\u00e4tzte Lesezeit\" \/>\n\t<meta name=\"twitter:data1\" content=\"1\u00a0Minute\" \/>\n<script type=\"application\/ld+json\" class=\"yoast-schema-graph\">{\"@context\":\"https:\/\/schema.org\",\"@graph\":[{\"@type\":\"WebPage\",\"@id\":\"https:\/\/glaserei-jonny-mueller.de\/?page_id=38\",\"url\":\"https:\/\/glaserei-jonny-mueller.de\/?page_id=38\",\"name\":\"Impressum\/Kontakt - Glaserei Jonny W. M\u00fcller GmbH\",\"isPartOf\":{\"@id\":\"https:\/\/glaserei-jonny-mueller.de\/#website\"},\"datePublished\":\"2020-09-24T09:13:07+00:00\",\"dateModified\":\"2022-04-28T09:18:16+00:00\",\"breadcrumb\":{\"@id\":\"https:\/\/glaserei-jonny-mueller.de\/?page_id=38#breadcrumb\"},\"inLanguage\":\"de\",\"potentialAction\":[{\"@type\":\"ReadAction\",\"target\":[\"https:\/\/glaserei-jonny-mueller.de\/?page_id=38\"]}]},{\"@type\":\"BreadcrumbList\",\"@id\":\"https:\/\/glaserei-jonny-mueller.de\/?page_id=38#breadcrumb\",\"itemListElement\":[{\"@type\":\"ListItem\",\"position\":1,\"name\":\"Startseite\",\"item\":\"https:\/\/glaserei-jonny-mueller.de\/\"},{\"@type\":\"ListItem\",\"position\":2,\"name\":\"Impressum\/Kontakt\"}]},{\"@type\":\"WebSite\",\"@id\":\"https:\/\/glaserei-jonny-mueller.de\/#website\",\"url\":\"https:\/\/glaserei-jonny-mueller.de\/\",\"name\":\"Glaserei Jonny W. M\u00fcller GmbH\",\"description\":\"Ein Fall f\u00fcr Jonny\",\"publisher\":{\"@id\":\"https:\/\/glaserei-jonny-mueller.de\/#organization\"},\"potentialAction\":[{\"@type\":\"SearchAction\",\"target\":{\"@type\":\"EntryPoint\",\"urlTemplate\":\"https:\/\/glaserei-jonny-mueller.de\/?s={search_term_string}\"},\"query-input\":{\"@type\":\"PropertyValueSpecification\",\"valueRequired\":true,\"valueName\":\"search_term_string\"}}],\"inLanguage\":\"de\"},{\"@type\":\"Organization\",\"@id\":\"https:\/\/glaserei-jonny-mueller.de\/#organization\",\"name\":\"hanseatische baudienstleistungs GmbH\",\"url\":\"https:\/\/glaserei-jonny-mueller.de\/\",\"logo\":{\"@type\":\"ImageObject\",\"inLanguage\":\"de\",\"@id\":\"https:\/\/glaserei-jonny-mueller.de\/#\/schema\/logo\/image\/\",\"url\":\"\",\"contentUrl\":\"\",\"caption\":\"hanseatische baudienstleistungs GmbH\"},\"image\":{\"@id\":\"https:\/\/glaserei-jonny-mueller.de\/#\/schema\/logo\/image\/\"}}]}<\/script>\n<!-- \/ Yoast SEO plugin. -->","yoast_head_json":{"title":"Impressum\/Kontakt - Glaserei Jonny W. M\u00fcller GmbH","robots":{"index":"index","follow":"follow","max-snippet":"max-snippet:-1","max-image-preview":"max-image-preview:large","max-video-preview":"max-video-preview:-1"},"canonical":"https:\/\/glaserei-jonny-mueller.de\/?page_id=38","og_locale":"de_DE","og_type":"article","og_title":"Impressum\/Kontakt - Glaserei Jonny W. M\u00fcller GmbH","og_description":"Glaserei Jonny W. M\u00fcller GmbH Kirchweg 98 24558 Henstedt &#8211; Ulzburg Tel.: 04193 &#8211; 4821 Fax: 04193 &#8211; 93221 Neum\u00fcnster Tel.: 04321-9818669 E-Mail: info@glaserei-jonny-mueller.de Unsere \u00d6ffnungszeiten: Montag &#8211; Donnerstag: 8.00 &#8211; 13.00 und 14.00 &#8211; 16.30 Uhr Freitag:\u00a0\u00a0\u00a0\u00a0\u00a0\u00a0\u00a0\u00a0\u00a0\u00a0\u00a0\u00a0\u00a0\u00a0\u00a0 \u00a0 \u00a0\u00a0\u00a0\u00a0\u00a08.00 &#8211; 13.00 Uhr Vertretungsberechtigter Gesch\u00e4ftsf\u00fchrer: Sven Zarpe Registergericht: Amtsgericht Norderstedt Registernummer: HRB 3167\/BB Umsatzsteuer- Identifikationsnummer: ... Weiterlesen ...","og_url":"https:\/\/glaserei-jonny-mueller.de\/?page_id=38","og_site_name":"Glaserei Jonny W. M\u00fcller GmbH","article_modified_time":"2022-04-28T09:18:16+00:00","twitter_card":"summary_large_image","twitter_misc":{"Gesch\u00e4tzte Lesezeit":"1\u00a0Minute"},"schema":{"@context":"https:\/\/schema.org","@graph":[{"@type":"WebPage","@id":"https:\/\/glaserei-jonny-mueller.de\/?page_id=38","url":"https:\/\/glaserei-jonny-mueller.de\/?page_id=38","name":"Impressum\/Kontakt - Glaserei Jonny W. M\u00fcller GmbH","isPartOf":{"@id":"https:\/\/glaserei-jonny-mueller.de\/#website"},"datePublished":"2020-09-24T09:13:07+00:00","dateModified":"2022-04-28T09:18:16+00:00","breadcrumb":{"@id":"https:\/\/glaserei-jonny-mueller.de\/?page_id=38#breadcrumb"},"inLanguage":"de","potentialAction":[{"@type":"ReadAction","target":["https:\/\/glaserei-jonny-mueller.de\/?page_id=38"]}]},{"@type":"BreadcrumbList","@id":"https:\/\/glaserei-jonny-mueller.de\/?page_id=38#breadcrumb","itemListElement":[{"@type":"ListItem","position":1,"name":"Startseite","item":"https:\/\/glaserei-jonny-mueller.de\/"},{"@type":"ListItem","position":2,"name":"Impressum\/Kontakt"}]},{"@type":"WebSite","@id":"https:\/\/glaserei-jonny-mueller.de\/#website","url":"https:\/\/glaserei-jonny-mueller.de\/","name":"Glaserei Jonny W. M\u00fcller GmbH","description":"Ein Fall f\u00fcr Jonny","publisher":{"@id":"https:\/\/glaserei-jonny-mueller.de\/#organization"},"potentialAction":[{"@type":"SearchAction","target":{"@type":"EntryPoint","urlTemplate":"https:\/\/glaserei-jonny-mueller.de\/?s={search_term_string}"},"query-input":{"@type":"PropertyValueSpecification","valueRequired":true,"valueName":"search_term_string"}}],"inLanguage":"de"},{"@type":"Organization","@id":"https:\/\/glaserei-jonny-mueller.de\/#organization","name":"hanseatische baudienstleistungs GmbH","url":"https:\/\/glaserei-jonny-mueller.de\/","logo":{"@type":"ImageObject","inLanguage":"de","@id":"https:\/\/glaserei-jonny-mueller.de\/#\/schema\/logo\/image\/","url":"","contentUrl":"","caption":"hanseatische baudienstleistungs GmbH"},"image":{"@id":"https:\/\/glaserei-jonny-mueller.de\/#\/schema\/logo\/image\/"}}]}},"_links":{"self":[{"href":"https:\/\/glaserei-jonny-mueller.de\/index.php?rest_route=\/wp\/v2\/pages\/38","targetHints":{"allow":["GET"]}}],"collection":[{"href":"https:\/\/glaserei-jonny-mueller.de\/index.php?rest_route=\/wp\/v2\/pages"}],"about":[{"href":"https:\/\/glaserei-jonny-mueller.de\/index.php?rest_route=\/wp\/v2\/types\/page"}],"author":[{"embeddable":true,"href":"https:\/\/glaserei-jonny-mueller.de\/index.php?rest_route=\/wp\/v2\/users\/1"}],"replies":[{"embeddable":true,"href":"https:\/\/glaserei-jonny-mueller.de\/index.php?rest_route=%2Fwp%2Fv2%2Fcomments&post=38"}],"version-history":[{"count":16,"href":"https:\/\/glaserei-jonny-mueller.de\/index.php?rest_route=\/wp\/v2\/pages\/38\/revisions"}],"predecessor-version":[{"id":758,"href":"https:\/\/glaserei-jonny-mueller.de\/index.php?rest_route=\/wp\/v2\/pages\/38\/revisions\/758"}],"wp:attachment":[{"href":"https:\/\/glaserei-jonny-mueller.de\/index.php?rest_route=%2Fwp%2Fv2%2Fmedia&parent=38"}],"curies":[{"name":"wp","href":"https:\/\/api.w.org\/{rel}","templated":true}]}}