{"id":416,"date":"2021-02-27T11:25:03","date_gmt":"2021-02-27T11:25:03","guid":{"rendered":"https:\/\/wordpress.glaserei-jonny-mueller.de\/?page_id=416"},"modified":"2021-03-02T07:54:32","modified_gmt":"2021-03-02T07:54:32","slug":"agb","status":"publish","type":"page","link":"https:\/\/glaserei-jonny-mueller.de\/?page_id=416","title":{"rendered":"AGB"},"content":{"rendered":"<h2><span style=\"color: #ff0000;\">ALLGEMEINE GESCH\u00c4FTSBEDINGUNGEN<\/span><br \/>\n<span style=\"color: #ff0000;\">1. Anwendungsbereich<\/span><\/h2>\n<p>1.1.<\/p>\n<p>Die nachstehenden Allgemeinen Gesch\u00e4ftsbedingungen gelten f\u00fcr alle unsere Lieferungen und Leistungen. F\u00fcr Werkvertr\u00e4ge gelten erg\u00e4nzend die unter Teil II aufgef\u00fchrten Besonderen Bestimmungen sowie, wenn es sich um Bauleistungen handelt, die \u201eVerdingungsordnung f\u00fcr Bauleistungen (VOB), Teil B und C\u201c. F\u00fcr Lie-ferungen ohne Einbau (Warenlieferungen) sind erg\u00e4nzend die unter Teil III dieserAllgemeinen Gesch\u00e4ftsbedingungen aufgef\u00fchrten Bedingungen anzuwenden.<\/p>\n<p>Die VOB ist im Buchhandel erh\u00e4ltlich; sie kann im \u00dcbrigen bei uns eingesehen werden.<\/p>\n<p>1.2.<\/p>\n<p>Entgegenstehende Allgemeine Gesch\u00e4ftsbedingungen des Bestellers gelten nur, sowie sie von uns ausdr\u00fccklich und schriftlich anerkannt werden.<\/p>\n<p>1.3.<\/p>\n<p>Nebenabreden und \u00c4nderungen bed\u00fcrfen zu ihrer Wirksamkeit unserer schriftlichen Best\u00e4tigung.<\/p>\n<p><span style=\"color: #ff0000;\">TEIL I<\/span><br \/>\n<span style=\"color: #ff0000;\">ALLGEMEINE BESTIMMUNGEN<\/span><\/p>\n<p>2. Angebote<\/p>\n<p>2.1.<\/p>\n<p>Wird das Angebot aufgrund von Unterlagen des Auftraggebers wie Abbildungen und Zeichnungen einschlie\u00dflich Ma\u00dfangaben erstellt, so sind diese Unterlagen nur verbindlich, wenn im Angebot auf sie Bezug genommen wird.<\/p>\n<p>2.2.<\/p>\n<p>Das Eigentums- und Urheberrecht an Kostenvoranschl\u00e4gen sowie den von uns erstellten Zeichnungen und anderen Unterlagen behalten wir uns vor. Sie gehen nach Bezahlung in das Eigentum des Auftraggebers \u00fcber.<\/p>\n<p>3. Preise<\/p>\n<p>3.1.<\/p>\n<p>Die Preise schlie\u00dfen, soweit nichts anderes angegeben ist, die Mehrwertsteuer ein.<\/p>\n<p>3.2.<\/p>\n<p>Erfolgt die Lieferung oder Leistung vereinbarungsgem\u00e4\u00df oder aus Gr\u00fcnden, die der Auftragnehmer nicht zu vertreten hat, 4 Monate nach Vertragsabschluss oder sp\u00e4ter, verpflichten sich die Vertragspartner, bei \u00c4nderung der Preisermittlungsgrundlagen \u00fcber den Preis neu zu verhandeln.<\/p>\n<p>3.3.<\/p>\n<p>Eine Aufrechnung gegen\u00fcber unseren Anspr\u00fcchen ist nur mit unbestrittenen oder rechtskr\u00e4ftig festgestellten Gegenforderungen zul\u00e4ssig. Ein Zur\u00fcckbehaltungsrecht aus fr\u00fcheren oder anderen Gesch\u00e4ften der laufenden Gesch\u00e4ftsbedingung kann nicht geltend gemacht werden.<\/p>\n<p>3.4.<\/p>\n<p>Wechsel und Schecks werden nur erf\u00fcllungshalber angenommen. Die Annahme von Wechseln bedarf der vorherigen Vereinbarung.<\/p>\n<p>4. Leistungsvorbehalt<\/p>\n<p>4.1.<\/p>\n<p>Von uns angegebene Lieferfristen gelten von dem Tag an, an dem uns der Auf\u00adtraggeber verbindliche Ma\u00dfe und Angaben vollst\u00e4ndig und zweifelsfrei zur Verf\u00fc\u00adgung stellt, sofern er dazu verpflichtet ist. Sind wir f\u00fcr das Aufma\u00df verantwortlich, so muss der Auftraggeber rechtzeitig die notwendigen Vorleistungen erbringen.<\/p>\n<p>4.2.<\/p>\n<p>F\u00e4lle h\u00f6herer Gewalt und unvorhersehbare, unabwendbare und schwerwiegende Ereignisse wie z. B. Arbeitsk\u00e4mpfe bei uns oder unseren Lieferanten, Rohstoffmangel, Transportbruch, Elementarsch\u00e4den sowie Lieferverz\u00f6gerungen oder Fehllieferungen unserer Lieferanten, f\u00fcr deren Verl\u00e4\u00dflichkeit wir grunds\u00e4tzlich einstehen, berechtigen uns, zu entsprechend sp\u00e4teren Terminen zu leisten und Teilleistungen zu erbringen.<\/p>\n<p>4.3.<\/p>\n<p>Von einem solchen Ereignis ist der Besteller unverz\u00fcglich zu unterrichten. Schadenersatzanspr\u00fcche k\u00f6nnen in diesen F\u00e4llen gegen uns nicht geltend gemacht werden. Evtl. Schadenersatzanspr\u00fcche gegen Dritte werden an den Besteller abgetreten.<\/p>\n<p>5. Gew\u00e4hrleistung<\/p>\n<p>5.1.<\/p>\n<p>Wegen der besonderen Eigenschaften unserer Ware, vor allem von Glas und der Gefahr von Besch\u00e4digungen, ist der Besteller zur unverz\u00fcglichen Pr\u00fcfung verpflichtet.<\/p>\n<p>Alle offensichtlichen M\u00e4ngel sind sp\u00e4testens binnen einer Woche schriftlich anzuzeigen. Weitergehende Obliegenheiten des Kaufmannes gem\u00e4\u00df \u00a7\u00a7 377, 378 HGB bleiben unber\u00fchrt.<\/p>\n<p>5.2.<\/p>\n<p>Herstellungsbedingte Abweichungen in Ma\u00dfen, Inhalten, Dicken, Gewichten, Farbt\u00f6nungen sowie in dem Draht-Strukturlauf sind im Rahmen der branchen\u00fcblichen Toleranzen zul\u00e4ssig.<\/p>\n<p>5.3.<\/p>\n<p>Bei fristgerechter, berechtigter M\u00e4ngelr\u00fcge leisten wir Gew\u00e4hr im Rahmen der gesetzlichen Vorschriften. F\u00fcr Bauleistungen gilt \u00a7 13 VOB\/B.<\/p>\n<p>5.4.<\/p>\n<p>Keine M\u00e4ngel stellen beispielsweise folgende technisch-physikalisch bedingte Erscheinungen an Gl\u00e4sern dar:<\/p>\n<p>unauff\u00e4llige optische Erscheinungen<br \/>\nfarbige Spiegelungen (Interferenzen)<br \/>\noptische Erscheinungen bei Isoliergl\u00e4sern und bei vorgespannten Gl\u00e4sern (\u201eHammerschlag\u201c und \u201eHitzepickel\u201c)<br \/>\nVerzerrungen des \u00e4u\u00dferen Spiegelbildes (\u201eDoppelscheibeneffekt\u201c) bei<br \/>\nIsoliergl\u00e4sern<br \/>\nAufh\u00e4ngepunkte bei vorgespannten, Biegenarben bei gew\u00f6lbten Gl\u00e4sern.<br \/>\nGlasbruch nach Montage<\/p>\n<p>6. Eigentumsvorbehalt<\/p>\n<p>6.1.<\/p>\n<p>Das Eigentum geht erst mit vollst\u00e4ndiger Bezahlung s\u00e4mtlicher Forderungen aus den Gesch\u00e4ftsbeziehungen, die bei Besitz\u00fcbertragung bestehen, auf den Auftraggeber \u00fcber. Dies gilt auch dann, wenn einzelne unserer Forderungen in eine laufende Rechnung aufgenommen worden sind.<\/p>\n<p>6.2.<\/p>\n<p>Bei Verarbeitung mit fremden, uns nicht geh\u00f6renden Sachen werden wir Mit\u00adeigent\u00fcmer an der neuen Sache im Verh\u00e4ltnis des Rechnungswerts unseres Stoffes zu den fremden verarbeiteten Waren. Der Besteller verarbeitet f\u00fcr uns.<\/p>\n<p>6.3.<\/p>\n<p>Wird die von uns gelieferte Ware ver\u00e4u\u00dfert oder verbaut, so werden die dadurch entstehenden Kaufpreis- oder Werklohnforderungen schon jetzt an uns abgetre\u00adten, und zwar in H\u00f6he des Liefergegenstandes zuz\u00fcglich 10%. Dies gilt auch hin\u00adsichtlich des Anspruchs auf Einr\u00e4umung einer Sicherungshypothek gem\u00e4\u00df \u00a7 648 BGB. Wir nehmen die Abtretung an.<\/p>\n<p>6.4.<\/p>\n<p>Anderweitige Verf\u00fcgungen, insbesondere Verpf\u00e4ndungen oder Sicherungs\u00fcbereignung, sind dem Besteller nicht gestattet. Eine Weiterver\u00e4u\u00dferung darf nur unter Eigentumsvorbehalt erfolgen. Die Berechtigung zur Weiterver\u00e4u\u00dferung entf\u00e4llt bei Zahlungseinstellung des Bestellers.<\/p>\n<p>6.5.<\/p>\n<p>Bez\u00fcglich der abgetretenen Forderung verpflichtet sich der Besteller, alle erforder-lichen Angaben zu machen, die dazugeh\u00f6renden Unterlagen auszuh\u00e4ndigen und dem Schuldner die Abtretung anzuzeigen. Es ist dem Besteller untersagt, mit seinem Abnehmer oder einem Dritten Abreden zu treffen, die unsere Rechte in irgendeiner Weise ausschlie\u00dfen oder beeintr\u00e4chtigen k\u00f6nnen. Bei Eingriffen Dritter hat der Besteller uns unverz\u00fcglich unter \u00dcbergabe der f\u00fcr eine Intervention notwen\u00addigen Unterlagen zu benachrichtigen.<\/p>\n<p>6.6.<\/p>\n<p>Wir verpflichten uns, die uns nach den vorstehenden Bestimmungen zuste\u00adhenden Sicherungen auf Verlangen des Bestellers nach unserer Wahl insoweit freizugeben, als der Wert die zu sichernden Forderungen um 10% \u00fcbersteigt.<\/p>\n<p>7. Schadenersatz<\/p>\n<p>7.1.<\/p>\n<p>Schadenersatzanspr\u00fcche gegen uns sind ausgeschlossen, sofern wir nicht wegen Vor\u00adsatzes oder grober Fahrl\u00e4ssigkeit (auch eines gesetzlichen Vertreters oder Erf\u00fcllungs\u00adgehilfen) oder wegen Fehlens zugesicherter Eigenschaften in Anspruch genommen werden oder Deckung \u00fcber eine Haftpflichtversicherung besteht. Dieser Haftungs\u00adausschluss betrifft Schadenersatzanspr\u00fcche aus Unm\u00f6glichkeit der Leistung, Verzug, positiver Vertragsverletzung, Verschulden bei Vertragsverhandlungen, Gew\u00e4hrleistung und unerlaubter Handlung. Unsere Haftung aus Unm\u00f6glichkeit der Leistung und Ver\u00adzug bleibt in F\u00e4llen der leichten Fahrl\u00e4ssigkeit insoweit bestehen, als wir auch in die\u00adsen F\u00e4llen bis zu einem Betrag von 500 EURO einstehen. Soweit Deckung durch eine Haftpflichtversicherung gegeben ist, wird auch \u00fcber diesen Betrag hinaus gehaftet.<\/p>\n<p>8. Gerichtsstand<\/p>\n<p>8.1.<\/p>\n<p>Als Gerichtsstand wird f\u00fcr alle Anspr\u00fcche aus Vertr\u00e4gen, denen diese Allgemeinen Gesch\u00e4ftsbedingungen zugrunde liegen, Norderstedt verein\u00adbart, soweit der Besteller Vollkaufmann, juristische Person des \u00f6ffentlichen Rechts oder \u00f6ffentlich-rechtliches Sonderverm\u00f6gen ist.<\/p>\n<p><span style=\"color: #ff0000;\">TEIL II<\/span><br \/>\n<span style=\"color: #ff0000;\">BESONDERE BESTIMMUNGEN F\u00dcR WERKVERTR\u00c4GE<\/span><\/p>\n<p>9.<\/p>\n<p>F\u00fcr Werkvertr\u00e4ge sind zus\u00e4tzlich die nachstehenden Besonderen Bestimmungen anzuwenden. F\u00fcr Bauleistungen gilt erg\u00e4nzend die VOB.<\/p>\n<p>9.1. Angaben des Bestellers<\/p>\n<p>Fehler aus den vom Besteller zur Verf\u00fcgung gestellten Unterlagen gehen zu La\u00adsten des Bestellers, sofern sie trotz sorgf\u00e4ltiger \u00dcberpr\u00fcfung nicht erkennbar sind.<\/p>\n<p>9.2. Anpassungsvorbehalt<\/p>\n<p>Unsere Preise verstehen sich f\u00fcr ununterbrochene Abwicklung der von uns zu erbrin\u00adgenden Leistungen in der normalen Arbeitszeit. F\u00fcr die auf Wunsch des Bestellers durchgef\u00fchrten \u00dcber-, Nacht-, Sonn- und Feiertagsstunden sowie f\u00fcr Arbeiten unter nicht vorhergesehenen erschwerten Bedingungen werden, soweit im Vertrag nicht anders vereinbart ist, die zus\u00e4tzlich anfallenden Kosten erhoben. Dies gilt auch, wenn auf Verlangen des Bestellers zus\u00e4tzliche, im Angebot nicht aufgef\u00fchrte Leistungen zu erbringen sind.<\/p>\n<p>9.3. Zahlung<\/p>\n<p>Die Bezahlung des Rechnungsbetrages erfolgt ohne Abzug. Rechnungsbetr\u00e4ge sind unverz\u00fcglich, Abschlagszahlungen innerhalb von 12 Werktagen nach Zugang zahlbar. Im \u00dcbrigen gilt \u00a7 16 VOB\/B.<\/p>\n<p>9.4. Herstellergarantie<\/p>\n<p>Anspr\u00fcche aus einer \u00fcber unsere Gew\u00e4hrleistung hinausgehende Garantie des jeweiligen Herstellers, z. B. f\u00fcr Mehrscheiben-Isolierglas, werden an den Kunden weitergegeben. Beschr\u00e4nkt sich eine Herstellergarantie nur auf Ersatzlieferung, gehen die Aus- und Einbaukosten zu Lasten des Auftraggebers. Bei Lieferung von Ersatzscheiben gilt die Restlaufzeit der urspr\u00fcnglichen Garantie.<\/p>\n<p>9.5. Gefahrtragung<\/p>\n<p>F\u00fcr die vom Lieferanten gelieferten Stoffe und Bauteile, die wegen nicht ter\u00admingerecht erbrachter Vorleistung oder sonstiger vom Besteller zu ver\u00adtretender Umst\u00e4nde nicht eingebaut werden k\u00f6nnen, geht die Gefahr auf den Besteller \u00fcber, sofern er zuvor in Annahmeverzug gesetzt worden ist.<\/p>\n<p><span style=\"color: #ff0000;\">TEIL III<\/span><br \/>\n<span style=\"color: #ff0000;\">BESONDERE BESTIMMUNGEN F\u00dcR WARENLIEFERUNGEN<\/span><\/p>\n<p>10.<\/p>\n<p>Wird nur die Lieferung beweglicher Sachen ohne Einbau vereinbart, gelten erg\u00e4nzend die nachstehenden Bestimmungen:<\/p>\n<p>10.1.<\/p>\n<p>Angebote sind bis zur Annahme des Auftrages freibleibend.<\/p>\n<p>10.2. Lieferung, Gefahr\u00fcbergang<\/p>\n<p>Die Lieferung erfolgt ab Lager. Wird die Ware auf Wunsch des K\u00e4ufers angeliefert, so geht mit der \u00dcbergabe an den Transportf\u00fchrer \u2013 gleichg\u00fcltig, ob er vom Be\u00adsteller, Lieferanten oder von uns beauftragt ist \u2013 die Gefahr auf den K\u00e4ufer \u00fcber. Dies gilt auch bei Transporten mit unseren Fahrzeugen, bei Teil- sowie Frankolieferungen. Versicherungen gegen Sch\u00e4den irgendwelcher Art werden nur auf Verlangen des Bestellers und f\u00fcr dessen Rechnung geschlossen.<\/p>\n<p>10.3.<\/p>\n<p>Wird der Transport mit eigenem Fahrzeug, mit Lastzug des Lieferanten oder von einem durch ihn beauftragten Transportunternehmer durchgef\u00fchrt, erfolgt die \u00dcbergabe der Ware sp\u00e4testens, sobald sie dem Empf\u00e4nger vor der Anlieferungsstelle \u2013 vorausgesetzt ist eine befestigte Zufahrt \u2013 auf dem Wagen zur Verf\u00fcgung steht. Das Abladen ist alleinige Angelegenheit des Bestellers, der f\u00fcr geeignete Abladevorrichtungen zu sorgen und die erforderlichen Arbeitskr\u00e4fte zu stellen hat. Wartezeiten werden im G\u00fcterfernverkehr gem\u00e4\u00df KVO und im G\u00fcternahverkehr gem\u00e4\u00df GNT berechnet.<\/p>\n<p>10.4.<\/p>\n<p>Verlangt der Besteller Hilfestellung beim Abladen, Weitertransport oder Einsetzen, so wird dieser Aufwand zus\u00e4tzlich in Rechnung gestellt. Die Mitwirkung bei diesen Arbeiten bedeutet jedoch keine \u00dcbernahme einer zus\u00e4tzlichen Haftung oder Gefahrtragung \u00fcber Ziff. I.7. hinaus.<\/p>\n<p>10.5.<\/p>\n<p>Kann die versandbereite Ware aus Gr\u00fcnden, die der Besteller zu vertreten hat, nicht ausgeliefert werden, geht die Gefahr mit Mitteilung der Versandbereitschaft auf den Besteller \u00fcber.<\/p>\n<p>10.6.<\/p>\n<p>Mehrkosten, die durch eine vom Besteller zu vertretende Verz\u00f6gerung der Auslieferung entstehen, insbesondere Lager- und Versicherungs-kosten, gehen zu Lasten des Bestellers.<\/p>\n<p>10.7.<\/p>\n<p>Die Verpackung wird nicht zur\u00fcckgenommen, sofern es sich nicht um eine Leihverpackung handelt. Werden Verpackungen leihweise zur Verf\u00fcgung gestellt, so ist die R\u00fccklieferung frei Haus vorzunehmen.<\/p>\n<p>10.8. Zahlung<\/p>\n<p>Sofort bei Lieferung ist der Rechnungsbetrag ohne Abzug zu zahlen.<\/p>\n","protected":false},"excerpt":{"rendered":"<p>ALLGEMEINE GESCH\u00c4FTSBEDINGUNGEN 1. Anwendungsbereich 1.1. Die nachstehenden Allgemeinen Gesch\u00e4ftsbedingungen gelten f\u00fcr alle unsere Lieferungen und Leistungen. F\u00fcr Werkvertr\u00e4ge gelten erg\u00e4nzend die unter Teil II aufgef\u00fchrten Besonderen Bestimmungen sowie, wenn es sich um Bauleistungen handelt, die \u201eVerdingungsordnung f\u00fcr Bauleistungen (VOB), Teil B und C\u201c. F\u00fcr Lie-ferungen ohne Einbau (Warenlieferungen) sind erg\u00e4nzend die unter Teil III dieserAllgemeinen &#8230; <a title=\"AGB\" class=\"read-more\" href=\"https:\/\/glaserei-jonny-mueller.de\/?page_id=416\">Weiterlesen &#8230;<\/a><\/p>\n","protected":false},"author":1,"featured_media":0,"parent":0,"menu_order":0,"comment_status":"closed","ping_status":"closed","template":"","meta":{"footnotes":""},"class_list":["post-416","page","type-page","status-publish"],"yoast_head":"<!-- This site is optimized with the Yoast SEO plugin v26.8 - https:\/\/yoast.com\/product\/yoast-seo-wordpress\/ -->\n<title>AGB - Glaserei Jonny W. M\u00fcller GmbH<\/title>\n<meta name=\"robots\" content=\"index, follow, max-snippet:-1, max-image-preview:large, max-video-preview:-1\" \/>\n<link rel=\"canonical\" href=\"https:\/\/glaserei-jonny-mueller.de\/?page_id=416\" \/>\n<meta property=\"og:locale\" content=\"de_DE\" \/>\n<meta property=\"og:type\" content=\"article\" \/>\n<meta property=\"og:title\" content=\"AGB - Glaserei Jonny W. M\u00fcller GmbH\" \/>\n<meta property=\"og:description\" content=\"ALLGEMEINE GESCH\u00c4FTSBEDINGUNGEN 1. Anwendungsbereich 1.1. Die nachstehenden Allgemeinen Gesch\u00e4ftsbedingungen gelten f\u00fcr alle unsere Lieferungen und Leistungen. F\u00fcr Werkvertr\u00e4ge gelten erg\u00e4nzend die unter Teil II aufgef\u00fchrten Besonderen Bestimmungen sowie, wenn es sich um Bauleistungen handelt, die \u201eVerdingungsordnung f\u00fcr Bauleistungen (VOB), Teil B und C\u201c. F\u00fcr Lie-ferungen ohne Einbau (Warenlieferungen) sind erg\u00e4nzend die unter Teil III dieserAllgemeinen ... Weiterlesen ...\" \/>\n<meta property=\"og:url\" content=\"https:\/\/glaserei-jonny-mueller.de\/?page_id=416\" \/>\n<meta property=\"og:site_name\" content=\"Glaserei Jonny W. M\u00fcller GmbH\" \/>\n<meta property=\"article:modified_time\" content=\"2021-03-02T07:54:32+00:00\" \/>\n<meta name=\"twitter:card\" content=\"summary_large_image\" \/>\n<meta name=\"twitter:label1\" content=\"Gesch\u00e4tzte Lesezeit\" \/>\n\t<meta name=\"twitter:data1\" content=\"7\u00a0Minuten\" \/>\n<script type=\"application\/ld+json\" class=\"yoast-schema-graph\">{\"@context\":\"https:\/\/schema.org\",\"@graph\":[{\"@type\":\"WebPage\",\"@id\":\"https:\/\/glaserei-jonny-mueller.de\/?page_id=416\",\"url\":\"https:\/\/glaserei-jonny-mueller.de\/?page_id=416\",\"name\":\"AGB - Glaserei Jonny W. M\u00fcller GmbH\",\"isPartOf\":{\"@id\":\"https:\/\/glaserei-jonny-mueller.de\/#website\"},\"datePublished\":\"2021-02-27T11:25:03+00:00\",\"dateModified\":\"2021-03-02T07:54:32+00:00\",\"breadcrumb\":{\"@id\":\"https:\/\/glaserei-jonny-mueller.de\/?page_id=416#breadcrumb\"},\"inLanguage\":\"de\",\"potentialAction\":[{\"@type\":\"ReadAction\",\"target\":[\"https:\/\/glaserei-jonny-mueller.de\/?page_id=416\"]}]},{\"@type\":\"BreadcrumbList\",\"@id\":\"https:\/\/glaserei-jonny-mueller.de\/?page_id=416#breadcrumb\",\"itemListElement\":[{\"@type\":\"ListItem\",\"position\":1,\"name\":\"Startseite\",\"item\":\"https:\/\/glaserei-jonny-mueller.de\/\"},{\"@type\":\"ListItem\",\"position\":2,\"name\":\"AGB\"}]},{\"@type\":\"WebSite\",\"@id\":\"https:\/\/glaserei-jonny-mueller.de\/#website\",\"url\":\"https:\/\/glaserei-jonny-mueller.de\/\",\"name\":\"Glaserei Jonny W. M\u00fcller GmbH\",\"description\":\"Ein Fall f\u00fcr Jonny\",\"publisher\":{\"@id\":\"https:\/\/glaserei-jonny-mueller.de\/#organization\"},\"potentialAction\":[{\"@type\":\"SearchAction\",\"target\":{\"@type\":\"EntryPoint\",\"urlTemplate\":\"https:\/\/glaserei-jonny-mueller.de\/?s={search_term_string}\"},\"query-input\":{\"@type\":\"PropertyValueSpecification\",\"valueRequired\":true,\"valueName\":\"search_term_string\"}}],\"inLanguage\":\"de\"},{\"@type\":\"Organization\",\"@id\":\"https:\/\/glaserei-jonny-mueller.de\/#organization\",\"name\":\"hanseatische baudienstleistungs GmbH\",\"url\":\"https:\/\/glaserei-jonny-mueller.de\/\",\"logo\":{\"@type\":\"ImageObject\",\"inLanguage\":\"de\",\"@id\":\"https:\/\/glaserei-jonny-mueller.de\/#\/schema\/logo\/image\/\",\"url\":\"\",\"contentUrl\":\"\",\"caption\":\"hanseatische baudienstleistungs GmbH\"},\"image\":{\"@id\":\"https:\/\/glaserei-jonny-mueller.de\/#\/schema\/logo\/image\/\"}}]}<\/script>\n<!-- \/ Yoast SEO plugin. -->","yoast_head_json":{"title":"AGB - Glaserei Jonny W. M\u00fcller GmbH","robots":{"index":"index","follow":"follow","max-snippet":"max-snippet:-1","max-image-preview":"max-image-preview:large","max-video-preview":"max-video-preview:-1"},"canonical":"https:\/\/glaserei-jonny-mueller.de\/?page_id=416","og_locale":"de_DE","og_type":"article","og_title":"AGB - Glaserei Jonny W. M\u00fcller GmbH","og_description":"ALLGEMEINE GESCH\u00c4FTSBEDINGUNGEN 1. Anwendungsbereich 1.1. Die nachstehenden Allgemeinen Gesch\u00e4ftsbedingungen gelten f\u00fcr alle unsere Lieferungen und Leistungen. F\u00fcr Werkvertr\u00e4ge gelten erg\u00e4nzend die unter Teil II aufgef\u00fchrten Besonderen Bestimmungen sowie, wenn es sich um Bauleistungen handelt, die \u201eVerdingungsordnung f\u00fcr Bauleistungen (VOB), Teil B und C\u201c. F\u00fcr Lie-ferungen ohne Einbau (Warenlieferungen) sind erg\u00e4nzend die unter Teil III dieserAllgemeinen ... Weiterlesen ...","og_url":"https:\/\/glaserei-jonny-mueller.de\/?page_id=416","og_site_name":"Glaserei Jonny W. M\u00fcller GmbH","article_modified_time":"2021-03-02T07:54:32+00:00","twitter_card":"summary_large_image","twitter_misc":{"Gesch\u00e4tzte Lesezeit":"7\u00a0Minuten"},"schema":{"@context":"https:\/\/schema.org","@graph":[{"@type":"WebPage","@id":"https:\/\/glaserei-jonny-mueller.de\/?page_id=416","url":"https:\/\/glaserei-jonny-mueller.de\/?page_id=416","name":"AGB - Glaserei Jonny W. M\u00fcller GmbH","isPartOf":{"@id":"https:\/\/glaserei-jonny-mueller.de\/#website"},"datePublished":"2021-02-27T11:25:03+00:00","dateModified":"2021-03-02T07:54:32+00:00","breadcrumb":{"@id":"https:\/\/glaserei-jonny-mueller.de\/?page_id=416#breadcrumb"},"inLanguage":"de","potentialAction":[{"@type":"ReadAction","target":["https:\/\/glaserei-jonny-mueller.de\/?page_id=416"]}]},{"@type":"BreadcrumbList","@id":"https:\/\/glaserei-jonny-mueller.de\/?page_id=416#breadcrumb","itemListElement":[{"@type":"ListItem","position":1,"name":"Startseite","item":"https:\/\/glaserei-jonny-mueller.de\/"},{"@type":"ListItem","position":2,"name":"AGB"}]},{"@type":"WebSite","@id":"https:\/\/glaserei-jonny-mueller.de\/#website","url":"https:\/\/glaserei-jonny-mueller.de\/","name":"Glaserei Jonny W. M\u00fcller GmbH","description":"Ein Fall f\u00fcr Jonny","publisher":{"@id":"https:\/\/glaserei-jonny-mueller.de\/#organization"},"potentialAction":[{"@type":"SearchAction","target":{"@type":"EntryPoint","urlTemplate":"https:\/\/glaserei-jonny-mueller.de\/?s={search_term_string}"},"query-input":{"@type":"PropertyValueSpecification","valueRequired":true,"valueName":"search_term_string"}}],"inLanguage":"de"},{"@type":"Organization","@id":"https:\/\/glaserei-jonny-mueller.de\/#organization","name":"hanseatische baudienstleistungs GmbH","url":"https:\/\/glaserei-jonny-mueller.de\/","logo":{"@type":"ImageObject","inLanguage":"de","@id":"https:\/\/glaserei-jonny-mueller.de\/#\/schema\/logo\/image\/","url":"","contentUrl":"","caption":"hanseatische baudienstleistungs GmbH"},"image":{"@id":"https:\/\/glaserei-jonny-mueller.de\/#\/schema\/logo\/image\/"}}]}},"_links":{"self":[{"href":"https:\/\/glaserei-jonny-mueller.de\/index.php?rest_route=\/wp\/v2\/pages\/416","targetHints":{"allow":["GET"]}}],"collection":[{"href":"https:\/\/glaserei-jonny-mueller.de\/index.php?rest_route=\/wp\/v2\/pages"}],"about":[{"href":"https:\/\/glaserei-jonny-mueller.de\/index.php?rest_route=\/wp\/v2\/types\/page"}],"author":[{"embeddable":true,"href":"https:\/\/glaserei-jonny-mueller.de\/index.php?rest_route=\/wp\/v2\/users\/1"}],"replies":[{"embeddable":true,"href":"https:\/\/glaserei-jonny-mueller.de\/index.php?rest_route=%2Fwp%2Fv2%2Fcomments&post=416"}],"version-history":[{"count":3,"href":"https:\/\/glaserei-jonny-mueller.de\/index.php?rest_route=\/wp\/v2\/pages\/416\/revisions"}],"predecessor-version":[{"id":580,"href":"https:\/\/glaserei-jonny-mueller.de\/index.php?rest_route=\/wp\/v2\/pages\/416\/revisions\/580"}],"wp:attachment":[{"href":"https:\/\/glaserei-jonny-mueller.de\/index.php?rest_route=%2Fwp%2Fv2%2Fmedia&parent=416"}],"curies":[{"name":"wp","href":"https:\/\/api.w.org\/{rel}","templated":true}]}}