{"id":460,"date":"2021-03-01T12:34:03","date_gmt":"2021-03-01T12:34:03","guid":{"rendered":"https:\/\/wordpress.glaserei-jonny-mueller.de\/?page_id=460"},"modified":"2021-03-12T10:23:30","modified_gmt":"2021-03-12T10:23:30","slug":"glas-info","status":"publish","type":"page","link":"https:\/\/glaserei-jonny-mueller.de\/?page_id=460","title":{"rendered":"Glas Info"},"content":{"rendered":"<h1><span style=\"color: #ff0000;\">Glasbearbeitung<\/span><\/h1>\n<h3><span style=\"color: #ff0000;\">Wir bieten Ihnen eine hochwertige und qualitativ einwandfreie Glasbearbeitungen an.<\/span><\/h3>\n<p><span class=\"image left\"><img loading=\"lazy\" decoding=\"async\" class=\"floating noborder alignleft\" src=\"http:\/\/media.seitenbox.de\/p\/700\/images\/big\/4dbbe045-95bc-462d-9f16-0d8a57e62c34.jpg\" alt=\"Glasbohrer\" width=\"208\" height=\"173\" \/><\/span><\/p>\n<p>Unsere Werkstatt verf\u00fcgt \u00fcber einen eigenen Glasschleifautomaten, Glasbohrer sowie alle technische Ausr\u00fcstung f\u00fcr das Sandstrahlen und UV-Verklebungen.So k\u00f6nnen wir Ihre W\u00fcnsche fachm\u00e4nnisch und qualitativ hochwertig ausf\u00fchren. Darauf k\u00f6nnen Sie sich verlassen!<\/p>\n<p>&nbsp;<\/p>\n<h2><\/h2>\n<p>&nbsp;<\/p>\n<div class=\"text\">\n<h1><span style=\"color: #ff0000;\">Glasarten<\/span><\/h1>\n<h2><span style=\"color: #ff0000;\"><strong>Ornamentgl\u00e4ser &#8211; Verbundsicherheitsglas &#8211; Einscheibensicherheitsglas<\/strong><\/span><\/h2>\n<p>________________________________________________________________________________________________<\/p>\n<\/div>\n<div class=\"text\">\n<h2><span style=\"color: #ff0000;\">Ornamentglas<\/span><\/h2>\n<p><span class=\"image right\"><img decoding=\"async\" class=\"floating noborder alignleft\" src=\"http:\/\/media.seitenbox.de\/p\/700\/images\/big\/4e5e103a-9030-4042-aef1-3a0857e62c34.jpg\" alt=\"Bleiverglasung\" \/><\/span><\/p>\n<p>Diese Glasart wird durch Walzen mit Mustern\u00a0 versehen. Dies k\u00f6nnen Linien oder Rippen sein, es gibt sehr viele Varianten und M\u00f6glichkeiten. Ornamentglas ist ein sogenanntes Gussglas, dass zwar Licht durchl\u00e4sst aber dennoch undurchsichtig ist. Daher eignet es sich besonders im Bereich von Badezimmern, ob als Fenster oder in der Duschkabine. Man kann es im Grunde genommen \u00fcberall da zum Einsatz bringen, wo man Licht haben m\u00f6chte, aber vor ungewollten Blicken gesch\u00fctzt sein m\u00f6chte. Fragen Sie uns nach den M\u00f6glichkeiten der Verwendung von Ornamentglas. Gerne erkl\u00e4ren wir Ihnen die verschiedenen Einsatzm\u00f6glichkeiten sowie Ausf\u00fchrungen.<\/p>\n<\/div>\n<div class=\"text\">\n<h3>__________________________________________________________________________________________________<\/h3>\n<h2><span style=\"color: #ff0000;\">Verbundsicherheitsglas (VSG)<\/span><\/h2>\n<p>Dieses Sicherheitsglas erh\u00e4lt seine Sicherheitseigenschaften aufgrund einer rei\u00dffesen und z\u00e4helastischen Folie, die zwischen zwei oder mehr Glasscheiben eingebracht wird. Der sogenannte Vorverbund geschieht mittels einer Walzenpresse. Es werden die \u00fcbereinliegenden Glasscheiben mit einer Folie, meist Polyvinylbutyral, verbunden. Der dauerhafte Verbund kommt dann im Autoklaven unter Hitze von ca. 140 Grad und Druck von ca. 12 bar zustande.<\/p>\n<p>Kommt es zu einem Bruch der Scheibe, so bewirkt dieser Verbund eine deutliche Reduzierung der Verletzungsgefahr. Die Folie erschwert zudem das Durchdringen des Glases. Diese Eigenschaften machen das Verbundsicherheitsglas ideal f\u00fcr den Einbruchschutz. In einem weitergehenden Verfahren kann das VSG auch zu Panzerglas gemacht werden. Es m\u00fcssen daf\u00fcr nur gen\u00fcgend Dicken von Folien und Glas verbunden werden.<\/p>\n<p>Im Gegensatz zu herk\u00f6mmlichen Glas verf\u00fcgt VSG \u00fcber eine Resttragf\u00e4higkeit. Selbst, wenn es zu einer Teilzerst\u00f6rung des Glases kommt, bietet es noch eine gewisse Schutzwirkung. Anwendung findet es daher auch ganz besonders in den Bereichen, wo es nach \u00d6ffnung im Schadensfall verschlossen bleiben oder das Herabfallen der Scheibe vermieden werden soll. In Deutschland ist es unter anderem vorgeschrieben, dss begehbare \u00dcberkopfverglasungen mit zumindest doppelter Folie versehen sind.<\/p>\n<p>__________________________________________________________________________________________________<\/p>\n<\/div>\n<div class=\"text\">\n<h2><span style=\"color: #ff0000;\">Einscheibensicherheitsglas (ESG)<\/span><\/h2>\n<p>Dieses Sicherheitsglas besteht nur aus einer einzigen Scheibe, die aber speziell w\u00e4rmebehandelt wurde. Dazu ist bei der Herstellung eine Hitze von mehr als 600 Grad Celsius notwendig und muss danach mit k\u00fchler Luft z\u00fcgig abgek\u00fchlt werden. Bei diesem Abk\u00fchlungsprozess k\u00fchlt die \u00e4u\u00dfere Zone des Glases schneller ab, als ihr innerer Kern. Dadurch entsteht dann im Kern eine Zug- und in der Oberfl\u00e4che eine Druckspannung. Das Glas besitzt dann eine erh\u00f6hte Sto\u00df- und Schlagfestigkeit. Nachgwiesen wird diese Sto\u00df- und Schlagfestigkeit mit dem sogenannten Pendelschlagversuch, der der Norm DIN EN 12 600 entspricht. Ein weiterer Vorteil dieses besonderen Prozesses ist, dass das nun vorgespannte Glas unempfindlich gegen\u00fcber gro\u00dfe Temperaturunterschieden ist.<\/p>\n<p>Bezeichnend f\u00fcr diese Glasart ist, dass es bei Bruch in kleinste St\u00fccke ohne scharfe Kanten zerf\u00e4llt. Die Verletzungsgefahr wurde hier also im Vergleich zu normalen Glas, auch Floatglas genannt, enorm reduziert. Zum Einsatz kommt ESG bereits seit Jahrzehneten im Automobilbau f\u00fcr Seitenscheiben. Es verhindert wirksam Schnitt- und Sto\u00dfverletzungen. Aber auch im Haus kommt es zum Einsatz. So bestehen zum Beispiel Ganzglast\u00fcren immer aus ESG.<\/p>\n<\/div>\n","protected":false},"excerpt":{"rendered":"<p>Glasbearbeitung Wir bieten Ihnen eine hochwertige und qualitativ einwandfreie Glasbearbeitungen an. Unsere Werkstatt verf\u00fcgt \u00fcber einen eigenen Glasschleifautomaten, Glasbohrer sowie alle technische Ausr\u00fcstung f\u00fcr das Sandstrahlen und UV-Verklebungen.So k\u00f6nnen wir Ihre W\u00fcnsche fachm\u00e4nnisch und qualitativ hochwertig ausf\u00fchren. Darauf k\u00f6nnen Sie sich verlassen! &nbsp; &nbsp; Glasarten Ornamentgl\u00e4ser &#8211; Verbundsicherheitsglas &#8211; Einscheibensicherheitsglas ________________________________________________________________________________________________ Ornamentglas Diese Glasart wird &#8230; <a title=\"Glas Info\" class=\"read-more\" href=\"https:\/\/glaserei-jonny-mueller.de\/?page_id=460\">Weiterlesen &#8230;<\/a><\/p>\n","protected":false},"author":1,"featured_media":0,"parent":0,"menu_order":0,"comment_status":"closed","ping_status":"closed","template":"","meta":{"footnotes":""},"class_list":["post-460","page","type-page","status-publish"],"yoast_head":"<!-- This site is optimized with the Yoast SEO plugin v26.8 - https:\/\/yoast.com\/product\/yoast-seo-wordpress\/ -->\n<title>Glas Info - Glaserei Jonny W. M\u00fcller GmbH<\/title>\n<meta name=\"robots\" content=\"index, follow, max-snippet:-1, max-image-preview:large, max-video-preview:-1\" \/>\n<link rel=\"canonical\" href=\"https:\/\/glaserei-jonny-mueller.de\/?page_id=460\" \/>\n<meta property=\"og:locale\" content=\"de_DE\" \/>\n<meta property=\"og:type\" content=\"article\" \/>\n<meta property=\"og:title\" content=\"Glas Info - Glaserei Jonny W. M\u00fcller GmbH\" \/>\n<meta property=\"og:description\" content=\"Glasbearbeitung Wir bieten Ihnen eine hochwertige und qualitativ einwandfreie Glasbearbeitungen an. Unsere Werkstatt verf\u00fcgt \u00fcber einen eigenen Glasschleifautomaten, Glasbohrer sowie alle technische Ausr\u00fcstung f\u00fcr das Sandstrahlen und UV-Verklebungen.So k\u00f6nnen wir Ihre W\u00fcnsche fachm\u00e4nnisch und qualitativ hochwertig ausf\u00fchren. Darauf k\u00f6nnen Sie sich verlassen! &nbsp; &nbsp; Glasarten Ornamentgl\u00e4ser &#8211; Verbundsicherheitsglas &#8211; Einscheibensicherheitsglas ________________________________________________________________________________________________ Ornamentglas Diese Glasart wird ... Weiterlesen ...\" \/>\n<meta property=\"og:url\" content=\"https:\/\/glaserei-jonny-mueller.de\/?page_id=460\" \/>\n<meta property=\"og:site_name\" content=\"Glaserei Jonny W. M\u00fcller GmbH\" \/>\n<meta property=\"article:modified_time\" content=\"2021-03-12T10:23:30+00:00\" \/>\n<meta property=\"og:image\" content=\"http:\/\/media.seitenbox.de\/p\/700\/images\/big\/4dbbe045-95bc-462d-9f16-0d8a57e62c34.jpg\" \/>\n<meta name=\"twitter:card\" content=\"summary_large_image\" \/>\n<meta name=\"twitter:label1\" content=\"Gesch\u00e4tzte Lesezeit\" \/>\n\t<meta name=\"twitter:data1\" content=\"3\u00a0Minuten\" \/>\n<script type=\"application\/ld+json\" class=\"yoast-schema-graph\">{\"@context\":\"https:\/\/schema.org\",\"@graph\":[{\"@type\":\"WebPage\",\"@id\":\"https:\/\/glaserei-jonny-mueller.de\/?page_id=460\",\"url\":\"https:\/\/glaserei-jonny-mueller.de\/?page_id=460\",\"name\":\"Glas Info - Glaserei Jonny W. M\u00fcller GmbH\",\"isPartOf\":{\"@id\":\"https:\/\/glaserei-jonny-mueller.de\/#website\"},\"primaryImageOfPage\":{\"@id\":\"https:\/\/glaserei-jonny-mueller.de\/?page_id=460#primaryimage\"},\"image\":{\"@id\":\"https:\/\/glaserei-jonny-mueller.de\/?page_id=460#primaryimage\"},\"thumbnailUrl\":\"http:\/\/media.seitenbox.de\/p\/700\/images\/big\/4dbbe045-95bc-462d-9f16-0d8a57e62c34.jpg\",\"datePublished\":\"2021-03-01T12:34:03+00:00\",\"dateModified\":\"2021-03-12T10:23:30+00:00\",\"breadcrumb\":{\"@id\":\"https:\/\/glaserei-jonny-mueller.de\/?page_id=460#breadcrumb\"},\"inLanguage\":\"de\",\"potentialAction\":[{\"@type\":\"ReadAction\",\"target\":[\"https:\/\/glaserei-jonny-mueller.de\/?page_id=460\"]}]},{\"@type\":\"ImageObject\",\"inLanguage\":\"de\",\"@id\":\"https:\/\/glaserei-jonny-mueller.de\/?page_id=460#primaryimage\",\"url\":\"http:\/\/media.seitenbox.de\/p\/700\/images\/big\/4dbbe045-95bc-462d-9f16-0d8a57e62c34.jpg\",\"contentUrl\":\"http:\/\/media.seitenbox.de\/p\/700\/images\/big\/4dbbe045-95bc-462d-9f16-0d8a57e62c34.jpg\"},{\"@type\":\"BreadcrumbList\",\"@id\":\"https:\/\/glaserei-jonny-mueller.de\/?page_id=460#breadcrumb\",\"itemListElement\":[{\"@type\":\"ListItem\",\"position\":1,\"name\":\"Startseite\",\"item\":\"https:\/\/glaserei-jonny-mueller.de\/\"},{\"@type\":\"ListItem\",\"position\":2,\"name\":\"Glas Info\"}]},{\"@type\":\"WebSite\",\"@id\":\"https:\/\/glaserei-jonny-mueller.de\/#website\",\"url\":\"https:\/\/glaserei-jonny-mueller.de\/\",\"name\":\"Glaserei Jonny W. M\u00fcller GmbH\",\"description\":\"Ein Fall f\u00fcr Jonny\",\"publisher\":{\"@id\":\"https:\/\/glaserei-jonny-mueller.de\/#organization\"},\"potentialAction\":[{\"@type\":\"SearchAction\",\"target\":{\"@type\":\"EntryPoint\",\"urlTemplate\":\"https:\/\/glaserei-jonny-mueller.de\/?s={search_term_string}\"},\"query-input\":{\"@type\":\"PropertyValueSpecification\",\"valueRequired\":true,\"valueName\":\"search_term_string\"}}],\"inLanguage\":\"de\"},{\"@type\":\"Organization\",\"@id\":\"https:\/\/glaserei-jonny-mueller.de\/#organization\",\"name\":\"hanseatische baudienstleistungs GmbH\",\"url\":\"https:\/\/glaserei-jonny-mueller.de\/\",\"logo\":{\"@type\":\"ImageObject\",\"inLanguage\":\"de\",\"@id\":\"https:\/\/glaserei-jonny-mueller.de\/#\/schema\/logo\/image\/\",\"url\":\"\",\"contentUrl\":\"\",\"caption\":\"hanseatische baudienstleistungs GmbH\"},\"image\":{\"@id\":\"https:\/\/glaserei-jonny-mueller.de\/#\/schema\/logo\/image\/\"}}]}<\/script>\n<!-- \/ Yoast SEO plugin. -->","yoast_head_json":{"title":"Glas Info - Glaserei Jonny W. M\u00fcller GmbH","robots":{"index":"index","follow":"follow","max-snippet":"max-snippet:-1","max-image-preview":"max-image-preview:large","max-video-preview":"max-video-preview:-1"},"canonical":"https:\/\/glaserei-jonny-mueller.de\/?page_id=460","og_locale":"de_DE","og_type":"article","og_title":"Glas Info - Glaserei Jonny W. M\u00fcller GmbH","og_description":"Glasbearbeitung Wir bieten Ihnen eine hochwertige und qualitativ einwandfreie Glasbearbeitungen an. Unsere Werkstatt verf\u00fcgt \u00fcber einen eigenen Glasschleifautomaten, Glasbohrer sowie alle technische Ausr\u00fcstung f\u00fcr das Sandstrahlen und UV-Verklebungen.So k\u00f6nnen wir Ihre W\u00fcnsche fachm\u00e4nnisch und qualitativ hochwertig ausf\u00fchren. Darauf k\u00f6nnen Sie sich verlassen! &nbsp; &nbsp; Glasarten Ornamentgl\u00e4ser &#8211; Verbundsicherheitsglas &#8211; Einscheibensicherheitsglas ________________________________________________________________________________________________ Ornamentglas Diese Glasart wird ... Weiterlesen ...","og_url":"https:\/\/glaserei-jonny-mueller.de\/?page_id=460","og_site_name":"Glaserei Jonny W. M\u00fcller GmbH","article_modified_time":"2021-03-12T10:23:30+00:00","og_image":[{"url":"http:\/\/media.seitenbox.de\/p\/700\/images\/big\/4dbbe045-95bc-462d-9f16-0d8a57e62c34.jpg","type":"","width":"","height":""}],"twitter_card":"summary_large_image","twitter_misc":{"Gesch\u00e4tzte Lesezeit":"3\u00a0Minuten"},"schema":{"@context":"https:\/\/schema.org","@graph":[{"@type":"WebPage","@id":"https:\/\/glaserei-jonny-mueller.de\/?page_id=460","url":"https:\/\/glaserei-jonny-mueller.de\/?page_id=460","name":"Glas Info - Glaserei Jonny W. M\u00fcller GmbH","isPartOf":{"@id":"https:\/\/glaserei-jonny-mueller.de\/#website"},"primaryImageOfPage":{"@id":"https:\/\/glaserei-jonny-mueller.de\/?page_id=460#primaryimage"},"image":{"@id":"https:\/\/glaserei-jonny-mueller.de\/?page_id=460#primaryimage"},"thumbnailUrl":"http:\/\/media.seitenbox.de\/p\/700\/images\/big\/4dbbe045-95bc-462d-9f16-0d8a57e62c34.jpg","datePublished":"2021-03-01T12:34:03+00:00","dateModified":"2021-03-12T10:23:30+00:00","breadcrumb":{"@id":"https:\/\/glaserei-jonny-mueller.de\/?page_id=460#breadcrumb"},"inLanguage":"de","potentialAction":[{"@type":"ReadAction","target":["https:\/\/glaserei-jonny-mueller.de\/?page_id=460"]}]},{"@type":"ImageObject","inLanguage":"de","@id":"https:\/\/glaserei-jonny-mueller.de\/?page_id=460#primaryimage","url":"http:\/\/media.seitenbox.de\/p\/700\/images\/big\/4dbbe045-95bc-462d-9f16-0d8a57e62c34.jpg","contentUrl":"http:\/\/media.seitenbox.de\/p\/700\/images\/big\/4dbbe045-95bc-462d-9f16-0d8a57e62c34.jpg"},{"@type":"BreadcrumbList","@id":"https:\/\/glaserei-jonny-mueller.de\/?page_id=460#breadcrumb","itemListElement":[{"@type":"ListItem","position":1,"name":"Startseite","item":"https:\/\/glaserei-jonny-mueller.de\/"},{"@type":"ListItem","position":2,"name":"Glas Info"}]},{"@type":"WebSite","@id":"https:\/\/glaserei-jonny-mueller.de\/#website","url":"https:\/\/glaserei-jonny-mueller.de\/","name":"Glaserei Jonny W. M\u00fcller GmbH","description":"Ein Fall f\u00fcr Jonny","publisher":{"@id":"https:\/\/glaserei-jonny-mueller.de\/#organization"},"potentialAction":[{"@type":"SearchAction","target":{"@type":"EntryPoint","urlTemplate":"https:\/\/glaserei-jonny-mueller.de\/?s={search_term_string}"},"query-input":{"@type":"PropertyValueSpecification","valueRequired":true,"valueName":"search_term_string"}}],"inLanguage":"de"},{"@type":"Organization","@id":"https:\/\/glaserei-jonny-mueller.de\/#organization","name":"hanseatische baudienstleistungs GmbH","url":"https:\/\/glaserei-jonny-mueller.de\/","logo":{"@type":"ImageObject","inLanguage":"de","@id":"https:\/\/glaserei-jonny-mueller.de\/#\/schema\/logo\/image\/","url":"","contentUrl":"","caption":"hanseatische baudienstleistungs GmbH"},"image":{"@id":"https:\/\/glaserei-jonny-mueller.de\/#\/schema\/logo\/image\/"}}]}},"_links":{"self":[{"href":"https:\/\/glaserei-jonny-mueller.de\/index.php?rest_route=\/wp\/v2\/pages\/460","targetHints":{"allow":["GET"]}}],"collection":[{"href":"https:\/\/glaserei-jonny-mueller.de\/index.php?rest_route=\/wp\/v2\/pages"}],"about":[{"href":"https:\/\/glaserei-jonny-mueller.de\/index.php?rest_route=\/wp\/v2\/types\/page"}],"author":[{"embeddable":true,"href":"https:\/\/glaserei-jonny-mueller.de\/index.php?rest_route=\/wp\/v2\/users\/1"}],"replies":[{"embeddable":true,"href":"https:\/\/glaserei-jonny-mueller.de\/index.php?rest_route=%2Fwp%2Fv2%2Fcomments&post=460"}],"version-history":[{"count":2,"href":"https:\/\/glaserei-jonny-mueller.de\/index.php?rest_route=\/wp\/v2\/pages\/460\/revisions"}],"predecessor-version":[{"id":707,"href":"https:\/\/glaserei-jonny-mueller.de\/index.php?rest_route=\/wp\/v2\/pages\/460\/revisions\/707"}],"wp:attachment":[{"href":"https:\/\/glaserei-jonny-mueller.de\/index.php?rest_route=%2Fwp%2Fv2%2Fmedia&parent=460"}],"curies":[{"name":"wp","href":"https:\/\/api.w.org\/{rel}","templated":true}]}}