{"id":48,"date":"2020-09-24T09:20:55","date_gmt":"2020-09-24T09:20:55","guid":{"rendered":"https:\/\/wordpress.glaserei-jonny-mueller.de\/?page_id=48"},"modified":"2021-03-22T13:07:28","modified_gmt":"2021-03-22T13:07:28","slug":"trockenbau","status":"publish","type":"page","link":"https:\/\/glaserei-jonny-mueller.de\/?page_id=48","title":{"rendered":"Kaminbodenplatte"},"content":{"rendered":"<h1><span style=\"color: #ff0000;\">Kaminbodenplatte<\/span><\/h1>\n<p><span class=\"image right\"><img loading=\"lazy\" decoding=\"async\" class=\"floating noborder alignleft\" src=\"http:\/\/media.seitenbox.de\/p\/700\/images\/big\/4e539fbe-6e14-43c1-97cf-4f4d57e62c34.jpg\" alt=\"Kaminbodenplatte eckig\" width=\"271\" height=\"361\" \/><\/span>Ein Kamin an sich ist bereits ein sch\u00f6ner Blickfang und gibt dem Raum Behaglichkeit und W\u00e4rme. Mit einer passenden Kaminplatte aus Glas unterstreichen Sie die Sch\u00f6nheit, ohne dabei den Blick auf das Wesentliche zu versperren.<\/p>\n<p><span class=\"image left\"><img loading=\"lazy\" decoding=\"async\" class=\"floating noborder alignleft\" src=\"http:\/\/media.seitenbox.de\/p\/700\/images\/big\/4e539f73-5e38-47f5-af3e-4bda57e62c34.jpg\" alt=\"Kaminbodenplatte rund\" width=\"327\" height=\"245\" \/><\/span><\/p>\n<p><strong>Wir liefern Ihnen jede Bodenplatte passend zum Kamin in transparent oder farbig, wie immer ganz individuell und ganz nach Ihren W\u00fcnschen!<\/strong><\/p>\n<p>&nbsp;<\/p>\n<p>&nbsp;<\/p>\n<p>Fragen Sie nach unseren Modellbodenplatten oder den Rund-, Eckig- sowie Vieleck-Bodenplatten. Gerne reparieren wir auch Ihre Kamint\u00fcren.<\/p>\n<p><a href=\"http:\/\/www.kachelofen-und-kamin.de\" target=\"_blank\" rel=\"noopener\">www.kachelofen-und-kamin.de<\/a><\/p>\n<style type=\"text\/css\" scoped>.rbs_gallery_69d23018253b1Spinner{\r\n\t\t\t\tmargin: 50px auto;\r\n\t\t\t\twidth: 50px;\r\n\t\t\t\theight: 40px;\r\n\t\t\t\ttext-align: center;\r\n\t\t\t\tfont-size: 10px;\r\n\t\t\t}\r\n\t\t\t.rbs_gallery_69d23018253b1Spinner > div{\r\n\t\t\t  background-color: #333;\r\n\t\t\t  height: 100%;\r\n\t\t\t  width: 6px;\r\n\t\t\t  display: inline-block;\r\n\t\t\t  -webkit-animation: rbs_gallery_69d23018253b1-stretchdelay 1.2s infinite ease-in-out;\r\n\t\t\t  animation: rbs_gallery_69d23018253b1-stretchdelay 1.2s infinite ease-in-out;\r\n\t\t\t}\r\n\t\t\t.rbs_gallery_69d23018253b1Spinner .rbs_gallery_69d23018253b1Rect2 {\r\n\t\t\t  -webkit-animation-delay: -1.1s;\r\n\t\t\t  animation-delay: -1.1s;\r\n\t\t\t}\r\n\t\t\t.rbs_gallery_69d23018253b1Spinner .rbs_gallery_69d23018253b1Rect3 {\r\n\t\t\t  -webkit-animation-delay: -1.0s;\r\n\t\t\t  animation-delay: -1.0s;\r\n\t\t\t}\r\n\t\t\t.rbs_gallery_69d23018253b1Spinner .rbs_gallery_69d23018253b1Rect4 {\r\n\t\t\t  -webkit-animation-delay: -0.9s;\r\n\t\t\t  animation-delay: -0.9s;\r\n\t\t\t}\r\n\t\t\t.rbs_gallery_69d23018253b1Spinner .rbs_gallery_69d23018253b1Rect5 {\r\n\t\t\t  -webkit-animation-delay: -0.8s;\r\n\t\t\t  animation-delay: -0.8s;\r\n\t\t\t}\r\n\t\t\t@-webkit-keyframes rbs_gallery_69d23018253b1-stretchdelay {\r\n\t\t\t  0%, 40%, 100% { -webkit-transform: scaleY(0.4) }  \r\n\t\t\t  20% { -webkit-transform: scaleY(1.0) }\r\n\t\t\t}\r\n\t\t\t@keyframes rbs_gallery_69d23018253b1-stretchdelay {\r\n\t\t\t  0%, 40%, 100% { \r\n\t\t\t    transform: scaleY(0.4);\r\n\t\t\t    -webkit-transform: scaleY(0.4);\r\n\t\t\t  }  20% { \r\n\t\t\t    transform: scaleY(1.0);\r\n\t\t\t    -webkit-transform: scaleY(1.0);\r\n\t\t\t  }\r\n\t\t\t}\r\n\t\t<\/style><div class=\"robo-gallery-wrap robo-gallery-wrap-id708 robo-gallery-mosaic\"><div id=\"rbs_gallery_69d23018253b1-block-loader\" class=\"rbs_gallery_69d23018253b1Spinner\"><div class=\"rbs_gallery_69d23018253b1Rect1\"><\/div> <div class=\"rbs_gallery_69d23018253b1Rect2\"><\/div> <div class=\"rbs_gallery_69d23018253b1Rect3\"><\/div> <div class=\"rbs_gallery_69d23018253b1Rect4\"><\/div> <div class=\"rbs_gallery_69d23018253b1Rect5\"><\/div><\/div><div id=\"robo_gallery_main_block_rbs_gallery_69d23018253b1\" class=\"robogallery-gallery-708\" style=\"width:100%;  display: none;\"><div id=\"rbs_gallery_69d23018253b1\" data-options=\"rbs_gallery_69d23018253b1\" style=\"width:100%;\" class=\"robo_gallery  \"><div class=\"rbs-img  category708 \"  data-columns=\"4\" ><div class=\"rbs-img-image   rbs-lightbox \" ><div class=\"rbs-img-thumbs\"  data-thumbnail=\"https:\/\/glaserei-jonny-mueller.de\/wp-content\/uploads\/2021\/03\/1-13-768x1024.jpg\"  title=\"1\"  data-width=\"768\"  data-height=\"1024\" ><\/div><div class=\"rbs-img-data-popup\"  data-popup=\"https:\/\/glaserei-jonny-mueller.de\/wp-content\/uploads\/2021\/03\/1-13-rotated.jpg\"  title=\"1\" ><\/div><div class=\"thumbnail-overlay\"><div class=\"rbsIcons\"><i class=\"fa fa-image rbsZoomIcon \" ><\/i><\/div><\/div><\/div><\/div><div class=\"rbs-img  category708 \" ><div class=\"rbs-img-image   rbs-lightbox \" ><div class=\"rbs-img-thumbs\"  data-thumbnail=\"https:\/\/glaserei-jonny-mueller.de\/wp-content\/uploads\/2021\/03\/2-9-768x1024.jpg\"  title=\"2\"  data-width=\"768\"  data-height=\"1024\" ><\/div><div class=\"rbs-img-data-popup\"  data-popup=\"https:\/\/glaserei-jonny-mueller.de\/wp-content\/uploads\/2021\/03\/2-9-rotated.jpg\"  title=\"2\" ><\/div><div class=\"thumbnail-overlay\"><div class=\"rbsIcons\"><i class=\"fa fa-image rbsZoomIcon \" ><\/i><\/div><\/div><\/div><\/div><div class=\"rbs-img  category708 \" ><div class=\"rbs-img-image   rbs-lightbox \" ><div class=\"rbs-img-thumbs\"  data-thumbnail=\"https:\/\/glaserei-jonny-mueller.de\/wp-content\/uploads\/2021\/03\/3-11-768x1024.jpg\"  title=\"3\"  data-width=\"768\"  data-height=\"1024\" ><\/div><div class=\"rbs-img-data-popup\"  data-popup=\"https:\/\/glaserei-jonny-mueller.de\/wp-content\/uploads\/2021\/03\/3-11-rotated.jpg\"  title=\"3\" ><\/div><div class=\"thumbnail-overlay\"><div class=\"rbsIcons\"><i class=\"fa fa-image rbsZoomIcon \" ><\/i><\/div><\/div><\/div><\/div><div class=\"rbs-img  category708 \" ><div class=\"rbs-img-image   rbs-lightbox \" ><div class=\"rbs-img-thumbs\"  data-thumbnail=\"https:\/\/glaserei-jonny-mueller.de\/wp-content\/uploads\/2021\/03\/4-8-768x1024.jpg\"  title=\"4\"  data-width=\"768\"  data-height=\"1024\" ><\/div><div class=\"rbs-img-data-popup\"  data-popup=\"https:\/\/glaserei-jonny-mueller.de\/wp-content\/uploads\/2021\/03\/4-8.jpg\"  title=\"4\" ><\/div><div class=\"thumbnail-overlay\"><div class=\"rbsIcons\"><i class=\"fa fa-image rbsZoomIcon \" ><\/i><\/div><\/div><\/div><\/div><\/div><\/div><\/div><script>var rbs_gallery_69d23018253b1 = {\"version\":\"3.0.5\",\"id\":708,\"class\":\"id708\",\"roboGalleryDelay\":1000,\"mainContainer\":\"#robo_gallery_main_block_rbs_gallery_69d23018253b1\",\"columnWidth\":\"auto\",\"columns\":8,\"resolutions\":[{\"columnWidth\":\"auto\",\"columns\":3,\"maxWidth\":960},{\"columnWidth\":\"auto\",\"columns\":2,\"maxWidth\":650},{\"columnWidth\":\"auto\",\"columns\":1,\"maxWidth\":450}],\"loadingContainer\":\"#rbs_gallery_69d23018253b1-block-loader\",\"deepLinking\":null,\"lightboxOptions\":{\"gallery\":{\"enabled\":true,\"tCounter\":\"%curr% of %total%\"}},\"borderSize\":5,\"overlayEffect\":\"direction-aware-fade\",\"boxesToLoadStart\":20,\"boxesToLoad\":8,\"lazyLoad\":1,\"waitUntilThumbLoads\":1,\"waitForAllThumbsNoMatterWhat\":null,\"LoadingWord\":\"Loading...\",\"loadMoreWord\":\"Load More\",\"noMoreEntriesWord\":\"No More Entries\",\"horizontalSpaceBetweenBoxes\":15,\"verticalSpaceBetweenBoxes\":15,\"wrapContainer\":\"#robo-gallery-wrap-rbs_gallery_69d23018253b1\"};<\/script>\n<p>&nbsp;<\/p>\n<p>&nbsp;<\/p>\n<div dir=\"ltr\" data-mode=\"id\"><span class=\"_5yl5\"><strong>\u00a0<\/strong><\/span><\/div>\n","protected":false},"excerpt":{"rendered":"<p>Kaminbodenplatte Ein Kamin an sich ist bereits ein sch\u00f6ner Blickfang und gibt dem Raum Behaglichkeit und W\u00e4rme. Mit einer passenden Kaminplatte aus Glas unterstreichen Sie die Sch\u00f6nheit, ohne dabei den Blick auf das Wesentliche zu versperren. Wir liefern Ihnen jede Bodenplatte passend zum Kamin in transparent oder farbig, wie immer ganz individuell und ganz nach &#8230; <a title=\"Kaminbodenplatte\" class=\"read-more\" href=\"https:\/\/glaserei-jonny-mueller.de\/?page_id=48\">Weiterlesen &#8230;<\/a><\/p>\n","protected":false},"author":1,"featured_media":0,"parent":0,"menu_order":0,"comment_status":"closed","ping_status":"closed","template":"","meta":{"footnotes":""},"class_list":["post-48","page","type-page","status-publish"],"yoast_head":"<!-- This site is optimized with the Yoast SEO plugin v26.8 - https:\/\/yoast.com\/product\/yoast-seo-wordpress\/ -->\n<title>Kaminbodenplatte - Glaserei Jonny W. M\u00fcller GmbH<\/title>\n<meta name=\"robots\" content=\"index, follow, max-snippet:-1, max-image-preview:large, max-video-preview:-1\" \/>\n<link rel=\"canonical\" href=\"https:\/\/glaserei-jonny-mueller.de\/?page_id=48\" \/>\n<meta property=\"og:locale\" content=\"de_DE\" \/>\n<meta property=\"og:type\" content=\"article\" \/>\n<meta property=\"og:title\" content=\"Kaminbodenplatte - Glaserei Jonny W. M\u00fcller GmbH\" \/>\n<meta property=\"og:description\" content=\"Kaminbodenplatte Ein Kamin an sich ist bereits ein sch\u00f6ner Blickfang und gibt dem Raum Behaglichkeit und W\u00e4rme. Mit einer passenden Kaminplatte aus Glas unterstreichen Sie die Sch\u00f6nheit, ohne dabei den Blick auf das Wesentliche zu versperren. Wir liefern Ihnen jede Bodenplatte passend zum Kamin in transparent oder farbig, wie immer ganz individuell und ganz nach ... Weiterlesen ...\" \/>\n<meta property=\"og:url\" content=\"https:\/\/glaserei-jonny-mueller.de\/?page_id=48\" \/>\n<meta property=\"og:site_name\" content=\"Glaserei Jonny W. M\u00fcller GmbH\" \/>\n<meta property=\"article:modified_time\" content=\"2021-03-22T13:07:28+00:00\" \/>\n<meta property=\"og:image\" content=\"http:\/\/media.seitenbox.de\/p\/700\/images\/big\/4e539fbe-6e14-43c1-97cf-4f4d57e62c34.jpg\" \/>\n<meta name=\"twitter:card\" content=\"summary_large_image\" \/>\n<meta name=\"twitter:label1\" content=\"Gesch\u00e4tzte Lesezeit\" \/>\n\t<meta name=\"twitter:data1\" content=\"1\u00a0Minute\" \/>\n<script type=\"application\/ld+json\" class=\"yoast-schema-graph\">{\"@context\":\"https:\/\/schema.org\",\"@graph\":[{\"@type\":\"WebPage\",\"@id\":\"https:\/\/glaserei-jonny-mueller.de\/?page_id=48\",\"url\":\"https:\/\/glaserei-jonny-mueller.de\/?page_id=48\",\"name\":\"Kaminbodenplatte - Glaserei Jonny W. M\u00fcller GmbH\",\"isPartOf\":{\"@id\":\"https:\/\/glaserei-jonny-mueller.de\/#website\"},\"primaryImageOfPage\":{\"@id\":\"https:\/\/glaserei-jonny-mueller.de\/?page_id=48#primaryimage\"},\"image\":{\"@id\":\"https:\/\/glaserei-jonny-mueller.de\/?page_id=48#primaryimage\"},\"thumbnailUrl\":\"http:\/\/media.seitenbox.de\/p\/700\/images\/big\/4e539fbe-6e14-43c1-97cf-4f4d57e62c34.jpg\",\"datePublished\":\"2020-09-24T09:20:55+00:00\",\"dateModified\":\"2021-03-22T13:07:28+00:00\",\"breadcrumb\":{\"@id\":\"https:\/\/glaserei-jonny-mueller.de\/?page_id=48#breadcrumb\"},\"inLanguage\":\"de\",\"potentialAction\":[{\"@type\":\"ReadAction\",\"target\":[\"https:\/\/glaserei-jonny-mueller.de\/?page_id=48\"]}]},{\"@type\":\"ImageObject\",\"inLanguage\":\"de\",\"@id\":\"https:\/\/glaserei-jonny-mueller.de\/?page_id=48#primaryimage\",\"url\":\"http:\/\/media.seitenbox.de\/p\/700\/images\/big\/4e539fbe-6e14-43c1-97cf-4f4d57e62c34.jpg\",\"contentUrl\":\"http:\/\/media.seitenbox.de\/p\/700\/images\/big\/4e539fbe-6e14-43c1-97cf-4f4d57e62c34.jpg\"},{\"@type\":\"BreadcrumbList\",\"@id\":\"https:\/\/glaserei-jonny-mueller.de\/?page_id=48#breadcrumb\",\"itemListElement\":[{\"@type\":\"ListItem\",\"position\":1,\"name\":\"Startseite\",\"item\":\"https:\/\/glaserei-jonny-mueller.de\/\"},{\"@type\":\"ListItem\",\"position\":2,\"name\":\"Kaminbodenplatte\"}]},{\"@type\":\"WebSite\",\"@id\":\"https:\/\/glaserei-jonny-mueller.de\/#website\",\"url\":\"https:\/\/glaserei-jonny-mueller.de\/\",\"name\":\"Glaserei Jonny W. M\u00fcller GmbH\",\"description\":\"Ein Fall f\u00fcr Jonny\",\"publisher\":{\"@id\":\"https:\/\/glaserei-jonny-mueller.de\/#organization\"},\"potentialAction\":[{\"@type\":\"SearchAction\",\"target\":{\"@type\":\"EntryPoint\",\"urlTemplate\":\"https:\/\/glaserei-jonny-mueller.de\/?s={search_term_string}\"},\"query-input\":{\"@type\":\"PropertyValueSpecification\",\"valueRequired\":true,\"valueName\":\"search_term_string\"}}],\"inLanguage\":\"de\"},{\"@type\":\"Organization\",\"@id\":\"https:\/\/glaserei-jonny-mueller.de\/#organization\",\"name\":\"hanseatische baudienstleistungs GmbH\",\"url\":\"https:\/\/glaserei-jonny-mueller.de\/\",\"logo\":{\"@type\":\"ImageObject\",\"inLanguage\":\"de\",\"@id\":\"https:\/\/glaserei-jonny-mueller.de\/#\/schema\/logo\/image\/\",\"url\":\"\",\"contentUrl\":\"\",\"caption\":\"hanseatische baudienstleistungs GmbH\"},\"image\":{\"@id\":\"https:\/\/glaserei-jonny-mueller.de\/#\/schema\/logo\/image\/\"}}]}<\/script>\n<!-- \/ Yoast SEO plugin. -->","yoast_head_json":{"title":"Kaminbodenplatte - Glaserei Jonny W. M\u00fcller GmbH","robots":{"index":"index","follow":"follow","max-snippet":"max-snippet:-1","max-image-preview":"max-image-preview:large","max-video-preview":"max-video-preview:-1"},"canonical":"https:\/\/glaserei-jonny-mueller.de\/?page_id=48","og_locale":"de_DE","og_type":"article","og_title":"Kaminbodenplatte - Glaserei Jonny W. M\u00fcller GmbH","og_description":"Kaminbodenplatte Ein Kamin an sich ist bereits ein sch\u00f6ner Blickfang und gibt dem Raum Behaglichkeit und W\u00e4rme. Mit einer passenden Kaminplatte aus Glas unterstreichen Sie die Sch\u00f6nheit, ohne dabei den Blick auf das Wesentliche zu versperren. Wir liefern Ihnen jede Bodenplatte passend zum Kamin in transparent oder farbig, wie immer ganz individuell und ganz nach ... Weiterlesen ...","og_url":"https:\/\/glaserei-jonny-mueller.de\/?page_id=48","og_site_name":"Glaserei Jonny W. M\u00fcller GmbH","article_modified_time":"2021-03-22T13:07:28+00:00","og_image":[{"url":"http:\/\/media.seitenbox.de\/p\/700\/images\/big\/4e539fbe-6e14-43c1-97cf-4f4d57e62c34.jpg","type":"","width":"","height":""}],"twitter_card":"summary_large_image","twitter_misc":{"Gesch\u00e4tzte Lesezeit":"1\u00a0Minute"},"schema":{"@context":"https:\/\/schema.org","@graph":[{"@type":"WebPage","@id":"https:\/\/glaserei-jonny-mueller.de\/?page_id=48","url":"https:\/\/glaserei-jonny-mueller.de\/?page_id=48","name":"Kaminbodenplatte - Glaserei Jonny W. M\u00fcller GmbH","isPartOf":{"@id":"https:\/\/glaserei-jonny-mueller.de\/#website"},"primaryImageOfPage":{"@id":"https:\/\/glaserei-jonny-mueller.de\/?page_id=48#primaryimage"},"image":{"@id":"https:\/\/glaserei-jonny-mueller.de\/?page_id=48#primaryimage"},"thumbnailUrl":"http:\/\/media.seitenbox.de\/p\/700\/images\/big\/4e539fbe-6e14-43c1-97cf-4f4d57e62c34.jpg","datePublished":"2020-09-24T09:20:55+00:00","dateModified":"2021-03-22T13:07:28+00:00","breadcrumb":{"@id":"https:\/\/glaserei-jonny-mueller.de\/?page_id=48#breadcrumb"},"inLanguage":"de","potentialAction":[{"@type":"ReadAction","target":["https:\/\/glaserei-jonny-mueller.de\/?page_id=48"]}]},{"@type":"ImageObject","inLanguage":"de","@id":"https:\/\/glaserei-jonny-mueller.de\/?page_id=48#primaryimage","url":"http:\/\/media.seitenbox.de\/p\/700\/images\/big\/4e539fbe-6e14-43c1-97cf-4f4d57e62c34.jpg","contentUrl":"http:\/\/media.seitenbox.de\/p\/700\/images\/big\/4e539fbe-6e14-43c1-97cf-4f4d57e62c34.jpg"},{"@type":"BreadcrumbList","@id":"https:\/\/glaserei-jonny-mueller.de\/?page_id=48#breadcrumb","itemListElement":[{"@type":"ListItem","position":1,"name":"Startseite","item":"https:\/\/glaserei-jonny-mueller.de\/"},{"@type":"ListItem","position":2,"name":"Kaminbodenplatte"}]},{"@type":"WebSite","@id":"https:\/\/glaserei-jonny-mueller.de\/#website","url":"https:\/\/glaserei-jonny-mueller.de\/","name":"Glaserei Jonny W. M\u00fcller GmbH","description":"Ein Fall f\u00fcr Jonny","publisher":{"@id":"https:\/\/glaserei-jonny-mueller.de\/#organization"},"potentialAction":[{"@type":"SearchAction","target":{"@type":"EntryPoint","urlTemplate":"https:\/\/glaserei-jonny-mueller.de\/?s={search_term_string}"},"query-input":{"@type":"PropertyValueSpecification","valueRequired":true,"valueName":"search_term_string"}}],"inLanguage":"de"},{"@type":"Organization","@id":"https:\/\/glaserei-jonny-mueller.de\/#organization","name":"hanseatische baudienstleistungs GmbH","url":"https:\/\/glaserei-jonny-mueller.de\/","logo":{"@type":"ImageObject","inLanguage":"de","@id":"https:\/\/glaserei-jonny-mueller.de\/#\/schema\/logo\/image\/","url":"","contentUrl":"","caption":"hanseatische baudienstleistungs GmbH"},"image":{"@id":"https:\/\/glaserei-jonny-mueller.de\/#\/schema\/logo\/image\/"}}]}},"_links":{"self":[{"href":"https:\/\/glaserei-jonny-mueller.de\/index.php?rest_route=\/wp\/v2\/pages\/48","targetHints":{"allow":["GET"]}}],"collection":[{"href":"https:\/\/glaserei-jonny-mueller.de\/index.php?rest_route=\/wp\/v2\/pages"}],"about":[{"href":"https:\/\/glaserei-jonny-mueller.de\/index.php?rest_route=\/wp\/v2\/types\/page"}],"author":[{"embeddable":true,"href":"https:\/\/glaserei-jonny-mueller.de\/index.php?rest_route=\/wp\/v2\/users\/1"}],"replies":[{"embeddable":true,"href":"https:\/\/glaserei-jonny-mueller.de\/index.php?rest_route=%2Fwp%2Fv2%2Fcomments&post=48"}],"version-history":[{"count":13,"href":"https:\/\/glaserei-jonny-mueller.de\/index.php?rest_route=\/wp\/v2\/pages\/48\/revisions"}],"predecessor-version":[{"id":724,"href":"https:\/\/glaserei-jonny-mueller.de\/index.php?rest_route=\/wp\/v2\/pages\/48\/revisions\/724"}],"wp:attachment":[{"href":"https:\/\/glaserei-jonny-mueller.de\/index.php?rest_route=%2Fwp%2Fv2%2Fmedia&parent=48"}],"curies":[{"name":"wp","href":"https:\/\/api.w.org\/{rel}","templated":true}]}}