{"id":50,"date":"2020-09-24T09:21:22","date_gmt":"2020-09-24T09:21:22","guid":{"rendered":"https:\/\/wordpress.glaserei-jonny-mueller.de\/?page_id=50"},"modified":"2026-03-03T10:22:09","modified_gmt":"2026-03-03T10:22:09","slug":"fussboeden","status":"publish","type":"page","link":"https:\/\/glaserei-jonny-mueller.de\/?page_id=50","title":{"rendered":"Wohnwelt"},"content":{"rendered":"<h1 class=\"n2_ss_slider_publish__option_code\" dir=\"ltr\" data-mode=\"id\"><span style=\"color: #ff0000;\">Glas ist vielf\u00e4ltig und bietet daher umfangreiche Einsatzm\u00f6glichkeiten im ganzen Haus.<\/span><\/h1>\n<div class=\"text\">\n<p>Wir fertigen Ihnen individuelle Tischplatten aus Glas&#8230;.<\/p>\n<p>Oder wir verschaffen Ihrer K\u00fcche den besonderen Flair mit farbigen K\u00fcchenr\u00fcckw\u00e4nden&#8230;<\/p>\n<p><span style=\"color: #ff0000;\"><strong>Das Material Glas ist sch\u00f6n, exklusiv und pflegeleicht.<\/strong><\/span><\/p>\n<style type=\"text\/css\" scoped>.rbs_gallery_69f0b24c03c5bSpinner{\r\n\t\t\t\tmargin: 50px auto;\r\n\t\t\t\twidth: 50px;\r\n\t\t\t\theight: 40px;\r\n\t\t\t\ttext-align: center;\r\n\t\t\t\tfont-size: 10px;\r\n\t\t\t}\r\n\t\t\t.rbs_gallery_69f0b24c03c5bSpinner > div{\r\n\t\t\t  background-color: #333;\r\n\t\t\t  height: 100%;\r\n\t\t\t  width: 6px;\r\n\t\t\t  display: inline-block;\r\n\t\t\t  -webkit-animation: rbs_gallery_69f0b24c03c5b-stretchdelay 1.2s infinite ease-in-out;\r\n\t\t\t  animation: rbs_gallery_69f0b24c03c5b-stretchdelay 1.2s infinite ease-in-out;\r\n\t\t\t}\r\n\t\t\t.rbs_gallery_69f0b24c03c5bSpinner .rbs_gallery_69f0b24c03c5bRect2 {\r\n\t\t\t  -webkit-animation-delay: -1.1s;\r\n\t\t\t  animation-delay: -1.1s;\r\n\t\t\t}\r\n\t\t\t.rbs_gallery_69f0b24c03c5bSpinner .rbs_gallery_69f0b24c03c5bRect3 {\r\n\t\t\t  -webkit-animation-delay: -1.0s;\r\n\t\t\t  animation-delay: -1.0s;\r\n\t\t\t}\r\n\t\t\t.rbs_gallery_69f0b24c03c5bSpinner .rbs_gallery_69f0b24c03c5bRect4 {\r\n\t\t\t  -webkit-animation-delay: -0.9s;\r\n\t\t\t  animation-delay: -0.9s;\r\n\t\t\t}\r\n\t\t\t.rbs_gallery_69f0b24c03c5bSpinner .rbs_gallery_69f0b24c03c5bRect5 {\r\n\t\t\t  -webkit-animation-delay: -0.8s;\r\n\t\t\t  animation-delay: -0.8s;\r\n\t\t\t}\r\n\t\t\t@-webkit-keyframes rbs_gallery_69f0b24c03c5b-stretchdelay {\r\n\t\t\t  0%, 40%, 100% { -webkit-transform: scaleY(0.4) }  \r\n\t\t\t  20% { -webkit-transform: scaleY(1.0) }\r\n\t\t\t}\r\n\t\t\t@keyframes rbs_gallery_69f0b24c03c5b-stretchdelay {\r\n\t\t\t  0%, 40%, 100% { \r\n\t\t\t    transform: scaleY(0.4);\r\n\t\t\t    -webkit-transform: scaleY(0.4);\r\n\t\t\t  }  20% { \r\n\t\t\t    transform: scaleY(1.0);\r\n\t\t\t    -webkit-transform: scaleY(1.0);\r\n\t\t\t  }\r\n\t\t\t}\r\n\t\t<\/style><div class=\"robo-gallery-wrap robo-gallery-wrap-id478 robo-gallery-mosaic\"><div id=\"rbs_gallery_69f0b24c03c5b-block-loader\" class=\"rbs_gallery_69f0b24c03c5bSpinner\"><div class=\"rbs_gallery_69f0b24c03c5bRect1\"><\/div> <div class=\"rbs_gallery_69f0b24c03c5bRect2\"><\/div> <div class=\"rbs_gallery_69f0b24c03c5bRect3\"><\/div> <div class=\"rbs_gallery_69f0b24c03c5bRect4\"><\/div> <div class=\"rbs_gallery_69f0b24c03c5bRect5\"><\/div><\/div><div id=\"robo_gallery_main_block_rbs_gallery_69f0b24c03c5b\" class=\"robogallery-gallery-478\" style=\"width:100%;  display: none;\"><div id=\"rbs_gallery_69f0b24c03c5b\" data-options=\"rbs_gallery_69f0b24c03c5b\" style=\"width:100%;\" class=\"robo_gallery  \"><div class=\"rbs-img  category478 \"  data-columns=\"4\" ><div class=\"rbs-img-image   rbs-lightbox \" ><div class=\"rbs-img-thumbs\"  data-thumbnail=\"https:\/\/glaserei-jonny-mueller.de\/wp-content\/uploads\/2021\/03\/Kaiserkai-Kuechenrueckwandscheibe.jpg\"  title=\"Kaiserkai, K\u00fcchenr\u00fcckwandscheibe\"  data-width=\"1181\"  data-height=\"951\" ><\/div><div class=\"rbs-img-data-popup\"  data-popup=\"https:\/\/glaserei-jonny-mueller.de\/wp-content\/uploads\/2021\/03\/Kaiserkai-Kuechenrueckwandscheibe.jpg\"  title=\"Kaiserkai, K\u00fcchenr\u00fcckwandscheibe\" ><\/div><div class=\"thumbnail-overlay\"><div class=\"rbsIcons\"><i class=\"fa fa-image rbsZoomIcon \" ><\/i><\/div><\/div><\/div><\/div><div class=\"rbs-img  category478 \" ><div class=\"rbs-img-image   rbs-lightbox \" ><div class=\"rbs-img-thumbs\"  data-thumbnail=\"https:\/\/glaserei-jonny-mueller.de\/wp-content\/uploads\/2021\/03\/image011-scaled.jpg\"  title=\"image011\"  data-width=\"1920\"  data-height=\"2560\" ><\/div><div class=\"rbs-img-data-popup\"  data-popup=\"https:\/\/glaserei-jonny-mueller.de\/wp-content\/uploads\/2021\/03\/image011-scaled.jpg\"  title=\"image011\" ><\/div><div class=\"thumbnail-overlay\"><div class=\"rbsIcons\"><i class=\"fa fa-image rbsZoomIcon \" ><\/i><\/div><\/div><\/div><\/div><div class=\"rbs-img  category478 \" ><div class=\"rbs-img-image   rbs-lightbox \" ><div class=\"rbs-img-thumbs\"  data-thumbnail=\"https:\/\/glaserei-jonny-mueller.de\/wp-content\/uploads\/2021\/03\/image0-scaled.jpeg\"  title=\"image0\"  data-width=\"2560\"  data-height=\"1920\" ><\/div><div class=\"rbs-img-data-popup\"  data-popup=\"https:\/\/glaserei-jonny-mueller.de\/wp-content\/uploads\/2021\/03\/image0-scaled.jpeg\"  title=\"image0\" ><\/div><div class=\"thumbnail-overlay\"><div class=\"rbsIcons\"><i class=\"fa fa-image rbsZoomIcon \" ><\/i><\/div><\/div><\/div><\/div><div class=\"rbs-img  category478 \" ><div class=\"rbs-img-image   rbs-lightbox \" ><div class=\"rbs-img-thumbs\"  data-thumbnail=\"https:\/\/glaserei-jonny-mueller.de\/wp-content\/uploads\/2021\/03\/20201017_104701-Wintergarten-2-scaled.jpg\"  title=\"20201017_104701 Wintergarten 2\"  data-width=\"1920\"  data-height=\"2560\" ><\/div><div class=\"rbs-img-data-popup\"  data-popup=\"https:\/\/glaserei-jonny-mueller.de\/wp-content\/uploads\/2021\/03\/20201017_104701-Wintergarten-2-scaled.jpg\"  title=\"20201017_104701 Wintergarten 2\" ><\/div><div class=\"thumbnail-overlay\"><div class=\"rbsIcons\"><i class=\"fa fa-image rbsZoomIcon \" ><\/i><\/div><\/div><\/div><\/div><div class=\"rbs-img  category478 \"  data-columns=\"3\" ><div class=\"rbs-img-image   rbs-lightbox \" ><div class=\"rbs-img-thumbs\"  data-thumbnail=\"https:\/\/glaserei-jonny-mueller.de\/wp-content\/uploads\/2021\/03\/20190810_093820-scaled.jpg\"  title=\"20190810_093820\"  data-width=\"1920\"  data-height=\"2560\" ><\/div><div class=\"rbs-img-data-popup\"  data-popup=\"https:\/\/glaserei-jonny-mueller.de\/wp-content\/uploads\/2021\/03\/20190810_093820-scaled.jpg\"  title=\"20190810_093820\" ><\/div><div class=\"thumbnail-overlay\"><div class=\"rbsIcons\"><i class=\"fa fa-image rbsZoomIcon \" ><\/i><\/div><\/div><\/div><\/div><div class=\"rbs-img  category478 \" ><div class=\"rbs-img-image   rbs-lightbox \" ><div class=\"rbs-img-thumbs\"  data-thumbnail=\"https:\/\/glaserei-jonny-mueller.de\/wp-content\/uploads\/2021\/03\/3-1.jpg\"  title=\"3\"  data-width=\"533\"  data-height=\"800\" ><\/div><div class=\"rbs-img-data-popup\"  data-popup=\"https:\/\/glaserei-jonny-mueller.de\/wp-content\/uploads\/2021\/03\/3-1.jpg\"  title=\"3\" ><\/div><div class=\"thumbnail-overlay\"><div class=\"rbsIcons\"><i class=\"fa fa-image rbsZoomIcon \" ><\/i><\/div><\/div><\/div><\/div><div class=\"rbs-img  category478 \" ><div class=\"rbs-img-image   rbs-lightbox \" ><div class=\"rbs-img-thumbs\"  data-thumbnail=\"https:\/\/glaserei-jonny-mueller.de\/wp-content\/uploads\/2021\/03\/1-1.jpg\"  title=\"1\"  data-width=\"600\"  data-height=\"400\" ><\/div><div class=\"rbs-img-data-popup\"  data-popup=\"https:\/\/glaserei-jonny-mueller.de\/wp-content\/uploads\/2021\/03\/1-1.jpg\"  title=\"1\" ><\/div><div class=\"thumbnail-overlay\"><div class=\"rbsIcons\"><i class=\"fa fa-image rbsZoomIcon \" ><\/i><\/div><\/div><\/div><\/div><div class=\"rbs-img  category478 \" ><div class=\"rbs-img-image   rbs-lightbox \" ><div class=\"rbs-img-thumbs\"  data-thumbnail=\"https:\/\/glaserei-jonny-mueller.de\/wp-content\/uploads\/2021\/03\/2.jpg\"  title=\"2\"  data-width=\"600\"  data-height=\"800\" ><\/div><div class=\"rbs-img-data-popup\"  data-popup=\"https:\/\/glaserei-jonny-mueller.de\/wp-content\/uploads\/2021\/03\/2.jpg\"  title=\"2\" ><\/div><div class=\"thumbnail-overlay\"><div class=\"rbsIcons\"><i class=\"fa fa-image rbsZoomIcon \" ><\/i><\/div><\/div><\/div><\/div><div class=\"rbs-img  category478 \" ><div class=\"rbs-img-image   rbs-lightbox \" ><div class=\"rbs-img-thumbs\"  data-thumbnail=\"https:\/\/glaserei-jonny-mueller.de\/wp-content\/uploads\/2021\/03\/5.jpg\"  title=\"5\"  data-width=\"600\"  data-height=\"411\" ><\/div><div class=\"rbs-img-data-popup\"  data-popup=\"https:\/\/glaserei-jonny-mueller.de\/wp-content\/uploads\/2021\/03\/5.jpg\"  title=\"5\" ><\/div><div class=\"thumbnail-overlay\"><div class=\"rbsIcons\"><i class=\"fa fa-image rbsZoomIcon \" ><\/i><\/div><\/div><\/div><\/div><div class=\"rbs-img  category478 \"  data-columns=\"2\" ><div class=\"rbs-img-image   rbs-lightbox \" ><div class=\"rbs-img-thumbs\"  data-thumbnail=\"https:\/\/glaserei-jonny-mueller.de\/wp-content\/uploads\/2021\/03\/1.jpg\"  title=\"1\"  data-width=\"533\"  data-height=\"800\" ><\/div><div class=\"rbs-img-data-popup\"  data-popup=\"https:\/\/glaserei-jonny-mueller.de\/wp-content\/uploads\/2021\/03\/1.jpg\"  title=\"1\" ><\/div><div class=\"thumbnail-overlay\"><div class=\"rbsIcons\"><i class=\"fa fa-image rbsZoomIcon \" ><\/i><\/div><\/div><\/div><\/div><div class=\"rbs-img  category478 \" ><div class=\"rbs-img-image   rbs-lightbox \" ><div class=\"rbs-img-thumbs\"  data-thumbnail=\"https:\/\/glaserei-jonny-mueller.de\/wp-content\/uploads\/2021\/03\/3.jpg\"  title=\"3\"  data-width=\"533\"  data-height=\"800\" ><\/div><div class=\"rbs-img-data-popup\"  data-popup=\"https:\/\/glaserei-jonny-mueller.de\/wp-content\/uploads\/2021\/03\/3.jpg\"  title=\"3\" ><\/div><div class=\"thumbnail-overlay\"><div class=\"rbsIcons\"><i class=\"fa fa-image rbsZoomIcon \" ><\/i><\/div><\/div><\/div><\/div><div class=\"rbs-img  category478 \" ><div class=\"rbs-img-image   rbs-lightbox \" ><div class=\"rbs-img-thumbs\"  data-thumbnail=\"https:\/\/glaserei-jonny-mueller.de\/wp-content\/uploads\/2021\/03\/AdobeStock_253915894_Preview.jpeg\"  title=\"AdobeStock_253915894_Preview\"  data-width=\"1000\"  data-height=\"667\" ><\/div><div class=\"rbs-img-data-popup\"  data-popup=\"https:\/\/glaserei-jonny-mueller.de\/wp-content\/uploads\/2021\/03\/AdobeStock_253915894_Preview.jpeg\"  title=\"AdobeStock_253915894_Preview\" ><\/div><div class=\"thumbnail-overlay\"><div class=\"rbsIcons\"><i class=\"fa fa-image rbsZoomIcon \" ><\/i><\/div><\/div><\/div><\/div><div class=\"rbs-img  category478 \"  data-columns=\"4\" ><div class=\"rbs-img-image   rbs-lightbox \" ><div class=\"rbs-img-thumbs\"  data-thumbnail=\"https:\/\/glaserei-jonny-mueller.de\/wp-content\/uploads\/2021\/02\/st10.jpg\"  title=\"st10\"  data-width=\"720\"  data-height=\"241\" ><\/div><div class=\"rbs-img-data-popup\"  data-popup=\"https:\/\/glaserei-jonny-mueller.de\/wp-content\/uploads\/2021\/02\/st10.jpg\"  title=\"st10\" ><\/div><div class=\"thumbnail-overlay\"><div class=\"rbsIcons\"><i class=\"fa fa-image rbsZoomIcon \" ><\/i><\/div><\/div><\/div><\/div><\/div><\/div><\/div><script>var rbs_gallery_69f0b24c03c5b = {\"version\":\"3.0.5\",\"id\":478,\"class\":\"id478\",\"roboGalleryDelay\":1000,\"mainContainer\":\"#robo_gallery_main_block_rbs_gallery_69f0b24c03c5b\",\"columnWidth\":\"auto\",\"columns\":8,\"resolutions\":[{\"columnWidth\":\"auto\",\"columns\":3,\"maxWidth\":960},{\"columnWidth\":\"auto\",\"columns\":2,\"maxWidth\":650},{\"columnWidth\":\"auto\",\"columns\":1,\"maxWidth\":450}],\"loadingContainer\":\"#rbs_gallery_69f0b24c03c5b-block-loader\",\"deepLinking\":null,\"lightboxOptions\":{\"gallery\":{\"enabled\":true,\"tCounter\":\"%curr% of %total%\"}},\"borderSize\":5,\"overlayEffect\":\"direction-aware-fade\",\"boxesToLoadStart\":20,\"boxesToLoad\":8,\"lazyLoad\":1,\"waitUntilThumbLoads\":1,\"waitForAllThumbsNoMatterWhat\":null,\"LoadingWord\":\"Loading...\",\"loadMoreWord\":\"Load More\",\"noMoreEntriesWord\":\"No More Entries\",\"horizontalSpaceBetweenBoxes\":15,\"verticalSpaceBetweenBoxes\":15,\"wrapContainer\":\"#robo-gallery-wrap-rbs_gallery_69f0b24c03c5b\"};<\/script>\n<\/div>\n<div class=\"text\">\n<h2><span style=\"color: #ff0000;\">Zu unserem Angebot f\u00fcr Ihre exklusive Wohnwelt geh\u00f6ren zum Beispiel&#8230;.<\/span><\/h2>\n<ul>\n<li>Tischplatten<\/li>\n<li>Farbige K\u00fcchenr\u00fcckw\u00e4nde<\/li>\n<li>Glasborde<\/li>\n<li>Schrankt\u00fcren<\/li>\n<li>Vitrinen<\/li>\n<li>Fensterb\u00e4nke<\/li>\n<li>Treppen<\/li>\n<li>K\u00fchlschrankplatten<\/li>\n<li>Bilderrahmen<\/li>\n<li>Innent\u00fcren<\/li>\n<\/ul>\n<p>&nbsp;<\/p>\n<\/div>\n<p>&nbsp;<\/p>\n<div dir=\"ltr\" data-mode=\"id\"><span class=\"_5yl5\"><strong>\u00a0<\/strong><\/span><\/div>\n","protected":false},"excerpt":{"rendered":"<p>Glas ist vielf\u00e4ltig und bietet daher umfangreiche Einsatzm\u00f6glichkeiten im ganzen Haus. Wir fertigen Ihnen individuelle Tischplatten aus Glas&#8230;. Oder wir verschaffen Ihrer K\u00fcche den besonderen Flair mit farbigen K\u00fcchenr\u00fcckw\u00e4nden&#8230; Das Material Glas ist sch\u00f6n, exklusiv und pflegeleicht. Zu unserem Angebot f\u00fcr Ihre exklusive Wohnwelt geh\u00f6ren zum Beispiel&#8230;. Tischplatten Farbige K\u00fcchenr\u00fcckw\u00e4nde Glasborde Schrankt\u00fcren Vitrinen Fensterb\u00e4nke Treppen &#8230; <a title=\"Wohnwelt\" class=\"read-more\" href=\"https:\/\/glaserei-jonny-mueller.de\/?page_id=50\">Weiterlesen &#8230;<\/a><\/p>\n","protected":false},"author":1,"featured_media":0,"parent":0,"menu_order":0,"comment_status":"closed","ping_status":"closed","template":"","meta":{"footnotes":""},"class_list":["post-50","page","type-page","status-publish"],"yoast_head":"<!-- This site is optimized with the Yoast SEO plugin v26.8 - https:\/\/yoast.com\/product\/yoast-seo-wordpress\/ -->\n<title>Wohnwelt - Glaserei Jonny W. M\u00fcller GmbH<\/title>\n<meta name=\"robots\" content=\"index, follow, max-snippet:-1, max-image-preview:large, max-video-preview:-1\" \/>\n<link rel=\"canonical\" href=\"https:\/\/glaserei-jonny-mueller.de\/?page_id=50\" \/>\n<meta property=\"og:locale\" content=\"de_DE\" \/>\n<meta property=\"og:type\" content=\"article\" \/>\n<meta property=\"og:title\" content=\"Wohnwelt - Glaserei Jonny W. M\u00fcller GmbH\" \/>\n<meta property=\"og:description\" content=\"Glas ist vielf\u00e4ltig und bietet daher umfangreiche Einsatzm\u00f6glichkeiten im ganzen Haus. Wir fertigen Ihnen individuelle Tischplatten aus Glas&#8230;. Oder wir verschaffen Ihrer K\u00fcche den besonderen Flair mit farbigen K\u00fcchenr\u00fcckw\u00e4nden&#8230; Das Material Glas ist sch\u00f6n, exklusiv und pflegeleicht. Zu unserem Angebot f\u00fcr Ihre exklusive Wohnwelt geh\u00f6ren zum Beispiel&#8230;. Tischplatten Farbige K\u00fcchenr\u00fcckw\u00e4nde Glasborde Schrankt\u00fcren Vitrinen Fensterb\u00e4nke Treppen ... Weiterlesen ...\" \/>\n<meta property=\"og:url\" content=\"https:\/\/glaserei-jonny-mueller.de\/?page_id=50\" \/>\n<meta property=\"og:site_name\" content=\"Glaserei Jonny W. M\u00fcller GmbH\" \/>\n<meta property=\"article:modified_time\" content=\"2026-03-03T10:22:09+00:00\" \/>\n<meta name=\"twitter:card\" content=\"summary_large_image\" \/>\n<meta name=\"twitter:label1\" content=\"Gesch\u00e4tzte Lesezeit\" \/>\n\t<meta name=\"twitter:data1\" content=\"1\u00a0Minute\" \/>\n<script type=\"application\/ld+json\" class=\"yoast-schema-graph\">{\"@context\":\"https:\/\/schema.org\",\"@graph\":[{\"@type\":\"WebPage\",\"@id\":\"https:\/\/glaserei-jonny-mueller.de\/?page_id=50\",\"url\":\"https:\/\/glaserei-jonny-mueller.de\/?page_id=50\",\"name\":\"Wohnwelt - Glaserei Jonny W. M\u00fcller GmbH\",\"isPartOf\":{\"@id\":\"https:\/\/glaserei-jonny-mueller.de\/#website\"},\"datePublished\":\"2020-09-24T09:21:22+00:00\",\"dateModified\":\"2026-03-03T10:22:09+00:00\",\"breadcrumb\":{\"@id\":\"https:\/\/glaserei-jonny-mueller.de\/?page_id=50#breadcrumb\"},\"inLanguage\":\"de\",\"potentialAction\":[{\"@type\":\"ReadAction\",\"target\":[\"https:\/\/glaserei-jonny-mueller.de\/?page_id=50\"]}]},{\"@type\":\"BreadcrumbList\",\"@id\":\"https:\/\/glaserei-jonny-mueller.de\/?page_id=50#breadcrumb\",\"itemListElement\":[{\"@type\":\"ListItem\",\"position\":1,\"name\":\"Startseite\",\"item\":\"https:\/\/glaserei-jonny-mueller.de\/\"},{\"@type\":\"ListItem\",\"position\":2,\"name\":\"Wohnwelt\"}]},{\"@type\":\"WebSite\",\"@id\":\"https:\/\/glaserei-jonny-mueller.de\/#website\",\"url\":\"https:\/\/glaserei-jonny-mueller.de\/\",\"name\":\"Glaserei Jonny W. M\u00fcller GmbH\",\"description\":\"Ein Fall f\u00fcr Jonny\",\"publisher\":{\"@id\":\"https:\/\/glaserei-jonny-mueller.de\/#organization\"},\"potentialAction\":[{\"@type\":\"SearchAction\",\"target\":{\"@type\":\"EntryPoint\",\"urlTemplate\":\"https:\/\/glaserei-jonny-mueller.de\/?s={search_term_string}\"},\"query-input\":{\"@type\":\"PropertyValueSpecification\",\"valueRequired\":true,\"valueName\":\"search_term_string\"}}],\"inLanguage\":\"de\"},{\"@type\":\"Organization\",\"@id\":\"https:\/\/glaserei-jonny-mueller.de\/#organization\",\"name\":\"hanseatische baudienstleistungs GmbH\",\"url\":\"https:\/\/glaserei-jonny-mueller.de\/\",\"logo\":{\"@type\":\"ImageObject\",\"inLanguage\":\"de\",\"@id\":\"https:\/\/glaserei-jonny-mueller.de\/#\/schema\/logo\/image\/\",\"url\":\"\",\"contentUrl\":\"\",\"caption\":\"hanseatische baudienstleistungs GmbH\"},\"image\":{\"@id\":\"https:\/\/glaserei-jonny-mueller.de\/#\/schema\/logo\/image\/\"}}]}<\/script>\n<!-- \/ Yoast SEO plugin. -->","yoast_head_json":{"title":"Wohnwelt - Glaserei Jonny W. M\u00fcller GmbH","robots":{"index":"index","follow":"follow","max-snippet":"max-snippet:-1","max-image-preview":"max-image-preview:large","max-video-preview":"max-video-preview:-1"},"canonical":"https:\/\/glaserei-jonny-mueller.de\/?page_id=50","og_locale":"de_DE","og_type":"article","og_title":"Wohnwelt - Glaserei Jonny W. M\u00fcller GmbH","og_description":"Glas ist vielf\u00e4ltig und bietet daher umfangreiche Einsatzm\u00f6glichkeiten im ganzen Haus. Wir fertigen Ihnen individuelle Tischplatten aus Glas&#8230;. Oder wir verschaffen Ihrer K\u00fcche den besonderen Flair mit farbigen K\u00fcchenr\u00fcckw\u00e4nden&#8230; Das Material Glas ist sch\u00f6n, exklusiv und pflegeleicht. Zu unserem Angebot f\u00fcr Ihre exklusive Wohnwelt geh\u00f6ren zum Beispiel&#8230;. Tischplatten Farbige K\u00fcchenr\u00fcckw\u00e4nde Glasborde Schrankt\u00fcren Vitrinen Fensterb\u00e4nke Treppen ... Weiterlesen ...","og_url":"https:\/\/glaserei-jonny-mueller.de\/?page_id=50","og_site_name":"Glaserei Jonny W. M\u00fcller GmbH","article_modified_time":"2026-03-03T10:22:09+00:00","twitter_card":"summary_large_image","twitter_misc":{"Gesch\u00e4tzte Lesezeit":"1\u00a0Minute"},"schema":{"@context":"https:\/\/schema.org","@graph":[{"@type":"WebPage","@id":"https:\/\/glaserei-jonny-mueller.de\/?page_id=50","url":"https:\/\/glaserei-jonny-mueller.de\/?page_id=50","name":"Wohnwelt - Glaserei Jonny W. M\u00fcller GmbH","isPartOf":{"@id":"https:\/\/glaserei-jonny-mueller.de\/#website"},"datePublished":"2020-09-24T09:21:22+00:00","dateModified":"2026-03-03T10:22:09+00:00","breadcrumb":{"@id":"https:\/\/glaserei-jonny-mueller.de\/?page_id=50#breadcrumb"},"inLanguage":"de","potentialAction":[{"@type":"ReadAction","target":["https:\/\/glaserei-jonny-mueller.de\/?page_id=50"]}]},{"@type":"BreadcrumbList","@id":"https:\/\/glaserei-jonny-mueller.de\/?page_id=50#breadcrumb","itemListElement":[{"@type":"ListItem","position":1,"name":"Startseite","item":"https:\/\/glaserei-jonny-mueller.de\/"},{"@type":"ListItem","position":2,"name":"Wohnwelt"}]},{"@type":"WebSite","@id":"https:\/\/glaserei-jonny-mueller.de\/#website","url":"https:\/\/glaserei-jonny-mueller.de\/","name":"Glaserei Jonny W. M\u00fcller GmbH","description":"Ein Fall f\u00fcr Jonny","publisher":{"@id":"https:\/\/glaserei-jonny-mueller.de\/#organization"},"potentialAction":[{"@type":"SearchAction","target":{"@type":"EntryPoint","urlTemplate":"https:\/\/glaserei-jonny-mueller.de\/?s={search_term_string}"},"query-input":{"@type":"PropertyValueSpecification","valueRequired":true,"valueName":"search_term_string"}}],"inLanguage":"de"},{"@type":"Organization","@id":"https:\/\/glaserei-jonny-mueller.de\/#organization","name":"hanseatische baudienstleistungs GmbH","url":"https:\/\/glaserei-jonny-mueller.de\/","logo":{"@type":"ImageObject","inLanguage":"de","@id":"https:\/\/glaserei-jonny-mueller.de\/#\/schema\/logo\/image\/","url":"","contentUrl":"","caption":"hanseatische baudienstleistungs GmbH"},"image":{"@id":"https:\/\/glaserei-jonny-mueller.de\/#\/schema\/logo\/image\/"}}]}},"_links":{"self":[{"href":"https:\/\/glaserei-jonny-mueller.de\/index.php?rest_route=\/wp\/v2\/pages\/50","targetHints":{"allow":["GET"]}}],"collection":[{"href":"https:\/\/glaserei-jonny-mueller.de\/index.php?rest_route=\/wp\/v2\/pages"}],"about":[{"href":"https:\/\/glaserei-jonny-mueller.de\/index.php?rest_route=\/wp\/v2\/types\/page"}],"author":[{"embeddable":true,"href":"https:\/\/glaserei-jonny-mueller.de\/index.php?rest_route=\/wp\/v2\/users\/1"}],"replies":[{"embeddable":true,"href":"https:\/\/glaserei-jonny-mueller.de\/index.php?rest_route=%2Fwp%2Fv2%2Fcomments&post=50"}],"version-history":[{"count":11,"href":"https:\/\/glaserei-jonny-mueller.de\/index.php?rest_route=\/wp\/v2\/pages\/50\/revisions"}],"predecessor-version":[{"id":799,"href":"https:\/\/glaserei-jonny-mueller.de\/index.php?rest_route=\/wp\/v2\/pages\/50\/revisions\/799"}],"wp:attachment":[{"href":"https:\/\/glaserei-jonny-mueller.de\/index.php?rest_route=%2Fwp%2Fv2%2Fmedia&parent=50"}],"curies":[{"name":"wp","href":"https:\/\/api.w.org\/{rel}","templated":true}]}}