{"id":52,"date":"2020-09-24T09:21:52","date_gmt":"2020-09-24T09:21:52","guid":{"rendered":"https:\/\/wordpress.glaserei-jonny-mueller.de\/?page_id=52"},"modified":"2021-03-12T10:00:50","modified_gmt":"2021-03-12T10:00:50","slug":"bausanierung","status":"publish","type":"page","link":"https:\/\/glaserei-jonny-mueller.de\/?page_id=52","title":{"rendered":"Glast\u00fcren, Fenster, Dach"},"content":{"rendered":"<h1 class=\"n2_ss_slider_publish__option_code\" dir=\"ltr\" data-mode=\"id\"><span style=\"color: #ff0000;\"><strong>Geben Sie Ihrem Haus das besondere Etwas mit individuellen Fenstern oder T\u00fcren aus Glas.<\/strong><\/span><\/h1>\n<div class=\"text\">\n<p>Wir haben eine gro\u00dfe Auswahl an Fenstern und Glast\u00fcren. Ob Kunststoff- oder Holzrahmen, ob klein, gro\u00df, rund oder eckig. Wir haben Fenster und T\u00fcren f\u00fcr jeden Zweck und Wunsch. Und nat\u00fcrlich fertigen diese auch individuell nach Kundenwunsch an, damit Ihr Haus ganz nach Ihren W\u00fcnschen gestaltet werden kann.<\/p>\n<\/div>\n<div class=\"text\">\n<p>Machen Sie einen Termin. Gerne kommen wir vorbei und beraten Sie. Wir\u00a0 werden zusammen die Fenster finden, die Sie bzw. Ihr Haus ben\u00f6tigen.Profitieren Sie von unserer jahrelangen Erfahrung, denn auch gerade im Bereich der Energieeinsparung sind wir Ihr kompetenter Ansprechpartner!<\/p>\n<\/div>\n<div class=\"text\">\n<h3>_______________________________________________________________________________________________<\/h3>\n<h2><span class=\"image right\"><img loading=\"lazy\" decoding=\"async\" class=\"floating noborder alignleft\" src=\"http:\/\/media.seitenbox.de\/p\/700\/images\/big\/4e5e0e16-3cd0-4b7c-843c-277f57e62c34.jpg\" alt=\"Kunststoffrahmen Fenster\" width=\"399\" height=\"457\" \/><\/span><span style=\"color: #ff0000;\">Kunststofffenster<\/span><\/h2>\n<p>Diese Fenster sind eine gute Wahl f\u00fcr Ihr Zuhause. Es entsteht kaum ein W\u00e4rmeverlust, da sie doppelwandig sind. Ein Kunststofffenster schlie\u00dft im Vergleich zum Holzfenster luftdicht ab. Das erfordert allerdings regelm\u00e4\u00dfiges L\u00fcften. Sie werden angenehme \u00fcberrascht sein, wie leicht sich diese Fenster reinigen und pflegen lassen und wie positiv sie sich auf die Energiebilanz Ihres Hauses auswirken. Kunststofffenster f\u00fchren zu einer drastischen Reduzierung der Heizkosten. Bei der Pflege der Fenster sollte man neben dem regelm\u00e4\u00dfigen L\u00fcften allerdings auch hin und wieder mal die Gummifalz und die Scharniere mit einbeziehen. Dann haben sie lange Freude an Ihren Fenstern.<\/p>\n<\/div>\n<div class=\"text\">\n<p>&nbsp;<\/p>\n<h3>_______________________________________________________________________________________________<\/h3>\n<h2><span style=\"color: #ff0000;\">Holzfenster<\/span><\/h2>\n<p><span class=\"image right\"><img decoding=\"async\" class=\"floating noborder alignright\" src=\"http:\/\/media.seitenbox.de\/p\/700\/images\/big\/4e5e0d6d-9dbc-4539-83ae-222557e62c34.jpg\" alt=\"Fenster mit Holzrahmen und Kunststoffrahmen\" \/><\/span>Nachdem Holz fr\u00fcher der g\u00e4ngige Baustoff war, entstand irgendwann die Meinung unter Architekten und Bauherren, Holz sei kein zeitgem\u00e4\u00dfes Material mehr. Vielen schien es pl\u00f6tzlich veraltet und nicht mehr zweckgem\u00e4\u00df. Doch heute kann man diesbez\u00fcglich ein erneutes Umdenken feststellen.<\/p>\n<p>Man setzt heute wieder auf den Baustoff Holz. Und dies zeigt sich auch beim Fensterbau. Holz hat sehr viele positive Eigenschaften, die mittlerweile wieder gro\u00dfe Anerkennung findet. Warum dieses Umdenken? Es sind nicht nur die rein physikalischen Eigenschaften des Material Holz, das Augenmerk richtet sich ganz besonders auf die geringe W\u00e4rmeleitf\u00e4higkeit. Holz bietet eine sehr gute Isoliereigenschaft und wird daher als nat\u00fcrlicher Baustoff empfohlen.<\/p>\n<p>Der Baustoff Holz ist nachhaltig. Der Prozess der Holzproduktion kommt der Umwelt zugute, denn B\u00e4ume verbrauchen gro\u00dfe Mengen an Kohlendioxid, was zu einer Verringerung des Treibhauseffektes f\u00fchrt. Auch bei der Entsorgung von alten Holzfenstern erkennt man die positiven Effekte f\u00fcr unsere Umwelt. Nach der Trennung von Glas, Metall und anderen im Fenster befindlichen Materialien kann das alte Fenster verbrannt werden, ohne dass unsere Umwelt daran Schaden nimmt. Zudem wird beim Verbrennungsprozess wertvolle Energie zur Stromversorgung erzeugt. Davon profitiert nicht nur unsere heutige Generation, sondern auch unsere Kinder.<\/p>\n<\/div>\n<div class=\"text\">\n<h3>_______________________________________________________________________________________________<\/h3>\n<h2><span style=\"color: #ff0000;\">Velux &#8211; Fenster f\u00fcr Ihr Dach<\/span><\/h2>\n<p>Das Velux-Programm bietet Ihnen eine gro\u00dfe Auswahl an Fenstern f\u00fcr Ihre Dachfl\u00e4chen an. Mit Velux erhalten Sie ein fortschrittliches und intelligentes System, dass kompatibel und ausbauf\u00e4hig aus. Neben den allgemein bekannten Velux-Dachfl\u00e4chenfenster gibt es praktisches und n\u00fctzliches Zubeh\u00f6r wie zum Beispiel Rollos und Insektenschutz, Fenster mit Fernbedienung, Cabrio-Fenster, die sich leicht zu einem kleinen Balkon verwandeln lassen und noch vieles mehr&#8230;<\/p>\n<p><strong>Fragen Sie uns nach unserem Velux-Programm. Gerne zeigen wir Ihnen die gro\u00dfe Auswahl der Dachfl\u00e4chenfenster und ihres Zubeh\u00f6rs.<\/strong><\/p>\n<\/div>\n<div class=\"text\">\n<h3>_______________________________________________________________________________________________<\/h3>\n<h2><span class=\"image left\"><img loading=\"lazy\" decoding=\"async\" class=\"floating noborder alignright\" src=\"http:\/\/media.seitenbox.de\/p\/700\/images\/big\/4e524fc6-da70-438e-8b27-773a57e62c34.jpg\" alt=\"Ganzglast\u00fcren\" width=\"313\" height=\"417\" \/><\/span><span style=\"color: #ff0000;\">Ganzglast\u00fcren<\/span><\/h2>\n<p>Eine Eingangst\u00fcr mit Glaseinsatz oder Ganzglast\u00fcren im Wohnbereich k\u00f6nnen ein echter Hingucker sein.<\/p>\n<p>Der Raum gewinnt an Licht und die Transparenz des Glases verleiht Ihren R\u00e4umen ein modernes und gro\u00dfz\u00fcgiges Aussehen. Mit dem Material Glas bietet sich Ihnen viele verschiedene M\u00f6glichkeiten.<\/p>\n<p>&nbsp;<\/p>\n<p>&nbsp;<\/p>\n<p>&nbsp;<\/p>\n<\/div>\n<div class=\"text\">\n<h3>_______________________________________________________________________________________________<\/h3>\n<h2><span class=\"image left\"><img loading=\"lazy\" decoding=\"async\" class=\"floating noborder alignleft\" src=\"http:\/\/media.seitenbox.de\/p\/700\/images\/big\/4e5b6916-81d4-446d-b121-0f5557e62c34.jpg\" alt=\"T\u00fcr Eingangst\u00fcr Hauseingang\" width=\"267\" height=\"356\" \/><\/span><span style=\"color: #ff0000;\">Eingangst\u00fcren<\/span><\/h2>\n<p>&nbsp;<\/p>\n<p>Zu unserem Angebot geh\u00f6ren Eingangst\u00fcren aus Kunststoff wie auch aus Holz. Und wir bieten Ihnen auch die F\u00fcllung Ihrer bereits vorhandenen Haust\u00fcr an. Lassen Sie sich von uns beraten. Gerne stehen wir Ihnen mit Rat und Tat zur Seite, um Ihrem Haus einen individuellen Charakter zu verleihen.<\/p>\n<p>&nbsp;<\/p>\n<p>&nbsp;<\/p>\n<p>&nbsp;<\/p>\n<p>&nbsp;<\/p>\n<\/div>\n<p>&nbsp;<\/p>\n<div dir=\"ltr\" data-mode=\"id\"><span class=\"_5yl5\"><strong>\u00a0<\/strong><\/span><\/div>\n","protected":false},"excerpt":{"rendered":"<p>Geben Sie Ihrem Haus das besondere Etwas mit individuellen Fenstern oder T\u00fcren aus Glas. Wir haben eine gro\u00dfe Auswahl an Fenstern und Glast\u00fcren. Ob Kunststoff- oder Holzrahmen, ob klein, gro\u00df, rund oder eckig. Wir haben Fenster und T\u00fcren f\u00fcr jeden Zweck und Wunsch. Und nat\u00fcrlich fertigen diese auch individuell nach Kundenwunsch an, damit Ihr Haus &#8230; <a title=\"Glast\u00fcren, Fenster, Dach\" class=\"read-more\" href=\"https:\/\/glaserei-jonny-mueller.de\/?page_id=52\">Weiterlesen &#8230;<\/a><\/p>\n","protected":false},"author":1,"featured_media":0,"parent":0,"menu_order":0,"comment_status":"closed","ping_status":"closed","template":"","meta":{"footnotes":""},"class_list":["post-52","page","type-page","status-publish"],"yoast_head":"<!-- This site is optimized with the Yoast SEO plugin v26.8 - https:\/\/yoast.com\/product\/yoast-seo-wordpress\/ -->\n<title>Glast\u00fcren, Fenster, Dach - Glaserei Jonny W. M\u00fcller GmbH<\/title>\n<meta name=\"robots\" content=\"index, follow, max-snippet:-1, max-image-preview:large, max-video-preview:-1\" \/>\n<link rel=\"canonical\" href=\"https:\/\/glaserei-jonny-mueller.de\/?page_id=52\" \/>\n<meta property=\"og:locale\" content=\"de_DE\" \/>\n<meta property=\"og:type\" content=\"article\" \/>\n<meta property=\"og:title\" content=\"Glast\u00fcren, Fenster, Dach - Glaserei Jonny W. M\u00fcller GmbH\" \/>\n<meta property=\"og:description\" content=\"Geben Sie Ihrem Haus das besondere Etwas mit individuellen Fenstern oder T\u00fcren aus Glas. Wir haben eine gro\u00dfe Auswahl an Fenstern und Glast\u00fcren. Ob Kunststoff- oder Holzrahmen, ob klein, gro\u00df, rund oder eckig. Wir haben Fenster und T\u00fcren f\u00fcr jeden Zweck und Wunsch. Und nat\u00fcrlich fertigen diese auch individuell nach Kundenwunsch an, damit Ihr Haus ... Weiterlesen ...\" \/>\n<meta property=\"og:url\" content=\"https:\/\/glaserei-jonny-mueller.de\/?page_id=52\" \/>\n<meta property=\"og:site_name\" content=\"Glaserei Jonny W. M\u00fcller GmbH\" \/>\n<meta property=\"article:modified_time\" content=\"2021-03-12T10:00:50+00:00\" \/>\n<meta property=\"og:image\" content=\"http:\/\/media.seitenbox.de\/p\/700\/images\/big\/4e5e0e16-3cd0-4b7c-843c-277f57e62c34.jpg\" \/>\n<meta name=\"twitter:card\" content=\"summary_large_image\" \/>\n<meta name=\"twitter:label1\" content=\"Gesch\u00e4tzte Lesezeit\" \/>\n\t<meta name=\"twitter:data1\" content=\"4\u00a0Minuten\" \/>\n<script type=\"application\/ld+json\" class=\"yoast-schema-graph\">{\"@context\":\"https:\/\/schema.org\",\"@graph\":[{\"@type\":\"WebPage\",\"@id\":\"https:\/\/glaserei-jonny-mueller.de\/?page_id=52\",\"url\":\"https:\/\/glaserei-jonny-mueller.de\/?page_id=52\",\"name\":\"Glast\u00fcren, Fenster, Dach - Glaserei Jonny W. M\u00fcller GmbH\",\"isPartOf\":{\"@id\":\"https:\/\/glaserei-jonny-mueller.de\/#website\"},\"primaryImageOfPage\":{\"@id\":\"https:\/\/glaserei-jonny-mueller.de\/?page_id=52#primaryimage\"},\"image\":{\"@id\":\"https:\/\/glaserei-jonny-mueller.de\/?page_id=52#primaryimage\"},\"thumbnailUrl\":\"http:\/\/media.seitenbox.de\/p\/700\/images\/big\/4e5e0e16-3cd0-4b7c-843c-277f57e62c34.jpg\",\"datePublished\":\"2020-09-24T09:21:52+00:00\",\"dateModified\":\"2021-03-12T10:00:50+00:00\",\"breadcrumb\":{\"@id\":\"https:\/\/glaserei-jonny-mueller.de\/?page_id=52#breadcrumb\"},\"inLanguage\":\"de\",\"potentialAction\":[{\"@type\":\"ReadAction\",\"target\":[\"https:\/\/glaserei-jonny-mueller.de\/?page_id=52\"]}]},{\"@type\":\"ImageObject\",\"inLanguage\":\"de\",\"@id\":\"https:\/\/glaserei-jonny-mueller.de\/?page_id=52#primaryimage\",\"url\":\"http:\/\/media.seitenbox.de\/p\/700\/images\/big\/4e5e0e16-3cd0-4b7c-843c-277f57e62c34.jpg\",\"contentUrl\":\"http:\/\/media.seitenbox.de\/p\/700\/images\/big\/4e5e0e16-3cd0-4b7c-843c-277f57e62c34.jpg\"},{\"@type\":\"BreadcrumbList\",\"@id\":\"https:\/\/glaserei-jonny-mueller.de\/?page_id=52#breadcrumb\",\"itemListElement\":[{\"@type\":\"ListItem\",\"position\":1,\"name\":\"Startseite\",\"item\":\"https:\/\/glaserei-jonny-mueller.de\/\"},{\"@type\":\"ListItem\",\"position\":2,\"name\":\"Glast\u00fcren, Fenster, Dach\"}]},{\"@type\":\"WebSite\",\"@id\":\"https:\/\/glaserei-jonny-mueller.de\/#website\",\"url\":\"https:\/\/glaserei-jonny-mueller.de\/\",\"name\":\"Glaserei Jonny W. M\u00fcller GmbH\",\"description\":\"Ein Fall f\u00fcr Jonny\",\"publisher\":{\"@id\":\"https:\/\/glaserei-jonny-mueller.de\/#organization\"},\"potentialAction\":[{\"@type\":\"SearchAction\",\"target\":{\"@type\":\"EntryPoint\",\"urlTemplate\":\"https:\/\/glaserei-jonny-mueller.de\/?s={search_term_string}\"},\"query-input\":{\"@type\":\"PropertyValueSpecification\",\"valueRequired\":true,\"valueName\":\"search_term_string\"}}],\"inLanguage\":\"de\"},{\"@type\":\"Organization\",\"@id\":\"https:\/\/glaserei-jonny-mueller.de\/#organization\",\"name\":\"hanseatische baudienstleistungs GmbH\",\"url\":\"https:\/\/glaserei-jonny-mueller.de\/\",\"logo\":{\"@type\":\"ImageObject\",\"inLanguage\":\"de\",\"@id\":\"https:\/\/glaserei-jonny-mueller.de\/#\/schema\/logo\/image\/\",\"url\":\"\",\"contentUrl\":\"\",\"caption\":\"hanseatische baudienstleistungs GmbH\"},\"image\":{\"@id\":\"https:\/\/glaserei-jonny-mueller.de\/#\/schema\/logo\/image\/\"}}]}<\/script>\n<!-- \/ Yoast SEO plugin. -->","yoast_head_json":{"title":"Glast\u00fcren, Fenster, Dach - Glaserei Jonny W. M\u00fcller GmbH","robots":{"index":"index","follow":"follow","max-snippet":"max-snippet:-1","max-image-preview":"max-image-preview:large","max-video-preview":"max-video-preview:-1"},"canonical":"https:\/\/glaserei-jonny-mueller.de\/?page_id=52","og_locale":"de_DE","og_type":"article","og_title":"Glast\u00fcren, Fenster, Dach - Glaserei Jonny W. M\u00fcller GmbH","og_description":"Geben Sie Ihrem Haus das besondere Etwas mit individuellen Fenstern oder T\u00fcren aus Glas. Wir haben eine gro\u00dfe Auswahl an Fenstern und Glast\u00fcren. Ob Kunststoff- oder Holzrahmen, ob klein, gro\u00df, rund oder eckig. Wir haben Fenster und T\u00fcren f\u00fcr jeden Zweck und Wunsch. Und nat\u00fcrlich fertigen diese auch individuell nach Kundenwunsch an, damit Ihr Haus ... Weiterlesen ...","og_url":"https:\/\/glaserei-jonny-mueller.de\/?page_id=52","og_site_name":"Glaserei Jonny W. M\u00fcller GmbH","article_modified_time":"2021-03-12T10:00:50+00:00","og_image":[{"url":"http:\/\/media.seitenbox.de\/p\/700\/images\/big\/4e5e0e16-3cd0-4b7c-843c-277f57e62c34.jpg","type":"","width":"","height":""}],"twitter_card":"summary_large_image","twitter_misc":{"Gesch\u00e4tzte Lesezeit":"4\u00a0Minuten"},"schema":{"@context":"https:\/\/schema.org","@graph":[{"@type":"WebPage","@id":"https:\/\/glaserei-jonny-mueller.de\/?page_id=52","url":"https:\/\/glaserei-jonny-mueller.de\/?page_id=52","name":"Glast\u00fcren, Fenster, Dach - Glaserei Jonny W. M\u00fcller GmbH","isPartOf":{"@id":"https:\/\/glaserei-jonny-mueller.de\/#website"},"primaryImageOfPage":{"@id":"https:\/\/glaserei-jonny-mueller.de\/?page_id=52#primaryimage"},"image":{"@id":"https:\/\/glaserei-jonny-mueller.de\/?page_id=52#primaryimage"},"thumbnailUrl":"http:\/\/media.seitenbox.de\/p\/700\/images\/big\/4e5e0e16-3cd0-4b7c-843c-277f57e62c34.jpg","datePublished":"2020-09-24T09:21:52+00:00","dateModified":"2021-03-12T10:00:50+00:00","breadcrumb":{"@id":"https:\/\/glaserei-jonny-mueller.de\/?page_id=52#breadcrumb"},"inLanguage":"de","potentialAction":[{"@type":"ReadAction","target":["https:\/\/glaserei-jonny-mueller.de\/?page_id=52"]}]},{"@type":"ImageObject","inLanguage":"de","@id":"https:\/\/glaserei-jonny-mueller.de\/?page_id=52#primaryimage","url":"http:\/\/media.seitenbox.de\/p\/700\/images\/big\/4e5e0e16-3cd0-4b7c-843c-277f57e62c34.jpg","contentUrl":"http:\/\/media.seitenbox.de\/p\/700\/images\/big\/4e5e0e16-3cd0-4b7c-843c-277f57e62c34.jpg"},{"@type":"BreadcrumbList","@id":"https:\/\/glaserei-jonny-mueller.de\/?page_id=52#breadcrumb","itemListElement":[{"@type":"ListItem","position":1,"name":"Startseite","item":"https:\/\/glaserei-jonny-mueller.de\/"},{"@type":"ListItem","position":2,"name":"Glast\u00fcren, Fenster, Dach"}]},{"@type":"WebSite","@id":"https:\/\/glaserei-jonny-mueller.de\/#website","url":"https:\/\/glaserei-jonny-mueller.de\/","name":"Glaserei Jonny W. M\u00fcller GmbH","description":"Ein Fall f\u00fcr Jonny","publisher":{"@id":"https:\/\/glaserei-jonny-mueller.de\/#organization"},"potentialAction":[{"@type":"SearchAction","target":{"@type":"EntryPoint","urlTemplate":"https:\/\/glaserei-jonny-mueller.de\/?s={search_term_string}"},"query-input":{"@type":"PropertyValueSpecification","valueRequired":true,"valueName":"search_term_string"}}],"inLanguage":"de"},{"@type":"Organization","@id":"https:\/\/glaserei-jonny-mueller.de\/#organization","name":"hanseatische baudienstleistungs GmbH","url":"https:\/\/glaserei-jonny-mueller.de\/","logo":{"@type":"ImageObject","inLanguage":"de","@id":"https:\/\/glaserei-jonny-mueller.de\/#\/schema\/logo\/image\/","url":"","contentUrl":"","caption":"hanseatische baudienstleistungs GmbH"},"image":{"@id":"https:\/\/glaserei-jonny-mueller.de\/#\/schema\/logo\/image\/"}}]}},"_links":{"self":[{"href":"https:\/\/glaserei-jonny-mueller.de\/index.php?rest_route=\/wp\/v2\/pages\/52","targetHints":{"allow":["GET"]}}],"collection":[{"href":"https:\/\/glaserei-jonny-mueller.de\/index.php?rest_route=\/wp\/v2\/pages"}],"about":[{"href":"https:\/\/glaserei-jonny-mueller.de\/index.php?rest_route=\/wp\/v2\/types\/page"}],"author":[{"embeddable":true,"href":"https:\/\/glaserei-jonny-mueller.de\/index.php?rest_route=\/wp\/v2\/users\/1"}],"replies":[{"embeddable":true,"href":"https:\/\/glaserei-jonny-mueller.de\/index.php?rest_route=%2Fwp%2Fv2%2Fcomments&post=52"}],"version-history":[{"count":11,"href":"https:\/\/glaserei-jonny-mueller.de\/index.php?rest_route=\/wp\/v2\/pages\/52\/revisions"}],"predecessor-version":[{"id":676,"href":"https:\/\/glaserei-jonny-mueller.de\/index.php?rest_route=\/wp\/v2\/pages\/52\/revisions\/676"}],"wp:attachment":[{"href":"https:\/\/glaserei-jonny-mueller.de\/index.php?rest_route=%2Fwp%2Fv2%2Fmedia&parent=52"}],"curies":[{"name":"wp","href":"https:\/\/api.w.org\/{rel}","templated":true}]}}