{"id":677,"date":"2021-03-12T10:02:46","date_gmt":"2021-03-12T10:02:46","guid":{"rendered":"https:\/\/wordpress.glaserei-jonny-mueller.de\/?page_id=677"},"modified":"2021-03-12T10:05:11","modified_gmt":"2021-03-12T10:05:11","slug":"kunststofffenster","status":"publish","type":"page","link":"https:\/\/glaserei-jonny-mueller.de\/?page_id=677","title":{"rendered":"Kunststofffenster"},"content":{"rendered":"<h1>Kunststofffenster<\/h1>\n<h2><span class=\"image right\"><img loading=\"lazy\" decoding=\"async\" class=\"floating noborder alignleft\" src=\"http:\/\/media.seitenbox.de\/p\/700\/images\/big\/4e5e0e16-3cd0-4b7c-843c-277f57e62c34.jpg\" alt=\"Kunststoffrahmen Fenster\" width=\"399\" height=\"457\" \/><\/span><\/h2>\n<p>Diese Fenster sind eine gute Wahl f\u00fcr Ihr Zuhause. Es entsteht kaum ein W\u00e4rmeverlust, da sie doppelwandig sind. Ein Kunststofffenster schlie\u00dft im Vergleich zum Holzfenster luftdicht ab. Das erfordert allerdings regelm\u00e4\u00dfiges L\u00fcften. Sie werden angenehme \u00fcberrascht sein, wie leicht sich diese Fenster reinigen und pflegen lassen und wie positiv sie sich auf die Energiebilanz Ihres Hauses auswirken. Kunststofffenster f\u00fchren zu einer drastischen Reduzierung der Heizkosten. Bei der Pflege der Fenster sollte man neben dem regelm\u00e4\u00dfigen L\u00fcften allerdings auch hin und wieder mal die Gummifalz und die Scharniere mit einbeziehen. Dann haben sie lange Freude an Ihren Fenstern.<\/p>\n<p><a href=\"https:\/\/www.drinkuth.de\/\" target=\"_blank\" rel=\"noopener\"><strong>Drinkuth<\/strong><\/a><\/p>\n","protected":false},"excerpt":{"rendered":"<p>Kunststofffenster Diese Fenster sind eine gute Wahl f\u00fcr Ihr Zuhause. Es entsteht kaum ein W\u00e4rmeverlust, da sie doppelwandig sind. Ein Kunststofffenster schlie\u00dft im Vergleich zum Holzfenster luftdicht ab. Das erfordert allerdings regelm\u00e4\u00dfiges L\u00fcften. Sie werden angenehme \u00fcberrascht sein, wie leicht sich diese Fenster reinigen und pflegen lassen und wie positiv sie sich auf die Energiebilanz &#8230; <a title=\"Kunststofffenster\" class=\"read-more\" href=\"https:\/\/glaserei-jonny-mueller.de\/?page_id=677\">Weiterlesen &#8230;<\/a><\/p>\n","protected":false},"author":1,"featured_media":0,"parent":0,"menu_order":0,"comment_status":"closed","ping_status":"closed","template":"","meta":{"footnotes":""},"class_list":["post-677","page","type-page","status-publish"],"yoast_head":"<!-- This site is optimized with the Yoast SEO plugin v26.8 - https:\/\/yoast.com\/product\/yoast-seo-wordpress\/ -->\n<title>Kunststofffenster - Glaserei Jonny W. M\u00fcller GmbH<\/title>\n<meta name=\"robots\" content=\"index, follow, max-snippet:-1, max-image-preview:large, max-video-preview:-1\" \/>\n<link rel=\"canonical\" href=\"https:\/\/glaserei-jonny-mueller.de\/?page_id=677\" \/>\n<meta property=\"og:locale\" content=\"de_DE\" \/>\n<meta property=\"og:type\" content=\"article\" \/>\n<meta property=\"og:title\" content=\"Kunststofffenster - Glaserei Jonny W. M\u00fcller GmbH\" \/>\n<meta property=\"og:description\" content=\"Kunststofffenster Diese Fenster sind eine gute Wahl f\u00fcr Ihr Zuhause. Es entsteht kaum ein W\u00e4rmeverlust, da sie doppelwandig sind. Ein Kunststofffenster schlie\u00dft im Vergleich zum Holzfenster luftdicht ab. Das erfordert allerdings regelm\u00e4\u00dfiges L\u00fcften. Sie werden angenehme \u00fcberrascht sein, wie leicht sich diese Fenster reinigen und pflegen lassen und wie positiv sie sich auf die Energiebilanz ... Weiterlesen ...\" \/>\n<meta property=\"og:url\" content=\"https:\/\/glaserei-jonny-mueller.de\/?page_id=677\" \/>\n<meta property=\"og:site_name\" content=\"Glaserei Jonny W. M\u00fcller GmbH\" \/>\n<meta property=\"article:modified_time\" content=\"2021-03-12T10:05:11+00:00\" \/>\n<meta property=\"og:image\" content=\"http:\/\/media.seitenbox.de\/p\/700\/images\/big\/4e5e0e16-3cd0-4b7c-843c-277f57e62c34.jpg\" \/>\n<meta name=\"twitter:card\" content=\"summary_large_image\" \/>\n<meta name=\"twitter:label1\" content=\"Gesch\u00e4tzte Lesezeit\" \/>\n\t<meta name=\"twitter:data1\" content=\"1\u00a0Minute\" \/>\n<script type=\"application\/ld+json\" class=\"yoast-schema-graph\">{\"@context\":\"https:\/\/schema.org\",\"@graph\":[{\"@type\":\"WebPage\",\"@id\":\"https:\/\/glaserei-jonny-mueller.de\/?page_id=677\",\"url\":\"https:\/\/glaserei-jonny-mueller.de\/?page_id=677\",\"name\":\"Kunststofffenster - Glaserei Jonny W. M\u00fcller GmbH\",\"isPartOf\":{\"@id\":\"https:\/\/glaserei-jonny-mueller.de\/#website\"},\"primaryImageOfPage\":{\"@id\":\"https:\/\/glaserei-jonny-mueller.de\/?page_id=677#primaryimage\"},\"image\":{\"@id\":\"https:\/\/glaserei-jonny-mueller.de\/?page_id=677#primaryimage\"},\"thumbnailUrl\":\"http:\/\/media.seitenbox.de\/p\/700\/images\/big\/4e5e0e16-3cd0-4b7c-843c-277f57e62c34.jpg\",\"datePublished\":\"2021-03-12T10:02:46+00:00\",\"dateModified\":\"2021-03-12T10:05:11+00:00\",\"breadcrumb\":{\"@id\":\"https:\/\/glaserei-jonny-mueller.de\/?page_id=677#breadcrumb\"},\"inLanguage\":\"de\",\"potentialAction\":[{\"@type\":\"ReadAction\",\"target\":[\"https:\/\/glaserei-jonny-mueller.de\/?page_id=677\"]}]},{\"@type\":\"ImageObject\",\"inLanguage\":\"de\",\"@id\":\"https:\/\/glaserei-jonny-mueller.de\/?page_id=677#primaryimage\",\"url\":\"http:\/\/media.seitenbox.de\/p\/700\/images\/big\/4e5e0e16-3cd0-4b7c-843c-277f57e62c34.jpg\",\"contentUrl\":\"http:\/\/media.seitenbox.de\/p\/700\/images\/big\/4e5e0e16-3cd0-4b7c-843c-277f57e62c34.jpg\"},{\"@type\":\"BreadcrumbList\",\"@id\":\"https:\/\/glaserei-jonny-mueller.de\/?page_id=677#breadcrumb\",\"itemListElement\":[{\"@type\":\"ListItem\",\"position\":1,\"name\":\"Startseite\",\"item\":\"https:\/\/glaserei-jonny-mueller.de\/\"},{\"@type\":\"ListItem\",\"position\":2,\"name\":\"Kunststofffenster\"}]},{\"@type\":\"WebSite\",\"@id\":\"https:\/\/glaserei-jonny-mueller.de\/#website\",\"url\":\"https:\/\/glaserei-jonny-mueller.de\/\",\"name\":\"Glaserei Jonny W. M\u00fcller GmbH\",\"description\":\"Ein Fall f\u00fcr Jonny\",\"publisher\":{\"@id\":\"https:\/\/glaserei-jonny-mueller.de\/#organization\"},\"potentialAction\":[{\"@type\":\"SearchAction\",\"target\":{\"@type\":\"EntryPoint\",\"urlTemplate\":\"https:\/\/glaserei-jonny-mueller.de\/?s={search_term_string}\"},\"query-input\":{\"@type\":\"PropertyValueSpecification\",\"valueRequired\":true,\"valueName\":\"search_term_string\"}}],\"inLanguage\":\"de\"},{\"@type\":\"Organization\",\"@id\":\"https:\/\/glaserei-jonny-mueller.de\/#organization\",\"name\":\"hanseatische baudienstleistungs GmbH\",\"url\":\"https:\/\/glaserei-jonny-mueller.de\/\",\"logo\":{\"@type\":\"ImageObject\",\"inLanguage\":\"de\",\"@id\":\"https:\/\/glaserei-jonny-mueller.de\/#\/schema\/logo\/image\/\",\"url\":\"\",\"contentUrl\":\"\",\"caption\":\"hanseatische baudienstleistungs GmbH\"},\"image\":{\"@id\":\"https:\/\/glaserei-jonny-mueller.de\/#\/schema\/logo\/image\/\"}}]}<\/script>\n<!-- \/ Yoast SEO plugin. -->","yoast_head_json":{"title":"Kunststofffenster - Glaserei Jonny W. M\u00fcller GmbH","robots":{"index":"index","follow":"follow","max-snippet":"max-snippet:-1","max-image-preview":"max-image-preview:large","max-video-preview":"max-video-preview:-1"},"canonical":"https:\/\/glaserei-jonny-mueller.de\/?page_id=677","og_locale":"de_DE","og_type":"article","og_title":"Kunststofffenster - Glaserei Jonny W. M\u00fcller GmbH","og_description":"Kunststofffenster Diese Fenster sind eine gute Wahl f\u00fcr Ihr Zuhause. Es entsteht kaum ein W\u00e4rmeverlust, da sie doppelwandig sind. Ein Kunststofffenster schlie\u00dft im Vergleich zum Holzfenster luftdicht ab. Das erfordert allerdings regelm\u00e4\u00dfiges L\u00fcften. Sie werden angenehme \u00fcberrascht sein, wie leicht sich diese Fenster reinigen und pflegen lassen und wie positiv sie sich auf die Energiebilanz ... Weiterlesen ...","og_url":"https:\/\/glaserei-jonny-mueller.de\/?page_id=677","og_site_name":"Glaserei Jonny W. M\u00fcller GmbH","article_modified_time":"2021-03-12T10:05:11+00:00","og_image":[{"url":"http:\/\/media.seitenbox.de\/p\/700\/images\/big\/4e5e0e16-3cd0-4b7c-843c-277f57e62c34.jpg","type":"","width":"","height":""}],"twitter_card":"summary_large_image","twitter_misc":{"Gesch\u00e4tzte Lesezeit":"1\u00a0Minute"},"schema":{"@context":"https:\/\/schema.org","@graph":[{"@type":"WebPage","@id":"https:\/\/glaserei-jonny-mueller.de\/?page_id=677","url":"https:\/\/glaserei-jonny-mueller.de\/?page_id=677","name":"Kunststofffenster - Glaserei Jonny W. M\u00fcller GmbH","isPartOf":{"@id":"https:\/\/glaserei-jonny-mueller.de\/#website"},"primaryImageOfPage":{"@id":"https:\/\/glaserei-jonny-mueller.de\/?page_id=677#primaryimage"},"image":{"@id":"https:\/\/glaserei-jonny-mueller.de\/?page_id=677#primaryimage"},"thumbnailUrl":"http:\/\/media.seitenbox.de\/p\/700\/images\/big\/4e5e0e16-3cd0-4b7c-843c-277f57e62c34.jpg","datePublished":"2021-03-12T10:02:46+00:00","dateModified":"2021-03-12T10:05:11+00:00","breadcrumb":{"@id":"https:\/\/glaserei-jonny-mueller.de\/?page_id=677#breadcrumb"},"inLanguage":"de","potentialAction":[{"@type":"ReadAction","target":["https:\/\/glaserei-jonny-mueller.de\/?page_id=677"]}]},{"@type":"ImageObject","inLanguage":"de","@id":"https:\/\/glaserei-jonny-mueller.de\/?page_id=677#primaryimage","url":"http:\/\/media.seitenbox.de\/p\/700\/images\/big\/4e5e0e16-3cd0-4b7c-843c-277f57e62c34.jpg","contentUrl":"http:\/\/media.seitenbox.de\/p\/700\/images\/big\/4e5e0e16-3cd0-4b7c-843c-277f57e62c34.jpg"},{"@type":"BreadcrumbList","@id":"https:\/\/glaserei-jonny-mueller.de\/?page_id=677#breadcrumb","itemListElement":[{"@type":"ListItem","position":1,"name":"Startseite","item":"https:\/\/glaserei-jonny-mueller.de\/"},{"@type":"ListItem","position":2,"name":"Kunststofffenster"}]},{"@type":"WebSite","@id":"https:\/\/glaserei-jonny-mueller.de\/#website","url":"https:\/\/glaserei-jonny-mueller.de\/","name":"Glaserei Jonny W. M\u00fcller GmbH","description":"Ein Fall f\u00fcr Jonny","publisher":{"@id":"https:\/\/glaserei-jonny-mueller.de\/#organization"},"potentialAction":[{"@type":"SearchAction","target":{"@type":"EntryPoint","urlTemplate":"https:\/\/glaserei-jonny-mueller.de\/?s={search_term_string}"},"query-input":{"@type":"PropertyValueSpecification","valueRequired":true,"valueName":"search_term_string"}}],"inLanguage":"de"},{"@type":"Organization","@id":"https:\/\/glaserei-jonny-mueller.de\/#organization","name":"hanseatische baudienstleistungs GmbH","url":"https:\/\/glaserei-jonny-mueller.de\/","logo":{"@type":"ImageObject","inLanguage":"de","@id":"https:\/\/glaserei-jonny-mueller.de\/#\/schema\/logo\/image\/","url":"","contentUrl":"","caption":"hanseatische baudienstleistungs GmbH"},"image":{"@id":"https:\/\/glaserei-jonny-mueller.de\/#\/schema\/logo\/image\/"}}]}},"_links":{"self":[{"href":"https:\/\/glaserei-jonny-mueller.de\/index.php?rest_route=\/wp\/v2\/pages\/677","targetHints":{"allow":["GET"]}}],"collection":[{"href":"https:\/\/glaserei-jonny-mueller.de\/index.php?rest_route=\/wp\/v2\/pages"}],"about":[{"href":"https:\/\/glaserei-jonny-mueller.de\/index.php?rest_route=\/wp\/v2\/types\/page"}],"author":[{"embeddable":true,"href":"https:\/\/glaserei-jonny-mueller.de\/index.php?rest_route=\/wp\/v2\/users\/1"}],"replies":[{"embeddable":true,"href":"https:\/\/glaserei-jonny-mueller.de\/index.php?rest_route=%2Fwp%2Fv2%2Fcomments&post=677"}],"version-history":[{"count":2,"href":"https:\/\/glaserei-jonny-mueller.de\/index.php?rest_route=\/wp\/v2\/pages\/677\/revisions"}],"predecessor-version":[{"id":681,"href":"https:\/\/glaserei-jonny-mueller.de\/index.php?rest_route=\/wp\/v2\/pages\/677\/revisions\/681"}],"wp:attachment":[{"href":"https:\/\/glaserei-jonny-mueller.de\/index.php?rest_route=%2Fwp%2Fv2%2Fmedia&parent=677"}],"curies":[{"name":"wp","href":"https:\/\/api.w.org\/{rel}","templated":true}]}}