{"id":682,"date":"2021-03-12T10:07:12","date_gmt":"2021-03-12T10:07:12","guid":{"rendered":"https:\/\/wordpress.glaserei-jonny-mueller.de\/?page_id=682"},"modified":"2021-03-12T10:10:09","modified_gmt":"2021-03-12T10:10:09","slug":"haustueren","status":"publish","type":"page","link":"https:\/\/glaserei-jonny-mueller.de\/?page_id=682","title":{"rendered":"Haust\u00fcren"},"content":{"rendered":"<h1>Haust\u00fcren<\/h1>\n<style type=\"text\/css\" scoped>.rbs_gallery_69f2e1f39ff99Spinner{\r\n\t\t\t\tmargin: 50px auto;\r\n\t\t\t\twidth: 50px;\r\n\t\t\t\theight: 40px;\r\n\t\t\t\ttext-align: center;\r\n\t\t\t\tfont-size: 10px;\r\n\t\t\t}\r\n\t\t\t.rbs_gallery_69f2e1f39ff99Spinner > div{\r\n\t\t\t  background-color: #333;\r\n\t\t\t  height: 100%;\r\n\t\t\t  width: 6px;\r\n\t\t\t  display: inline-block;\r\n\t\t\t  -webkit-animation: rbs_gallery_69f2e1f39ff99-stretchdelay 1.2s infinite ease-in-out;\r\n\t\t\t  animation: rbs_gallery_69f2e1f39ff99-stretchdelay 1.2s infinite ease-in-out;\r\n\t\t\t}\r\n\t\t\t.rbs_gallery_69f2e1f39ff99Spinner .rbs_gallery_69f2e1f39ff99Rect2 {\r\n\t\t\t  -webkit-animation-delay: -1.1s;\r\n\t\t\t  animation-delay: -1.1s;\r\n\t\t\t}\r\n\t\t\t.rbs_gallery_69f2e1f39ff99Spinner .rbs_gallery_69f2e1f39ff99Rect3 {\r\n\t\t\t  -webkit-animation-delay: -1.0s;\r\n\t\t\t  animation-delay: -1.0s;\r\n\t\t\t}\r\n\t\t\t.rbs_gallery_69f2e1f39ff99Spinner .rbs_gallery_69f2e1f39ff99Rect4 {\r\n\t\t\t  -webkit-animation-delay: -0.9s;\r\n\t\t\t  animation-delay: -0.9s;\r\n\t\t\t}\r\n\t\t\t.rbs_gallery_69f2e1f39ff99Spinner .rbs_gallery_69f2e1f39ff99Rect5 {\r\n\t\t\t  -webkit-animation-delay: -0.8s;\r\n\t\t\t  animation-delay: -0.8s;\r\n\t\t\t}\r\n\t\t\t@-webkit-keyframes rbs_gallery_69f2e1f39ff99-stretchdelay {\r\n\t\t\t  0%, 40%, 100% { -webkit-transform: scaleY(0.4) }  \r\n\t\t\t  20% { -webkit-transform: scaleY(1.0) }\r\n\t\t\t}\r\n\t\t\t@keyframes rbs_gallery_69f2e1f39ff99-stretchdelay {\r\n\t\t\t  0%, 40%, 100% { \r\n\t\t\t    transform: scaleY(0.4);\r\n\t\t\t    -webkit-transform: scaleY(0.4);\r\n\t\t\t  }  20% { \r\n\t\t\t    transform: scaleY(1.0);\r\n\t\t\t    -webkit-transform: scaleY(1.0);\r\n\t\t\t  }\r\n\t\t\t}\r\n\t\t<\/style><div class=\"robo-gallery-wrap robo-gallery-wrap-id685 robo-gallery-mosaic\"><div id=\"rbs_gallery_69f2e1f39ff99-block-loader\" class=\"rbs_gallery_69f2e1f39ff99Spinner\"><div class=\"rbs_gallery_69f2e1f39ff99Rect1\"><\/div> <div class=\"rbs_gallery_69f2e1f39ff99Rect2\"><\/div> <div class=\"rbs_gallery_69f2e1f39ff99Rect3\"><\/div> <div class=\"rbs_gallery_69f2e1f39ff99Rect4\"><\/div> <div class=\"rbs_gallery_69f2e1f39ff99Rect5\"><\/div><\/div><div id=\"robo_gallery_main_block_rbs_gallery_69f2e1f39ff99\" class=\"robogallery-gallery-685\" style=\"width:100%;  display: none;\"><div id=\"rbs_gallery_69f2e1f39ff99\" data-options=\"rbs_gallery_69f2e1f39ff99\" style=\"width:100%;\" class=\"robo_gallery  \"><div class=\"rbs-img  category685 \"  data-columns=\"4\" ><div class=\"rbs-img-image   rbs-lightbox \" ><div class=\"rbs-img-thumbs\"  data-thumbnail=\"https:\/\/glaserei-jonny-mueller.de\/wp-content\/uploads\/2021\/03\/Haustuer-rot-1-768x1024.jpg\"  title=\"Haust\u00fcr rot\"  data-width=\"768\"  data-height=\"1024\" ><\/div><div class=\"rbs-img-data-popup\"  data-popup=\"https:\/\/glaserei-jonny-mueller.de\/wp-content\/uploads\/2021\/03\/Haustuer-rot-1-scaled.jpg\"  title=\"Haust\u00fcr rot\" ><\/div><div class=\"thumbnail-overlay\"><div class=\"rbsIcons\"><i class=\"fa fa-image rbsZoomIcon \" ><\/i><\/div><\/div><\/div><\/div><div class=\"rbs-img  category685 \" ><div class=\"rbs-img-image   rbs-lightbox \" ><div class=\"rbs-img-thumbs\"  data-thumbnail=\"https:\/\/glaserei-jonny-mueller.de\/wp-content\/uploads\/2021\/03\/Haustuer-weiss-1-1-768x1024.jpg\"  title=\"Haust\u00fcr wei\u00df 1\"  data-width=\"768\"  data-height=\"1024\" ><\/div><div class=\"rbs-img-data-popup\"  data-popup=\"https:\/\/glaserei-jonny-mueller.de\/wp-content\/uploads\/2021\/03\/Haustuer-weiss-1-1-scaled.jpg\"  title=\"Haust\u00fcr wei\u00df 1\" ><\/div><div class=\"thumbnail-overlay\"><div class=\"rbsIcons\"><i class=\"fa fa-image rbsZoomIcon \" ><\/i><\/div><\/div><\/div><\/div><div class=\"rbs-img  category685 \" ><div class=\"rbs-img-image   rbs-lightbox \" ><div class=\"rbs-img-thumbs\"  data-thumbnail=\"https:\/\/glaserei-jonny-mueller.de\/wp-content\/uploads\/2021\/03\/Haustuer-grau-1-768x1024.jpg\"  title=\"Haust\u00fcr grau\"  data-width=\"768\"  data-height=\"1024\" ><\/div><div class=\"rbs-img-data-popup\"  data-popup=\"https:\/\/glaserei-jonny-mueller.de\/wp-content\/uploads\/2021\/03\/Haustuer-grau-1-scaled.jpg\"  title=\"Haust\u00fcr grau\" ><\/div><div class=\"thumbnail-overlay\"><div class=\"rbsIcons\"><i class=\"fa fa-image rbsZoomIcon \" ><\/i><\/div><\/div><\/div><\/div><\/div><\/div><\/div><script>var rbs_gallery_69f2e1f39ff99 = {\"version\":\"3.0.5\",\"id\":685,\"class\":\"id685\",\"roboGalleryDelay\":1000,\"mainContainer\":\"#robo_gallery_main_block_rbs_gallery_69f2e1f39ff99\",\"columnWidth\":\"auto\",\"columns\":8,\"resolutions\":[{\"columnWidth\":\"auto\",\"columns\":3,\"maxWidth\":960},{\"columnWidth\":\"auto\",\"columns\":2,\"maxWidth\":650},{\"columnWidth\":\"auto\",\"columns\":1,\"maxWidth\":450}],\"loadingContainer\":\"#rbs_gallery_69f2e1f39ff99-block-loader\",\"deepLinking\":null,\"lightboxOptions\":{\"gallery\":{\"enabled\":true,\"tCounter\":\"%curr% of %total%\"}},\"borderSize\":5,\"overlayEffect\":\"direction-aware-fade\",\"boxesToLoadStart\":20,\"boxesToLoad\":8,\"lazyLoad\":1,\"waitUntilThumbLoads\":1,\"waitForAllThumbsNoMatterWhat\":null,\"LoadingWord\":\"Loading...\",\"loadMoreWord\":\"Load More\",\"noMoreEntriesWord\":\"No More Entries\",\"horizontalSpaceBetweenBoxes\":15,\"verticalSpaceBetweenBoxes\":15,\"wrapContainer\":\"#robo-gallery-wrap-rbs_gallery_69f2e1f39ff99\"};<\/script>\n<p><a href=\"https:\/\/www.drinkuth.de\/\" target=\"_blank\" rel=\"noopener\"><strong>Drinkuth<\/strong><\/a><\/p>\n","protected":false},"excerpt":{"rendered":"<p>Haust\u00fcren Drinkuth<\/p>\n","protected":false},"author":1,"featured_media":0,"parent":0,"menu_order":0,"comment_status":"closed","ping_status":"closed","template":"","meta":{"footnotes":""},"class_list":["post-682","page","type-page","status-publish"],"yoast_head":"<!-- This site is optimized with the Yoast SEO plugin v26.8 - https:\/\/yoast.com\/product\/yoast-seo-wordpress\/ -->\n<title>Haust\u00fcren - Glaserei Jonny W. M\u00fcller GmbH<\/title>\n<meta name=\"robots\" content=\"index, follow, max-snippet:-1, max-image-preview:large, max-video-preview:-1\" \/>\n<link rel=\"canonical\" href=\"https:\/\/glaserei-jonny-mueller.de\/?page_id=682\" \/>\n<meta property=\"og:locale\" content=\"de_DE\" \/>\n<meta property=\"og:type\" content=\"article\" \/>\n<meta property=\"og:title\" content=\"Haust\u00fcren - Glaserei Jonny W. M\u00fcller GmbH\" \/>\n<meta property=\"og:description\" content=\"Haust\u00fcren Drinkuth\" \/>\n<meta property=\"og:url\" content=\"https:\/\/glaserei-jonny-mueller.de\/?page_id=682\" \/>\n<meta property=\"og:site_name\" content=\"Glaserei Jonny W. M\u00fcller GmbH\" \/>\n<meta property=\"article:modified_time\" content=\"2021-03-12T10:10:09+00:00\" \/>\n<meta name=\"twitter:card\" content=\"summary_large_image\" \/>\n<meta name=\"twitter:label1\" content=\"Gesch\u00e4tzte Lesezeit\" \/>\n\t<meta name=\"twitter:data1\" content=\"1\u00a0Minute\" \/>\n<script type=\"application\/ld+json\" class=\"yoast-schema-graph\">{\"@context\":\"https:\/\/schema.org\",\"@graph\":[{\"@type\":\"WebPage\",\"@id\":\"https:\/\/glaserei-jonny-mueller.de\/?page_id=682\",\"url\":\"https:\/\/glaserei-jonny-mueller.de\/?page_id=682\",\"name\":\"Haust\u00fcren - Glaserei Jonny W. M\u00fcller GmbH\",\"isPartOf\":{\"@id\":\"https:\/\/glaserei-jonny-mueller.de\/#website\"},\"datePublished\":\"2021-03-12T10:07:12+00:00\",\"dateModified\":\"2021-03-12T10:10:09+00:00\",\"breadcrumb\":{\"@id\":\"https:\/\/glaserei-jonny-mueller.de\/?page_id=682#breadcrumb\"},\"inLanguage\":\"de\",\"potentialAction\":[{\"@type\":\"ReadAction\",\"target\":[\"https:\/\/glaserei-jonny-mueller.de\/?page_id=682\"]}]},{\"@type\":\"BreadcrumbList\",\"@id\":\"https:\/\/glaserei-jonny-mueller.de\/?page_id=682#breadcrumb\",\"itemListElement\":[{\"@type\":\"ListItem\",\"position\":1,\"name\":\"Startseite\",\"item\":\"https:\/\/glaserei-jonny-mueller.de\/\"},{\"@type\":\"ListItem\",\"position\":2,\"name\":\"Haust\u00fcren\"}]},{\"@type\":\"WebSite\",\"@id\":\"https:\/\/glaserei-jonny-mueller.de\/#website\",\"url\":\"https:\/\/glaserei-jonny-mueller.de\/\",\"name\":\"Glaserei Jonny W. M\u00fcller GmbH\",\"description\":\"Ein Fall f\u00fcr Jonny\",\"publisher\":{\"@id\":\"https:\/\/glaserei-jonny-mueller.de\/#organization\"},\"potentialAction\":[{\"@type\":\"SearchAction\",\"target\":{\"@type\":\"EntryPoint\",\"urlTemplate\":\"https:\/\/glaserei-jonny-mueller.de\/?s={search_term_string}\"},\"query-input\":{\"@type\":\"PropertyValueSpecification\",\"valueRequired\":true,\"valueName\":\"search_term_string\"}}],\"inLanguage\":\"de\"},{\"@type\":\"Organization\",\"@id\":\"https:\/\/glaserei-jonny-mueller.de\/#organization\",\"name\":\"hanseatische baudienstleistungs GmbH\",\"url\":\"https:\/\/glaserei-jonny-mueller.de\/\",\"logo\":{\"@type\":\"ImageObject\",\"inLanguage\":\"de\",\"@id\":\"https:\/\/glaserei-jonny-mueller.de\/#\/schema\/logo\/image\/\",\"url\":\"\",\"contentUrl\":\"\",\"caption\":\"hanseatische baudienstleistungs GmbH\"},\"image\":{\"@id\":\"https:\/\/glaserei-jonny-mueller.de\/#\/schema\/logo\/image\/\"}}]}<\/script>\n<!-- \/ Yoast SEO plugin. -->","yoast_head_json":{"title":"Haust\u00fcren - Glaserei Jonny W. M\u00fcller GmbH","robots":{"index":"index","follow":"follow","max-snippet":"max-snippet:-1","max-image-preview":"max-image-preview:large","max-video-preview":"max-video-preview:-1"},"canonical":"https:\/\/glaserei-jonny-mueller.de\/?page_id=682","og_locale":"de_DE","og_type":"article","og_title":"Haust\u00fcren - Glaserei Jonny W. M\u00fcller GmbH","og_description":"Haust\u00fcren Drinkuth","og_url":"https:\/\/glaserei-jonny-mueller.de\/?page_id=682","og_site_name":"Glaserei Jonny W. M\u00fcller GmbH","article_modified_time":"2021-03-12T10:10:09+00:00","twitter_card":"summary_large_image","twitter_misc":{"Gesch\u00e4tzte Lesezeit":"1\u00a0Minute"},"schema":{"@context":"https:\/\/schema.org","@graph":[{"@type":"WebPage","@id":"https:\/\/glaserei-jonny-mueller.de\/?page_id=682","url":"https:\/\/glaserei-jonny-mueller.de\/?page_id=682","name":"Haust\u00fcren - Glaserei Jonny W. M\u00fcller GmbH","isPartOf":{"@id":"https:\/\/glaserei-jonny-mueller.de\/#website"},"datePublished":"2021-03-12T10:07:12+00:00","dateModified":"2021-03-12T10:10:09+00:00","breadcrumb":{"@id":"https:\/\/glaserei-jonny-mueller.de\/?page_id=682#breadcrumb"},"inLanguage":"de","potentialAction":[{"@type":"ReadAction","target":["https:\/\/glaserei-jonny-mueller.de\/?page_id=682"]}]},{"@type":"BreadcrumbList","@id":"https:\/\/glaserei-jonny-mueller.de\/?page_id=682#breadcrumb","itemListElement":[{"@type":"ListItem","position":1,"name":"Startseite","item":"https:\/\/glaserei-jonny-mueller.de\/"},{"@type":"ListItem","position":2,"name":"Haust\u00fcren"}]},{"@type":"WebSite","@id":"https:\/\/glaserei-jonny-mueller.de\/#website","url":"https:\/\/glaserei-jonny-mueller.de\/","name":"Glaserei Jonny W. M\u00fcller GmbH","description":"Ein Fall f\u00fcr Jonny","publisher":{"@id":"https:\/\/glaserei-jonny-mueller.de\/#organization"},"potentialAction":[{"@type":"SearchAction","target":{"@type":"EntryPoint","urlTemplate":"https:\/\/glaserei-jonny-mueller.de\/?s={search_term_string}"},"query-input":{"@type":"PropertyValueSpecification","valueRequired":true,"valueName":"search_term_string"}}],"inLanguage":"de"},{"@type":"Organization","@id":"https:\/\/glaserei-jonny-mueller.de\/#organization","name":"hanseatische baudienstleistungs GmbH","url":"https:\/\/glaserei-jonny-mueller.de\/","logo":{"@type":"ImageObject","inLanguage":"de","@id":"https:\/\/glaserei-jonny-mueller.de\/#\/schema\/logo\/image\/","url":"","contentUrl":"","caption":"hanseatische baudienstleistungs GmbH"},"image":{"@id":"https:\/\/glaserei-jonny-mueller.de\/#\/schema\/logo\/image\/"}}]}},"_links":{"self":[{"href":"https:\/\/glaserei-jonny-mueller.de\/index.php?rest_route=\/wp\/v2\/pages\/682","targetHints":{"allow":["GET"]}}],"collection":[{"href":"https:\/\/glaserei-jonny-mueller.de\/index.php?rest_route=\/wp\/v2\/pages"}],"about":[{"href":"https:\/\/glaserei-jonny-mueller.de\/index.php?rest_route=\/wp\/v2\/types\/page"}],"author":[{"embeddable":true,"href":"https:\/\/glaserei-jonny-mueller.de\/index.php?rest_route=\/wp\/v2\/users\/1"}],"replies":[{"embeddable":true,"href":"https:\/\/glaserei-jonny-mueller.de\/index.php?rest_route=%2Fwp%2Fv2%2Fcomments&post=682"}],"version-history":[{"count":2,"href":"https:\/\/glaserei-jonny-mueller.de\/index.php?rest_route=\/wp\/v2\/pages\/682\/revisions"}],"predecessor-version":[{"id":689,"href":"https:\/\/glaserei-jonny-mueller.de\/index.php?rest_route=\/wp\/v2\/pages\/682\/revisions\/689"}],"wp:attachment":[{"href":"https:\/\/glaserei-jonny-mueller.de\/index.php?rest_route=%2Fwp%2Fv2%2Fmedia&parent=682"}],"curies":[{"name":"wp","href":"https:\/\/api.w.org\/{rel}","templated":true}]}}